{"id":11660,"date":"2020-05-04T15:35:12","date_gmt":"2020-05-04T15:35:12","guid":{"rendered":"https:\/\/irkom.rs\/product\/boje-baze-vaji-per-dru\/"},"modified":"2025-07-02T18:16:06","modified_gmt":"2025-07-02T18:16:06","slug":"boje-baze-vaji-per-dru","status":"publish","type":"product","link":"https:\/\/irkom.rs\/sq\/product\/boje-baze-vaji-per-dru\/","title":{"rendered":"Boj\u00eb baz\u00eb vaji p\u00ebr dru"},"content":{"rendered":"<p>[et_pb_section fb_built=&#8221;1&#8243; _builder_version=&#8221;4.16&#8243; use_background_color_gradient=&#8221;on&#8221; background_color_gradient_direction=&#8221;0deg&#8221; background_color_gradient_stops=&#8221;rgba(255,255,255,0.19) 0%|rgba(255,255,255,0) 100%&#8221; background_color_gradient_overlays_image=&#8221;on&#8221; background_color_gradient_start=&#8221;rgba(255,255,255,0.19)&#8221; background_color_gradient_end=&#8221;rgba(255,255,255,0)&#8221; background_image=&#8221;https:\/\/irkom.rs\/wp-content\/uploads\/2020\/05\/Uljana_boja_header.jpg&#8221; vertical_offset=&#8221;-45px&#8221; max_height_last_edited=&#8221;off|desktop&#8221; custom_padding=&#8221;||||false|false&#8221; da_disable_devices=&#8221;off|off|off&#8221; global_colors_info=&#8221;{}&#8221; da_is_popup=&#8221;off&#8221; da_exit_intent=&#8221;off&#8221; da_has_close=&#8221;on&#8221; da_alt_close=&#8221;off&#8221; da_dark_close=&#8221;off&#8221; da_not_modal=&#8221;on&#8221; da_is_singular=&#8221;off&#8221; da_with_loader=&#8221;off&#8221; da_has_shadow=&#8221;on&#8221;][et_pb_row column_structure=&#8221;1_3,2_3&#8243; _builder_version=&#8221;4.16&#8243; custom_margin=&#8221;||||false|false&#8221; global_colors_info=&#8221;{}&#8221;][et_pb_column type=&#8221;1_3&#8243; _builder_version=&#8221;4.16&#8243; global_colors_info=&#8221;{}&#8221;][et_pb_image src=&#8221;https:\/\/irkom.rs\/wp-content\/uploads\/2020\/05\/uljana-12.png&#8221; alt=&#8221;Boj\u00eb me baz\u00eb vaji Irkom p\u00ebr dru&#8221; title_text=&#8221;Boj\u00eb druri me baz\u00eb vaji&#8221; align=&#8221;center&#8221; _builder_version=&#8221;4.27.4&#8243; width_tablet=&#8221;&#8221; width_phone=&#8221;75%&#8221; width_last_edited=&#8221;on|phone&#8221; max_width=&#8221;80%&#8221; max_width_tablet=&#8221;&#8221; max_width_phone=&#8221;75%&#8221; max_width_last_edited=&#8221;on|phone&#8221; custom_margin=&#8221;||-50%||false|false&#8221; custom_margin_tablet=&#8221;||-50%||false|false&#8221; custom_margin_phone=&#8221;||-200px||false|false&#8221; custom_margin_last_edited=&#8221;on|phone&#8221; custom_padding=&#8221;||||false|false&#8221; global_colors_info=&#8221;{}&#8221;][\/et_pb_image][\/et_pb_column][et_pb_column type=&#8221;2_3&#8243; _builder_version=&#8221;4.16&#8243; global_colors_info=&#8221;{}&#8221;][et_pb_text content_tablet=&#8221;<\/p>\n<h2><strong>BOJ\u00cb VAJI<\/strong><strong><\/strong><\/h2>\n<h3><strong>ABATERI P\u00cbR DRU<br \/> <\/strong><\/h3>\n<p>&#8221; content_phone=&#8221;<\/p>\n<h2><strong>BOJ\u00cb VAJI<\/strong><strong><\/strong><\/h2>\n<h3><strong>ABATERI P\u00cbR DRU<br \/><\/strong><\/h3>\n<p>&#8221; content_last_edited=&#8221;on|phone&#8221; disabled_on=&#8221;on|on|off&#8221; _builder_version=&#8221;4.16&#8243; text_font_size=&#8221;18px&#8221; header_text_color=&#8221;#000000&#8243; header_font_size=&#8221;70px&#8221; header_2_text_color=&#8221;#000000&#8243; header_2_font_size=&#8221;50px&#8221; header_3_text_color=&#8221;#000000&#8243; custom_margin=&#8221;||-50%||false|false&#8221; custom_margin_tablet=&#8221;&#8221; custom_margin_phone=&#8221;||||false|false&#8221; custom_margin_last_edited=&#8221;on|phone&#8221; custom_padding=&#8221;100px||||false|false&#8221; custom_padding_tablet=&#8221;&#8221; custom_padding_phone=&#8221;&#8221; custom_padding_last_edited=&#8221;on|tablet&#8221; header_text_align_tablet=&#8221;center&#8221; header_text_align_phone=&#8221;center&#8221; header_text_align_last_edited=&#8221;on|phone&#8221; header_2_text_align_tablet=&#8221;center&#8221; header_2_text_align_phone=&#8221;&#8221; header_2_text_align_last_edited=&#8221;on|tablet&#8221; header_3_text_align_tablet=&#8221;center&#8221; header_3_text_align_phone=&#8221;&#8221; header_3_text_align_last_edited=&#8221;on|phone&#8221; global_colors_info=&#8221;{}&#8221;]<\/p>\n<h1><strong>BOJ\u00cb VAJI<\/strong><strong><\/strong><\/h1>\n<h3><strong>ABATERI P\u00cbR DRU<br \/> <\/strong><\/h3>\n<p>[\/et_pb_text][\/et_pb_column][\/et_pb_row][\/et_pb_section][et_pb_section fb_built=&#8221;1&#8243; specialty=&#8221;on&#8221; _builder_version=&#8221;4.16&#8243; custom_padding=&#8221;0px|||||&#8221; da_disable_devices=&#8221;off|off|off&#8221; global_colors_info=&#8221;{}&#8221; da_is_popup=&#8221;off&#8221; da_exit_intent=&#8221;off&#8221; da_has_close=&#8221;on&#8221; da_alt_close=&#8221;off&#8221; da_dark_close=&#8221;off&#8221; da_not_modal=&#8221;on&#8221; da_is_singular=&#8221;off&#8221; da_with_loader=&#8221;off&#8221; da_has_shadow=&#8221;on&#8221;][et_pb_column type=&#8221;1_3&#8243; _builder_version=&#8221;4.16&#8243; custom_padding=&#8221;|||&#8221; global_colors_info=&#8221;{}&#8221; custom_padding__hover=&#8221;|||&#8221;][et_pb_text content_tablet=&#8221;<\/p>\n<h2><strong>BOJ\u00cb VAJI<\/strong><strong><\/strong><\/h2>\n<h3><strong>ABATERI P\u00cbR DRU<br \/> <\/strong><\/h3>\n<p>&#8221; content_phone=&#8221;<\/p>\n<h2><strong>BOJ\u00cb VAJI<\/strong><strong><\/strong><\/h2>\n<h3><strong>ABATERI P\u00cbR DRU<br \/> <\/strong><\/h3>\n<p>&#8221; content_last_edited=&#8221;on|phone&#8221; disabled_on=&#8221;off|off|on&#8221; _builder_version=&#8221;4.16&#8243; text_font_size=&#8221;18px&#8221; header_text_color=&#8221;#ffffff&#8221; header_font_size=&#8221;70px&#8221; header_2_text_color=&#8221;#000000&#8243; header_2_font_size=&#8221;50px&#8221; header_3_text_color=&#8221;#000000&#8243; custom_margin=&#8221;||||false|false&#8221; custom_margin_tablet=&#8221;&#8221; custom_margin_phone=&#8221;||||false|false&#8221; custom_margin_last_edited=&#8221;on|phone&#8221; custom_padding=&#8221;||||false|false&#8221; custom_padding_tablet=&#8221;40%||||false|false&#8221; custom_padding_phone=&#8221;75px||||false|false&#8221; custom_padding_last_edited=&#8221;on|phone&#8221; header_text_align_tablet=&#8221;center&#8221; header_text_align_phone=&#8221;center&#8221; header_text_align_last_edited=&#8221;on|phone&#8221; header_2_text_align_tablet=&#8221;center&#8221; header_2_text_align_phone=&#8221;&#8221; header_2_text_align_last_edited=&#8221;on|tablet&#8221; header_3_text_align_tablet=&#8221;center&#8221; header_3_text_align_phone=&#8221;&#8221; header_3_text_align_last_edited=&#8221;on|phone&#8221; global_colors_info=&#8221;{}&#8221;]<\/p>\n<h1><strong>BOJ\u00cb VAJI<\/strong><strong><\/strong><\/h1>\n<h3><strong>ABATERI P\u00cbR DRU<br \/> <\/strong><\/h3>\n<p>[\/et_pb_text][et_pb_image src=&#8221;https:\/\/irkom.rs\/wp-content\/uploads\/2020\/11\/Uljana-boja-za-drvo-piktogrami-1.png&#8221; title_text=&#8221;Piktograme me boj\u00eb vaji p\u00ebr dru&#8221; _builder_version=&#8221;4.16&#8243; _module_preset=&#8221;default&#8221; global_colors_info=&#8221;{}&#8221;][\/et_pb_image][\/et_pb_column][et_pb_column type=&#8221;2_3&#8243; specialty_columns=&#8221;2&#8243; _builder_version=&#8221;4.16&#8243; custom_padding=&#8221;|||&#8221; global_colors_info=&#8221;{}&#8221; custom_padding__hover=&#8221;|||&#8221;][et_pb_row_inner _builder_version=&#8221;4.16&#8243; global_colors_info=&#8221;{}&#8221;][et_pb_column_inner saved_specialty_column_type=&#8221;2_3&#8243; _builder_version=&#8221;4.16&#8243; global_colors_info=&#8221;{}&#8221;][et_pb_tabs _builder_version=&#8221;4.27.4&#8243; custom_margin=&#8221;||1px|||&#8221; custom_padding_tablet=&#8221;&#8221; custom_padding_phone=&#8221;|0px||0px|false|false&#8221; custom_padding_last_edited=&#8221;on|phone&#8221; hover_enabled=&#8221;0&#8243; body_text_align_tablet=&#8221;&#8221; body_text_align_phone=&#8221;left&#8221; body_text_align_last_edited=&#8221;on|phone&#8221; border_width_all=&#8221;0px&#8221; global_colors_info=&#8221;{}&#8221; sticky_enabled=&#8221;0&#8243;][et_pb_tab title=&#8221;P\u00cbRSHKRIMI&#8221; _builder_version=&#8221;4.16&#8243; global_colors_info=&#8221;{}&#8221;]<\/p>\n<p><strong>BOJA ME VAJ p\u00ebr dru<\/strong> \u00ebsht\u00eb b\u00ebr\u00eb nga rr\u00ebshira alkide, pigmente, mbush\u00ebs, aditiv\u00eb me shtimin e tret\u00ebsve. P\u00ebrdoret si baz\u00eb (ngjyr\u00eb baz\u00eb) n\u00eb dru para veshjeve t\u00eb p\u00ebrfunduara. Ka funksionin e mbushjes s\u00eb poreve dhe pabarazive t\u00eb drurit, duke mund\u00ebsuar l\u00ebmimin e leht\u00eb t\u00eb drurit dhe ngjitjen e veshjeve t\u00eb sip\u00ebrme me baz\u00eb vaji. \u00cbsht\u00eb n\u00eb dispozicion n\u00eb t\u00eb bardh\u00eb.   <\/p>\n<p>[\/et_pb_tab][et_pb_tab title=&#8221;APLIKACION&#8221; _builder_version=&#8221;4.27.4&#8243; hover_enabled=&#8221;0&#8243; global_colors_info=&#8221;{}&#8221; sticky_enabled=&#8221;0&#8243;]<\/p>\n<p>P\u00ebrzieni mir\u00eb boj\u00ebn para p\u00ebrdorimit, pastroni sip\u00ebrfaqen dhe mbushni pabarazin\u00eb me stuko dhe l\u00ebmoni pak para se t\u00eb aplikoni boj\u00ebn. Hollohet me hollues irlandez me vaj 5%. Boja aplikohet n\u00eb dy shtresa, me fur\u00e7\u00eb ose pistolet\u00eb, dhe koha e tharjes midis dy shtresave \u00ebsht\u00eb 12-24 or\u00eb. Smalti universal Sintex p\u00ebrdoret si shtres\u00eb p\u00ebrfundimtare, nd\u00ebrsa nuk rekomandohet p\u00ebrdorimi i smalteve me baz\u00eb nitro si shtres\u00eb p\u00ebrfundimtare.   <\/p>\n<p>[\/et_pb_tab][et_pb_tab title=&#8221;INFORMACION&#8221; _builder_version=&#8221;4.16&#8243; global_colors_info=&#8221;{}&#8221;]<\/p>\n<p><strong>Temperatura e aplikimit:<\/strong> +10\u00b0C deri n\u00eb +30\u00b0C. Nuk lejohet<br \/> p\u00ebrdoreni n\u00eb rvv m\u00eb t\u00eb lart\u00eb se 80%, si dhe n\u00eb rrezet e forta t\u00eb diellit,<br \/> er\u00eb, mjegull dhe shi.<br \/> <strong>Konsumi:<\/strong> 150 g\/m\u00b2<br \/> <strong>Afati i ruajtjes:<\/strong> 36 muaj<br \/> <strong>Ruajtja:<\/strong> +5\u00b0C deri n\u00eb +30\u00b0C. Mbrojeni nga lag\u00ebshtia.  <\/p>\n<ul>\n<li>N\u00eb var\u00ebsi t\u00eb temperatur\u00ebs, thahet n\u00eb pluhur n\u00eb 1.5-2 or\u00eb, dhe plot\u00ebsisht n\u00eb 24 or\u00eb<\/li>\n<li>P\u00ebrdoret si astar p\u00ebr smaltet sintetike p\u00ebrfundimtare.<\/li>\n<li>Madh\u00ebsit\u00eb e paketimit: 0.75l, 20kg<\/li>\n<\/ul>\n<p>&nbsp;<\/p>\n<p>[\/et_pb_tab][\/et_pb_tabs][\/et_pb_column_inner][\/et_pb_row_inner][et_pb_row_inner column_structure=&#8221;1_2,1_2&#8243; use_custom_gutter=&#8221;on&#8221; gutter_width=&#8221;2&#8243; _builder_version=&#8221;4.16&#8243; global_colors_info=&#8221;{}&#8221;][et_pb_column_inner type=&#8221;1_2&#8243; saved_specialty_column_type=&#8221;2_3&#8243; _builder_version=&#8221;4.16&#8243; global_colors_info=&#8221;{}&#8221;][et_pb_blurb title=&#8221;Flet\u00ebt e t\u00eb dh\u00ebnave teknike&#8221; use_icon=&#8221;on&#8221; font_icon=&#8221;&#x69;||divi||400&#8243; icon_color=&#8221;#969696&#8243; image_icon_width=&#8221;40px&#8221; icon_placement_tablet=&#8221;&#8221; icon_placement_phone=&#8221;&#8221; icon_placement_last_edited=&#8221;on|phone&#8221; image_icon_width_tablet=&#8221;40px&#8221; image_icon_width_phone=&#8221;40px&#8221; image_icon_width_last_edited=&#8221;on|phone&#8221; content_max_width_tablet=&#8221;&#8221; content_max_width_phone=&#8221;&#8221; content_max_width_last_edited=&#8221;on|phone&#8221; admin_label=&#8221;Teh list&#8221; _builder_version=&#8221;4.17.4&#8243; header_font=&#8221;|||on|||||&#8221; header_font_size=&#8221;20px&#8221; background_color=&#8221;#020000&#8243; use_background_color_gradient=&#8221;on&#8221; background_color_gradient_type=&#8221;circular&#8221; background_color_gradient_direction_radial=&#8221;left&#8221; background_color_gradient_stops=&#8221;#b7b7b7 0%|#eaeaea 100%&#8221; background_color_gradient_start=&#8221;#b7b7b7&#8243; background_color_gradient_end=&#8221;#eaeaea&#8221; image_icon_custom_padding_tablet=&#8221;&#8221; image_icon_custom_padding_phone=&#8221;&#8221; image_icon_custom_padding_last_edited=&#8221;on|phone&#8221; transform_scale_tablet=&#8221;&#8221; transform_scale_phone=&#8221;&#8221; transform_scale_last_edited=&#8221;on|phone&#8221; transform_translate_tablet=&#8221;&#8221; transform_translate_phone=&#8221;&#8221; transform_translate_last_edited=&#8221;on|desktop&#8221; transform_rotate_tablet=&#8221;&#8221; transform_rotate_phone=&#8221;&#8221; transform_rotate_last_edited=&#8221;on|desktop&#8221; transform_skew_tablet=&#8221;&#8221; transform_skew_phone=&#8221;&#8221; transform_skew_last_edited=&#8221;on|desktop&#8221; transform_origin_tablet=&#8221;&#8221; transform_origin_phone=&#8221;&#8221; transform_origin_last_edited=&#8221;on|desktop&#8221; transform_styles_last_edited=&#8221;on|phone&#8221; text_orientation=&#8221;center&#8221; width=&#8221;100%&#8221; max_width=&#8221;100%&#8221; custom_margin=&#8221;2px||||false|false&#8221; custom_padding=&#8221;13px|||0px|false|false&#8221; custom_padding_tablet=&#8221;&#8221; custom_padding_phone=&#8221;&#8221; custom_padding_last_edited=&#8221;on|phone&#8221; link_option_url=&#8221;https:\/\/irkom.rs\/wp-content\/uploads\/2022\/07\/Tehnicki-list-uljana-boja-za-drvo-1.pdf&#8221; scroll_vertical_motion_enable=&#8221;off&#8221; scroll_vertical_motion=&#8221;0|20|20|100|4|0|-4&#8243; header_text_color_tablet=&#8221;&#8221; header_text_color_phone=&#8221;&#8221; header_text_color_last_edited=&#8221;on|phone&#8221; transform_styles_tablet=&#8221;&#8221; transform_styles_phone=&#8221;&#8221; text_orientation_tablet=&#8221;&#8221; text_orientation_phone=&#8221;center&#8221; text_orientation_last_edited=&#8221;on|phone&#8221; border_radii=&#8221;on|8px|8px|8px|8px&#8221; border_width_all=&#8221;0px&#8221; border_width_all_image_tablet=&#8221;&#8221; border_width_all_image_phone=&#8221;&#8221; border_width_all_image_last_edited=&#8221;on|phone&#8221; icon_font_size=&#8221;40px&#8221; image_max_width_tablet=&#8221;&#8221; image_max_width_phone=&#8221;100%&#8221; image_max_width_last_edited=&#8221;on|phone&#8221; locked=&#8221;off&#8221; global_colors_info=&#8221;{}&#8221;][\/et_pb_blurb][\/et_pb_column_inner][et_pb_column_inner type=&#8221;1_2&#8243; saved_specialty_column_type=&#8221;2_3&#8243; _builder_version=&#8221;4.16&#8243; global_colors_info=&#8221;{}&#8221;][et_pb_blurb title=&#8221;Paralajm\u00ebrime&#8221; use_icon=&#8221;on&#8221; font_icon=&#8221;&#x70;||divi||400&#8243; icon_color=&#8221;#969696&#8243; image_icon_width=&#8221;40px&#8221; icon_placement_tablet=&#8221;&#8221; icon_placement_phone=&#8221;&#8221; icon_placement_last_edited=&#8221;on|phone&#8221; image_icon_width_tablet=&#8221;40px&#8221; image_icon_width_phone=&#8221;40px&#8221; image_icon_width_last_edited=&#8221;on|phone&#8221; content_max_width_tablet=&#8221;&#8221; content_max_width_phone=&#8221;&#8221; content_max_width_last_edited=&#8221;on|phone&#8221; admin_label=&#8221;Teh list&#8221; _builder_version=&#8221;4.16&#8243; header_font=&#8221;|||on|||||&#8221; header_font_size=&#8221;20px&#8221; background_color=&#8221;#020000&#8243; use_background_color_gradient=&#8221;on&#8221; background_color_gradient_type=&#8221;circular&#8221; background_color_gradient_direction_radial=&#8221;left&#8221; background_color_gradient_stops=&#8221;#b7b7b7 0%|#eaeaea 100%&#8221; background_color_gradient_start=&#8221;#b7b7b7&#8243; background_color_gradient_end=&#8221;#eaeaea&#8221; image_icon_custom_padding_tablet=&#8221;&#8221; image_icon_custom_padding_phone=&#8221;&#8221; image_icon_custom_padding_last_edited=&#8221;on|phone&#8221; transform_scale_tablet=&#8221;&#8221; transform_scale_phone=&#8221;&#8221; transform_scale_last_edited=&#8221;on|phone&#8221; transform_translate_tablet=&#8221;&#8221; transform_translate_phone=&#8221;&#8221; transform_translate_last_edited=&#8221;on|desktop&#8221; transform_rotate_tablet=&#8221;&#8221; transform_rotate_phone=&#8221;&#8221; transform_rotate_last_edited=&#8221;on|desktop&#8221; transform_skew_tablet=&#8221;&#8221; transform_skew_phone=&#8221;&#8221; transform_skew_last_edited=&#8221;on|desktop&#8221; transform_origin_tablet=&#8221;&#8221; transform_origin_phone=&#8221;&#8221; transform_origin_last_edited=&#8221;on|desktop&#8221; text_orientation=&#8221;center&#8221; width=&#8221;100%&#8221; max_width=&#8221;100%&#8221; custom_margin=&#8221;2px||||false|false&#8221; custom_padding=&#8221;13px|||0px|false|false&#8221; custom_padding_tablet=&#8221;&#8221; custom_padding_phone=&#8221;&#8221; custom_padding_last_edited=&#8221;on|phone&#8221; scroll_vertical_motion_enable=&#8221;off&#8221; scroll_vertical_motion=&#8221;0|20|20|100|4|0|-4&#8243; text_orientation_tablet=&#8221;&#8221; text_orientation_phone=&#8221;center&#8221; text_orientation_last_edited=&#8221;on|phone&#8221; border_radii=&#8221;on|8px|8px|8px|8px&#8221; border_width_all=&#8221;0px&#8221; border_width_all_image_tablet=&#8221;&#8221; border_width_all_image_phone=&#8221;&#8221; border_width_all_image_last_edited=&#8221;on|phone&#8221; icon_font_size=&#8221;40px&#8221; image_max_width_tablet=&#8221;&#8221; image_max_width_phone=&#8221;100%&#8221; image_max_width_last_edited=&#8221;on|phone&#8221; locked=&#8221;off&#8221; global_colors_info=&#8221;{}&#8221;][\/et_pb_blurb][\/et_pb_column_inner][\/et_pb_row_inner][\/et_pb_column][\/et_pb_section]<\/p>\n","protected":false},"excerpt":{"rendered":"<p><strong>BOJA ME VAJ p\u00ebr dru<\/strong> \u00ebsht\u00eb b\u00ebr\u00eb nga rr\u00ebshira alkide, pigmente, mbush\u00ebs, aditiv\u00eb me shtimin e tret\u00ebsve. P\u00ebrdoret si baz\u00eb (ngjyr\u00eb baz\u00eb) n\u00eb dru para veshjeve t\u00eb p\u00ebrfunduara. Ka funksionin e mbushjes s\u00eb poreve dhe pabarazive t\u00eb drurit, duke mund\u00ebsuar l\u00ebmimin e leht\u00eb t\u00eb drurit dhe ngjitjen e veshjeve t\u00eb sip\u00ebrme me baz\u00eb vaji. \u00cbsht\u00eb n\u00eb dispozicion n\u00eb t\u00eb bardh\u00eb.   <\/p>\n","protected":false},"featured_media":11661,"comment_status":"open","ping_status":"closed","template":"","meta":{"_et_pb_use_builder":"on","_et_pb_old_content":"","_et_gb_content_width":""},"product_brand":[],"product_cat":[135,136],"product_tag":[],"class_list":{"0":"post-11660","1":"product","2":"type-product","3":"status-publish","4":"has-post-thumbnail","6":"product_cat-veshje-druri","7":"product_cat-veshje-vaji","9":"first","10":"instock","11":"shipping-taxable","12":"product-type-simple"},"yoast_head":"<!-- This site is optimized with the Yoast SEO plugin v27.2 - https:\/\/yoast.com\/product\/yoast-seo-wordpress\/ -->\n<title>Boj\u00eb baz\u00eb vaji p\u00ebr dru | Irkom<\/title>\n<meta name=\"robots\" content=\"index, follow, max-snippet:-1, max-image-preview:large, max-video-preview:-1\" \/>\n<link rel=\"canonical\" href=\"https:\/\/irkom.rs\/proizvod\/uljana-boja-za-drvo\/\" \/>\n<meta property=\"og:locale\" content=\"sq_AL\" \/>\n<meta property=\"og:type\" content=\"article\" \/>\n<meta property=\"og:title\" content=\"Boj\u00eb baz\u00eb vaji p\u00ebr dru | Irkom\" \/>\n<meta property=\"og:description\" content=\"BOJA ME VAJ p\u00ebr dru \u00ebsht\u00eb b\u00ebr\u00eb nga rr\u00ebshira alkide, pigmente, mbush\u00ebs, aditiv\u00eb me shtimin e tret\u00ebsve. P\u00ebrdoret si baz\u00eb (ngjyr\u00eb baz\u00eb) n\u00eb dru para veshjeve t\u00eb p\u00ebrfunduara. Ka funksionin e mbushjes s\u00eb poreve dhe pabarazive t\u00eb drurit, duke mund\u00ebsuar l\u00ebmimin e leht\u00eb t\u00eb drurit dhe ngjitjen e veshjeve t\u00eb sip\u00ebrme me baz\u00eb vaji. \u00cbsht\u00eb n\u00eb dispozicion n\u00eb t\u00eb bardh\u00eb.\" \/>\n<meta property=\"og:url\" content=\"https:\/\/irkom.rs\/proizvod\/uljana-boja-za-drvo\/\" \/>\n<meta property=\"og:site_name\" content=\"Irkom\" \/>\n<meta property=\"article:modified_time\" content=\"2025-07-02T18:16:06+00:00\" \/>\n<meta property=\"og:image\" content=\"https:\/\/irkom.rs\/wp-content\/uploads\/2020\/05\/Uljana-boja.jpg\" \/>\n\t<meta property=\"og:image:width\" content=\"400\" \/>\n\t<meta property=\"og:image:height\" content=\"400\" \/>\n\t<meta property=\"og:image:type\" content=\"image\/jpeg\" \/>\n<meta name=\"twitter:card\" content=\"summary_large_image\" \/>\n<meta name=\"twitter:label1\" content=\"Est. reading time\" \/>\n\t<meta name=\"twitter:data1\" content=\"9 minutes\" \/>\n<script type=\"application\/ld+json\" class=\"yoast-schema-graph\">{\"@context\":\"https:\/\/schema.org\",\"@graph\":[{\"@type\":\"WebPage\",\"@id\":\"https:\/\/irkom.rs\/proizvod\/uljana-boja-za-drvo\/\",\"url\":\"https:\/\/irkom.rs\/proizvod\/uljana-boja-za-drvo\/\",\"name\":\"Boj\u00eb baz\u00eb vaji p\u00ebr dru | Irkom\",\"isPartOf\":{\"@id\":\"https:\/\/irkom.rs\/#website\"},\"primaryImageOfPage\":{\"@id\":\"https:\/\/irkom.rs\/proizvod\/uljana-boja-za-drvo\/#primaryimage\"},\"image\":{\"@id\":\"https:\/\/irkom.rs\/proizvod\/uljana-boja-za-drvo\/#primaryimage\"},\"thumbnailUrl\":\"https:\/\/irkom.rs\/wp-content\/uploads\/2020\/05\/Uljana-boja.jpg\",\"datePublished\":\"2020-05-04T15:35:12+00:00\",\"dateModified\":\"2025-07-02T18:16:06+00:00\",\"breadcrumb\":{\"@id\":\"https:\/\/irkom.rs\/proizvod\/uljana-boja-za-drvo\/#breadcrumb\"},\"inLanguage\":\"sq-AL\",\"potentialAction\":[{\"@type\":\"ReadAction\",\"target\":[\"https:\/\/irkom.rs\/proizvod\/uljana-boja-za-drvo\/\"]}]},{\"@type\":\"ImageObject\",\"inLanguage\":\"sq-AL\",\"@id\":\"https:\/\/irkom.rs\/proizvod\/uljana-boja-za-drvo\/#primaryimage\",\"url\":\"https:\/\/irkom.rs\/wp-content\/uploads\/2020\/05\/Uljana-boja.jpg\",\"contentUrl\":\"https:\/\/irkom.rs\/wp-content\/uploads\/2020\/05\/Uljana-boja.jpg\",\"width\":400,\"height\":400,\"caption\":\"Irkom Uljana osnovna boja za drvo\"},{\"@type\":\"BreadcrumbList\",\"@id\":\"https:\/\/irkom.rs\/proizvod\/uljana-boja-za-drvo\/#breadcrumb\",\"itemListElement\":[{\"@type\":\"ListItem\",\"position\":1,\"name\":\"\u041f\u043e\u0447\u0435\u0442\u043d\u0430\",\"item\":\"https:\/\/irkom.rs\/sq\/\"},{\"@type\":\"ListItem\",\"position\":2,\"name\":\"\u041f\u0440\u043e\u0434\u0430\u0432\u043d\u0438\u0446\u0430\",\"item\":\"https:\/\/irkom.rs\/prodavnica\/\"},{\"@type\":\"ListItem\",\"position\":3,\"name\":\"Boj\u00eb baz\u00eb vaji p\u00ebr dru\"}]},{\"@type\":\"WebSite\",\"@id\":\"https:\/\/irkom.rs\/#website\",\"url\":\"https:\/\/irkom.rs\/\",\"name\":\"Irkom\",\"description\":\"Boje i lakovi\",\"potentialAction\":[{\"@type\":\"SearchAction\",\"target\":{\"@type\":\"EntryPoint\",\"urlTemplate\":\"https:\/\/irkom.rs\/?s={search_term_string}\"},\"query-input\":{\"@type\":\"PropertyValueSpecification\",\"valueRequired\":true,\"valueName\":\"search_term_string\"}}],\"inLanguage\":\"sq-AL\"}]}<\/script>\n<!-- \/ Yoast SEO plugin. -->","yoast_head_json":{"title":"Boj\u00eb baz\u00eb vaji p\u00ebr dru | Irkom","robots":{"index":"index","follow":"follow","max-snippet":"max-snippet:-1","max-image-preview":"max-image-preview:large","max-video-preview":"max-video-preview:-1"},"canonical":"https:\/\/irkom.rs\/proizvod\/uljana-boja-za-drvo\/","og_locale":"sq_AL","og_type":"article","og_title":"Boj\u00eb baz\u00eb vaji p\u00ebr dru | Irkom","og_description":"BOJA ME VAJ p\u00ebr dru \u00ebsht\u00eb b\u00ebr\u00eb nga rr\u00ebshira alkide, pigmente, mbush\u00ebs, aditiv\u00eb me shtimin e tret\u00ebsve. P\u00ebrdoret si baz\u00eb (ngjyr\u00eb baz\u00eb) n\u00eb dru para veshjeve t\u00eb p\u00ebrfunduara. Ka funksionin e mbushjes s\u00eb poreve dhe pabarazive t\u00eb drurit, duke mund\u00ebsuar l\u00ebmimin e leht\u00eb t\u00eb drurit dhe ngjitjen e veshjeve t\u00eb sip\u00ebrme me baz\u00eb vaji. \u00cbsht\u00eb n\u00eb dispozicion n\u00eb t\u00eb bardh\u00eb.","og_url":"https:\/\/irkom.rs\/proizvod\/uljana-boja-za-drvo\/","og_site_name":"Irkom","article_modified_time":"2025-07-02T18:16:06+00:00","og_image":[{"width":400,"height":400,"url":"https:\/\/irkom.rs\/wp-content\/uploads\/2020\/05\/Uljana-boja.jpg","type":"image\/jpeg"}],"twitter_card":"summary_large_image","twitter_misc":{"Est. reading time":"9 minutes"},"schema":{"@context":"https:\/\/schema.org","@graph":[{"@type":"WebPage","@id":"https:\/\/irkom.rs\/proizvod\/uljana-boja-za-drvo\/","url":"https:\/\/irkom.rs\/proizvod\/uljana-boja-za-drvo\/","name":"Boj\u00eb baz\u00eb vaji p\u00ebr dru | Irkom","isPartOf":{"@id":"https:\/\/irkom.rs\/#website"},"primaryImageOfPage":{"@id":"https:\/\/irkom.rs\/proizvod\/uljana-boja-za-drvo\/#primaryimage"},"image":{"@id":"https:\/\/irkom.rs\/proizvod\/uljana-boja-za-drvo\/#primaryimage"},"thumbnailUrl":"https:\/\/irkom.rs\/wp-content\/uploads\/2020\/05\/Uljana-boja.jpg","datePublished":"2020-05-04T15:35:12+00:00","dateModified":"2025-07-02T18:16:06+00:00","breadcrumb":{"@id":"https:\/\/irkom.rs\/proizvod\/uljana-boja-za-drvo\/#breadcrumb"},"inLanguage":"sq-AL","potentialAction":[{"@type":"ReadAction","target":["https:\/\/irkom.rs\/proizvod\/uljana-boja-za-drvo\/"]}]},{"@type":"ImageObject","inLanguage":"sq-AL","@id":"https:\/\/irkom.rs\/proizvod\/uljana-boja-za-drvo\/#primaryimage","url":"https:\/\/irkom.rs\/wp-content\/uploads\/2020\/05\/Uljana-boja.jpg","contentUrl":"https:\/\/irkom.rs\/wp-content\/uploads\/2020\/05\/Uljana-boja.jpg","width":400,"height":400,"caption":"Irkom Uljana osnovna boja za drvo"},{"@type":"BreadcrumbList","@id":"https:\/\/irkom.rs\/proizvod\/uljana-boja-za-drvo\/#breadcrumb","itemListElement":[{"@type":"ListItem","position":1,"name":"\u041f\u043e\u0447\u0435\u0442\u043d\u0430","item":"https:\/\/irkom.rs\/sq\/"},{"@type":"ListItem","position":2,"name":"\u041f\u0440\u043e\u0434\u0430\u0432\u043d\u0438\u0446\u0430","item":"https:\/\/irkom.rs\/prodavnica\/"},{"@type":"ListItem","position":3,"name":"Boj\u00eb baz\u00eb vaji p\u00ebr dru"}]},{"@type":"WebSite","@id":"https:\/\/irkom.rs\/#website","url":"https:\/\/irkom.rs\/","name":"Irkom","description":"Boje i lakovi","potentialAction":[{"@type":"SearchAction","target":{"@type":"EntryPoint","urlTemplate":"https:\/\/irkom.rs\/?s={search_term_string}"},"query-input":{"@type":"PropertyValueSpecification","valueRequired":true,"valueName":"search_term_string"}}],"inLanguage":"sq-AL"}]}},"_links":{"self":[{"href":"https:\/\/irkom.rs\/sq\/wp-json\/wp\/v2\/product\/11660","targetHints":{"allow":["GET"]}}],"collection":[{"href":"https:\/\/irkom.rs\/sq\/wp-json\/wp\/v2\/product"}],"about":[{"href":"https:\/\/irkom.rs\/sq\/wp-json\/wp\/v2\/types\/product"}],"replies":[{"embeddable":true,"href":"https:\/\/irkom.rs\/sq\/wp-json\/wp\/v2\/comments?post=11660"}],"wp:featuredmedia":[{"embeddable":true,"href":"https:\/\/irkom.rs\/sq\/wp-json\/wp\/v2\/media\/11661"}],"wp:attachment":[{"href":"https:\/\/irkom.rs\/sq\/wp-json\/wp\/v2\/media?parent=11660"}],"wp:term":[{"taxonomy":"product_brand","embeddable":true,"href":"https:\/\/irkom.rs\/sq\/wp-json\/wp\/v2\/product_brand?post=11660"},{"taxonomy":"product_cat","embeddable":true,"href":"https:\/\/irkom.rs\/sq\/wp-json\/wp\/v2\/product_cat?post=11660"},{"taxonomy":"product_tag","embeddable":true,"href":"https:\/\/irkom.rs\/sq\/wp-json\/wp\/v2\/product_tag?post=11660"}],"curies":[{"name":"wp","href":"https:\/\/api.w.org\/{rel}","templated":true}]}}