{"id":11545,"date":"2020-05-05T08:28:29","date_gmt":"2020-05-05T08:28:29","guid":{"rendered":"https:\/\/irkom.rs\/product\/boje-me-baze-aqualin-per-dru\/"},"modified":"2025-07-02T18:14:06","modified_gmt":"2025-07-02T18:14:06","slug":"boje-me-baze-aqualin-per-dru","status":"publish","type":"product","link":"https:\/\/irkom.rs\/sq\/product\/boje-me-baze-aqualin-per-dru\/","title":{"rendered":"Boj\u00eb me baz\u00eb Aqualin p\u00ebr dru"},"content":{"rendered":"<p>[et_pb_section fb_built=&#8221;1&#8243; _builder_version=&#8221;4.16&#8243; use_background_color_gradient=&#8221;on&#8221; background_color_gradient_stops=&#8221;rgba(2,2,2,0) 35%|rgba(255,255,255,0.19) 100%&#8221; background_color_gradient_overlays_image=&#8221;on&#8221; background_color_gradient_start=&#8221;rgba(2,2,2,0)&#8221; background_color_gradient_start_position=&#8221;35%&#8221; background_color_gradient_end=&#8221;rgba(255,255,255,0.19)&#8221; background_image=&#8221;http:\/\/irkom.rs\/wp-content\/uploads\/2020\/05\/Aqua-osnovna-boja-header18.jpg&#8221; vertical_offset=&#8221;-45px&#8221; max_height_last_edited=&#8221;off|desktop&#8221; custom_padding=&#8221;||||false|false&#8221; global_colors_info=&#8221;{}&#8221;][et_pb_row column_structure=&#8221;1_3,2_3&#8243; _builder_version=&#8221;4.16&#8243; custom_margin=&#8221;||||false|false&#8221; global_colors_info=&#8221;{}&#8221;][et_pb_column type=&#8221;1_3&#8243; _builder_version=&#8221;4.16&#8243; global_colors_info=&#8221;{}&#8221;][et_pb_image src=&#8221;http:\/\/irkom.rs\/wp-content\/uploads\/2020\/05\/Aqua-vodena-osnova-za-drvo.png&#8221; alt=&#8221;Boj\u00eb me baz\u00eb uji Irkom AQUAlin p\u00ebr dru&#8221; title_text=&#8221;Aqua-dru me baz\u00eb uji&#8221; align=&#8221;center&#8221; _builder_version=&#8221;4.16&#8243; width_tablet=&#8221;&#8221; width_phone=&#8221;75%&#8221; width_last_edited=&#8221;on|phone&#8221; max_width=&#8221;80%&#8221; max_width_tablet=&#8221;&#8221; max_width_phone=&#8221;75%&#8221; max_width_last_edited=&#8221;on|phone&#8221; custom_margin=&#8221;||-50%||false|false&#8221; custom_margin_tablet=&#8221;||-50%||false|false&#8221; custom_margin_phone=&#8221;||-200px||false|false&#8221; custom_margin_last_edited=&#8221;on|phone&#8221; custom_padding=&#8221;||||false|false&#8221; global_colors_info=&#8221;{}&#8221;][\/et_pb_image][\/et_pb_column][et_pb_column type=&#8221;2_3&#8243; _builder_version=&#8221;4.16&#8243; global_colors_info=&#8221;{}&#8221;][et_pb_text content_tablet=&#8221;<\/p>\n<h2><strong>AQUALINE<\/strong><strong><\/strong><\/h2>\n<h3><strong>ABATERI P\u00cbR DRU<br \/><\/strong><\/h3>\n<p>&#8221; content_phone=&#8221;<\/p>\n<h2><strong>AQUALINE<\/strong><strong><\/strong><\/h2>\n<h3><strong>ABATERI P\u00cbR DRU<br \/><\/strong><\/h3>\n<p>&#8221; content_last_edited=&#8221;on|phone&#8221; disabled_on=&#8221;on|on|off&#8221; _builder_version=&#8221;4.16&#8243; text_font_size=&#8221;18px&#8221; header_text_color=&#8221;#000000&#8243; header_font_size=&#8221;60px&#8221; header_2_text_color=&#8221;#000000&#8243; header_2_font_size=&#8221;50px&#8221; header_3_text_color=&#8221;#000000&#8243; custom_margin=&#8221;||-50%||false|false&#8221; custom_margin_tablet=&#8221;&#8221; custom_margin_phone=&#8221;||||false|false&#8221; custom_margin_last_edited=&#8221;on|phone&#8221; custom_padding=&#8221;100px||||false|false&#8221; custom_padding_tablet=&#8221;&#8221; custom_padding_phone=&#8221;&#8221; custom_padding_last_edited=&#8221;on|tablet&#8221; header_text_align_tablet=&#8221;center&#8221; header_text_align_phone=&#8221;center&#8221; header_text_align_last_edited=&#8221;on|phone&#8221; header_2_text_align_tablet=&#8221;center&#8221; header_2_text_align_phone=&#8221;&#8221; header_2_text_align_last_edited=&#8221;on|tablet&#8221; header_3_text_align_tablet=&#8221;center&#8221; header_3_text_align_phone=&#8221;&#8221; header_3_text_align_last_edited=&#8221;on|phone&#8221; global_colors_info=&#8221;{}&#8221;]<\/p>\n<h1><strong>NGJYRA BAZ\u00cb<\/strong><strong><\/strong><\/h1>\n<h3><strong>P\u00cbR DRU, ME BAZ\u00cb UJI<br \/><\/strong><\/h3>\n<p>[\/et_pb_text][\/et_pb_column][\/et_pb_row][\/et_pb_section][et_pb_section fb_built=&#8221;1&#8243; specialty=&#8221;on&#8221; _builder_version=&#8221;4.16&#8243; custom_padding=&#8221;0px|||||&#8221; global_colors_info=&#8221;{}&#8221;][et_pb_column type=&#8221;1_3&#8243; _builder_version=&#8221;4.16&#8243; custom_padding=&#8221;|||&#8221; global_colors_info=&#8221;{}&#8221; custom_padding__hover=&#8221;|||&#8221;][et_pb_text content_tablet=&#8221;<\/p>\n<h2><strong>NGJYRA BAZ\u00cb AQUALIN<\/strong><strong><\/strong><\/h2>\n<h3><strong>P\u00cbR DRU, ME BAZ\u00cb UJI<br \/><\/strong><\/h3>\n<p>&#8221; content_phone=&#8221;<\/p>\n<h2><strong>NGJYRA BAZ\u00cb AQUALIN<\/strong><strong><\/strong><\/h2>\n<h3><strong>P\u00cbR DRU, ME BAZ\u00cb UJI<br \/><\/strong><\/h3>\n<p>&#8221; content_last_edited=&#8221;on|phone&#8221; disabled_on=&#8221;off|off|on&#8221; _builder_version=&#8221;4.16&#8243; text_font_size=&#8221;18px&#8221; header_text_color=&#8221;#ffffff&#8221; header_font_size=&#8221;70px&#8221; header_2_text_color=&#8221;#000000&#8243; header_2_font_size=&#8221;50px&#8221; header_3_text_color=&#8221;#000000&#8243; custom_margin=&#8221;||||false|false&#8221; custom_margin_tablet=&#8221;&#8221; custom_margin_phone=&#8221;||||false|false&#8221; custom_margin_last_edited=&#8221;on|phone&#8221; custom_padding=&#8221;||||false|false&#8221; custom_padding_tablet=&#8221;40%||||false|false&#8221; custom_padding_phone=&#8221;75px||||false|false&#8221; custom_padding_last_edited=&#8221;on|phone&#8221; header_text_align_tablet=&#8221;center&#8221; header_text_align_phone=&#8221;center&#8221; header_text_align_last_edited=&#8221;on|phone&#8221; header_2_text_align_tablet=&#8221;center&#8221; header_2_text_align_phone=&#8221;&#8221; header_2_text_align_last_edited=&#8221;on|tablet&#8221; header_3_text_align_tablet=&#8221;center&#8221; header_3_text_align_phone=&#8221;&#8221; header_3_text_align_last_edited=&#8221;on|phone&#8221; global_colors_info=&#8221;{}&#8221;]<\/p>\n<h1><strong>NGJYRA BAZ\u00cb AQUA<\/strong><strong><\/strong><\/h1>\n<h3><strong>P\u00cbR DRU, ME BAZ\u00cb UJI<br \/> <\/strong><\/h3>\n<p>[\/et_pb_text][et_pb_image src=&#8221;http:\/\/irkom.rs\/wp-content\/uploads\/2020\/11\/Aqua-osnovna-boja-za-drvo-piktogrami9.png&#8221; title_text=&#8221;Piktograme me baz\u00eb uji p\u00ebr dru9&#8243; _builder_version=&#8221;4.16&#8243; _module_preset=&#8221;default&#8221; global_colors_info=&#8221;{}&#8221;][\/et_pb_image][\/et_pb_column][et_pb_column type=&#8221;2_3&#8243; specialty_columns=&#8221;2&#8243; _builder_version=&#8221;4.16&#8243; custom_padding=&#8221;|||&#8221; global_colors_info=&#8221;{}&#8221; custom_padding__hover=&#8221;|||&#8221;][et_pb_row_inner _builder_version=&#8221;4.16&#8243; global_colors_info=&#8221;{}&#8221;][et_pb_column_inner saved_specialty_column_type=&#8221;2_3&#8243; _builder_version=&#8221;4.16&#8243; global_colors_info=&#8221;{}&#8221;][et_pb_tabs _builder_version=&#8221;4.16&#8243; custom_margin=&#8221;||1px|||&#8221; custom_padding_tablet=&#8221;&#8221; custom_padding_phone=&#8221;|0px||0px|false|false&#8221; custom_padding_last_edited=&#8221;on|phone&#8221; body_text_align_tablet=&#8221;&#8221; body_text_align_phone=&#8221;left&#8221; body_text_align_last_edited=&#8221;on|phone&#8221; border_width_all=&#8221;0px&#8221; global_colors_info=&#8221;{}&#8221;][et_pb_tab title=&#8221;P\u00cbRSHKRIMI&#8221; _builder_version=&#8221;4.16&#8243; global_colors_info=&#8221;{}&#8221;]<\/p>\n<p>Boj\u00ebra <strong>baz\u00eb me baz\u00eb uji AQUAlin<\/strong> p\u00ebr dru \u00ebsht\u00eb nj\u00eb shtres\u00eb e bazuar n\u00eb rr\u00ebshira akrilike, mbush\u00ebs dhe aditiv\u00eb l\u00ebmues.<br \/> \u00cbsht\u00eb menduar p\u00ebr aplikim para shtres\u00ebs p\u00ebrfundimtare t\u00eb smaltit Irkom Aqualin, si n\u00eb ambiente t\u00eb brendshme ashtu edhe n\u00eb ato t\u00eb jashtme. Mbush n\u00eb m\u00ebnyr\u00eb t\u00eb p\u00ebrkryer sip\u00ebrfaqen prej druri dhe \u00ebsht\u00eb i leht\u00eb p\u00ebr t\u2019u l\u00ebmuar. Produkti \u00ebsht\u00eb plot\u00ebsisht i sh\u00ebndetsh\u00ebm dhe i sigurt p\u00ebr lyerjen e lodrave t\u00eb f\u00ebmij\u00ebve, si dhe t\u00eb objekteve q\u00eb vijn\u00eb n\u00eb kontakt me ushqimin.  <\/p>\n<p>[\/et_pb_tab][et_pb_tab title=&#8221;APLIKACION&#8221; _builder_version=&#8221;4.16&#8243; global_colors_info=&#8221;{}&#8221;]<\/p>\n<p>Aplikohet n\u00eb sip\u00ebrfaqen e p\u00ebrgatitur m\u00eb par\u00eb me an\u00eb t\u00eb sp\u00ebrkatjes, fur\u00e7\u00ebs ose rulit. Boja duhet t\u00eb hollohet me uj\u00eb deri n\u00eb maksimum 15% paraprakisht. Shtresa \u00ebsht\u00eb e that\u00eb n\u00eb prekje pas 40 minutash, dhe l\u00ebmimi \u00ebsht\u00eb i mundur pas 2 or\u00ebsh tharje, pas s\u00eb cil\u00ebs mund t\u00eb aplikohet shtresa p\u00ebrfundimtare.  <\/p>\n<p>[\/et_pb_tab][et_pb_tab title=&#8221;INFORMACION&#8221; _builder_version=&#8221;4.16&#8243; global_colors_info=&#8221;{}&#8221;]<\/p>\n<p><strong>Afati i ruajtjes:<\/strong> 24 muaj nga data e prodhimit<br \/> <strong>Mbulimi:<\/strong> 100-130g\/ <span>m\u00b2<\/span><br \/> <strong>Madh\u00ebsit\u00eb e paketimit:<\/strong> 700 ml<\/p>\n<p>L\u00ebmim i leht\u00eb midis secil\u00ebs shtres\u00eb.<br \/> Ruajtja n\u00eb nj\u00eb temperatur\u00eb prej +5 deri n\u00eb 30 grad\u00eb Celsius (mos e ngrini)<br \/> Shp\u00eblani mjetin me uj\u00eb menj\u00ebher\u00eb pas p\u00ebrdorimit<\/p>\n<p>[\/et_pb_tab][\/et_pb_tabs][\/et_pb_column_inner][\/et_pb_row_inner][et_pb_row_inner column_structure=&#8221;1_2,1_2&#8243; use_custom_gutter=&#8221;on&#8221; gutter_width=&#8221;2&#8243; _builder_version=&#8221;4.16&#8243; global_colors_info=&#8221;{}&#8221;][et_pb_column_inner type=&#8221;1_2&#8243; saved_specialty_column_type=&#8221;2_3&#8243; _builder_version=&#8221;4.16&#8243; global_colors_info=&#8221;{}&#8221;][et_pb_blurb title=&#8221;Flet\u00ebt e t\u00eb dh\u00ebnave teknike&#8221; use_icon=&#8221;on&#8221; font_icon=&#8221;&#x69;||divi||400&#8243; icon_color=&#8221;#969696&#8243; image_icon_width=&#8221;40px&#8221; icon_placement_tablet=&#8221;&#8221; icon_placement_phone=&#8221;&#8221; icon_placement_last_edited=&#8221;on|phone&#8221; image_icon_width_tablet=&#8221;40px&#8221; image_icon_width_phone=&#8221;40px&#8221; image_icon_width_last_edited=&#8221;on|phone&#8221; content_max_width_tablet=&#8221;&#8221; content_max_width_phone=&#8221;&#8221; content_max_width_last_edited=&#8221;on|phone&#8221; admin_label=&#8221;Teh list&#8221; _builder_version=&#8221;4.19.4&#8243; header_font=&#8221;|||on|||||&#8221; header_font_size=&#8221;20px&#8221; background_color=&#8221;#020000&#8243; use_background_color_gradient=&#8221;on&#8221; background_color_gradient_type=&#8221;circular&#8221; background_color_gradient_direction_radial=&#8221;left&#8221; background_color_gradient_stops=&#8221;#b7b7b7 0%|#eaeaea 100%&#8221; background_color_gradient_start=&#8221;#b7b7b7&#8243; background_color_gradient_end=&#8221;#eaeaea&#8221; image_icon_custom_padding_tablet=&#8221;&#8221; image_icon_custom_padding_phone=&#8221;&#8221; image_icon_custom_padding_last_edited=&#8221;on|phone&#8221; transform_scale_tablet=&#8221;&#8221; transform_scale_phone=&#8221;&#8221; transform_scale_last_edited=&#8221;on|phone&#8221; transform_translate_tablet=&#8221;&#8221; transform_translate_phone=&#8221;&#8221; transform_translate_last_edited=&#8221;on|desktop&#8221; transform_rotate_tablet=&#8221;&#8221; transform_rotate_phone=&#8221;&#8221; transform_rotate_last_edited=&#8221;on|desktop&#8221; transform_skew_tablet=&#8221;&#8221; transform_skew_phone=&#8221;&#8221; transform_skew_last_edited=&#8221;on|desktop&#8221; transform_origin_tablet=&#8221;&#8221; transform_origin_phone=&#8221;&#8221; transform_origin_last_edited=&#8221;on|desktop&#8221; transform_styles_last_edited=&#8221;on|phone&#8221; text_orientation=&#8221;center&#8221; width=&#8221;100%&#8221; max_width=&#8221;100%&#8221; custom_margin=&#8221;2px||||false|false&#8221; custom_padding=&#8221;13px|||0px|false|false&#8221; custom_padding_tablet=&#8221;&#8221; custom_padding_phone=&#8221;&#8221; custom_padding_last_edited=&#8221;on|phone&#8221; link_option_url=&#8221;http:\/\/irkom.rs\/wp-content\/uploads\/2022\/12\/Tehnicki-list-Aqualin-osnovna-za-drvo-eng-new.pdf&#8221; scroll_vertical_motion_enable=&#8221;off&#8221; scroll_vertical_motion=&#8221;0|20|20|100|4|0|-4&#8243; hover_enabled=&#8221;0&#8243; header_text_color_tablet=&#8221;&#8221; header_text_color_phone=&#8221;&#8221; header_text_color_last_edited=&#8221;on|phone&#8221; transform_styles_tablet=&#8221;&#8221; transform_styles_phone=&#8221;&#8221; text_orientation_tablet=&#8221;&#8221; text_orientation_phone=&#8221;center&#8221; text_orientation_last_edited=&#8221;on|phone&#8221; border_radii=&#8221;on|8px|8px|8px|8px&#8221; border_width_all=&#8221;0px&#8221; border_width_all_image_tablet=&#8221;&#8221; border_width_all_image_phone=&#8221;&#8221; border_width_all_image_last_edited=&#8221;on|phone&#8221; icon_font_size=&#8221;40px&#8221; image_max_width_tablet=&#8221;&#8221; image_max_width_phone=&#8221;100%&#8221; image_max_width_last_edited=&#8221;on|phone&#8221; locked=&#8221;off&#8221; global_colors_info=&#8221;{}&#8221; sticky_enabled=&#8221;0&#8243;][\/et_pb_blurb][\/et_pb_column_inner][et_pb_column_inner type=&#8221;1_2&#8243; saved_specialty_column_type=&#8221;2_3&#8243; _builder_version=&#8221;4.16&#8243; global_colors_info=&#8221;{}&#8221;][et_pb_blurb title=&#8221;Paralajm\u00ebrime&#8221; use_icon=&#8221;on&#8221; font_icon=&#8221;&#x70;||divi||400&#8243; icon_color=&#8221;#969696&#8243; image_icon_width=&#8221;40px&#8221; icon_placement_tablet=&#8221;&#8221; icon_placement_phone=&#8221;&#8221; icon_placement_last_edited=&#8221;on|phone&#8221; image_icon_width_tablet=&#8221;40px&#8221; image_icon_width_phone=&#8221;40px&#8221; image_icon_width_last_edited=&#8221;on|phone&#8221; content_max_width_tablet=&#8221;&#8221; content_max_width_phone=&#8221;&#8221; content_max_width_last_edited=&#8221;on|phone&#8221; admin_label=&#8221;Teh list&#8221; _builder_version=&#8221;4.16&#8243; header_font=&#8221;|||on|||||&#8221; header_font_size=&#8221;20px&#8221; background_color=&#8221;#020000&#8243; use_background_color_gradient=&#8221;on&#8221; background_color_gradient_type=&#8221;circular&#8221; background_color_gradient_direction_radial=&#8221;left&#8221; background_color_gradient_stops=&#8221;#b7b7b7 0%|#eaeaea 100%&#8221; background_color_gradient_start=&#8221;#b7b7b7&#8243; background_color_gradient_end=&#8221;#eaeaea&#8221; image_icon_custom_padding_tablet=&#8221;&#8221; image_icon_custom_padding_phone=&#8221;&#8221; image_icon_custom_padding_last_edited=&#8221;on|phone&#8221; transform_scale_tablet=&#8221;&#8221; transform_scale_phone=&#8221;&#8221; transform_scale_last_edited=&#8221;on|phone&#8221; transform_translate_tablet=&#8221;&#8221; transform_translate_phone=&#8221;&#8221; transform_translate_last_edited=&#8221;on|desktop&#8221; transform_rotate_tablet=&#8221;&#8221; transform_rotate_phone=&#8221;&#8221; transform_rotate_last_edited=&#8221;on|desktop&#8221; transform_skew_tablet=&#8221;&#8221; transform_skew_phone=&#8221;&#8221; transform_skew_last_edited=&#8221;on|desktop&#8221; transform_origin_tablet=&#8221;&#8221; transform_origin_phone=&#8221;&#8221; transform_origin_last_edited=&#8221;on|desktop&#8221; text_orientation=&#8221;center&#8221; width=&#8221;100%&#8221; max_width=&#8221;100%&#8221; custom_margin=&#8221;2px||||false|false&#8221; custom_padding=&#8221;13px|||0px|false|false&#8221; custom_padding_tablet=&#8221;&#8221; custom_padding_phone=&#8221;&#8221; custom_padding_last_edited=&#8221;on|phone&#8221; scroll_vertical_motion_enable=&#8221;off&#8221; scroll_vertical_motion=&#8221;0|20|20|100|4|0|-4&#8243; text_orientation_tablet=&#8221;&#8221; text_orientation_phone=&#8221;center&#8221; text_orientation_last_edited=&#8221;on|phone&#8221; border_radii=&#8221;on|8px|8px|8px|8px&#8221; border_width_all=&#8221;0px&#8221; border_width_all_image_tablet=&#8221;&#8221; border_width_all_image_phone=&#8221;&#8221; border_width_all_image_last_edited=&#8221;on|phone&#8221; icon_font_size=&#8221;40px&#8221; image_max_width_tablet=&#8221;&#8221; image_max_width_phone=&#8221;100%&#8221; image_max_width_last_edited=&#8221;on|phone&#8221; locked=&#8221;off&#8221; global_colors_info=&#8221;{}&#8221;][\/et_pb_blurb][\/et_pb_column_inner][\/et_pb_row_inner][\/et_pb_column][\/et_pb_section]<\/p>\n","protected":false},"excerpt":{"rendered":"<div class=\"et_pb_tab et_pb_tab_0 clearfix et_pb_active_content et-pb-active-slide\">\n<div class=\"et_pb_tab_content\">\n<p>Boj\u00ebra <strong>baz\u00eb me baz\u00eb uji AQUAlin<\/strong> p\u00ebr dru \u00ebsht\u00eb nj\u00eb shtres\u00eb e bazuar n\u00eb rr\u00ebshira akrilike, mbush\u00ebs dhe aditiv\u00eb l\u00ebmues.<br \/>\n \u00cbsht\u00eb menduar p\u00ebr aplikim para shtres\u00ebs p\u00ebrfundimtare t\u00eb smaltit Irkom Aqualin, si n\u00eb ambiente t\u00eb brendshme ashtu edhe n\u00eb ato t\u00eb jashtme. Mbush n\u00eb m\u00ebnyr\u00eb t\u00eb p\u00ebrkryer sip\u00ebrfaqen prej druri dhe \u00ebsht\u00eb i leht\u00eb p\u00ebr t\u2019u l\u00ebmuar. Produkti \u00ebsht\u00eb plot\u00ebsisht i sh\u00ebndetsh\u00ebm dhe i sigurt p\u00ebr lyerjen e lodrave t\u00eb f\u00ebmij\u00ebve, si dhe t\u00eb objekteve q\u00eb vijn\u00eb n\u00eb kontakt me ushqimin.  <\/p>\n<\/div>\n<\/div>\n","protected":false},"featured_media":11548,"comment_status":"open","ping_status":"closed","template":"","meta":{"_et_pb_use_builder":"on","_et_pb_old_content":"","_et_gb_content_width":""},"product_brand":[],"product_cat":[137,138,135],"product_tag":[],"class_list":{"0":"post-11545","1":"product","2":"type-product","3":"status-publish","4":"has-post-thumbnail","6":"product_cat-uje","7":"product_cat-veshje-akrilike-me-baze-uji","8":"product_cat-veshje-druri","10":"first","11":"instock","12":"shipping-taxable","13":"product-type-simple"},"yoast_head":"<!-- This site is optimized with the Yoast SEO plugin v27.2 - https:\/\/yoast.com\/product\/yoast-seo-wordpress\/ -->\n<title>Boj\u00eb me baz\u00eb Aqualin p\u00ebr dru | Irkom<\/title>\n<meta name=\"robots\" content=\"index, follow, max-snippet:-1, max-image-preview:large, max-video-preview:-1\" \/>\n<link rel=\"canonical\" href=\"https:\/\/irkom.rs\/proizvod\/aqua-osnovna-boja\/\" \/>\n<meta property=\"og:locale\" content=\"sq_AL\" \/>\n<meta property=\"og:type\" content=\"article\" \/>\n<meta property=\"og:title\" content=\"Boj\u00eb me baz\u00eb Aqualin p\u00ebr dru | Irkom\" \/>\n<meta property=\"og:description\" content=\"Boj\u00ebra baz\u00eb me baz\u00eb uji AQUAlin p\u00ebr dru \u00ebsht\u00eb nj\u00eb shtres\u00eb e bazuar n\u00eb rr\u00ebshira akrilike, mbush\u00ebs dhe aditiv\u00eb l\u00ebmues. \u00cbsht\u00eb menduar p\u00ebr aplikim para shtres\u00ebs p\u00ebrfundimtare t\u00eb smaltit Irkom Aqualin, si n\u00eb ambiente t\u00eb brendshme ashtu edhe n\u00eb ato t\u00eb jashtme. Mbush n\u00eb m\u00ebnyr\u00eb t\u00eb p\u00ebrkryer sip\u00ebrfaqen prej druri dhe \u00ebsht\u00eb i leht\u00eb p\u00ebr t\u2019u l\u00ebmuar. Produkti \u00ebsht\u00eb plot\u00ebsisht i sh\u00ebndetsh\u00ebm dhe i sigurt p\u00ebr lyerjen e lodrave t\u00eb f\u00ebmij\u00ebve, si dhe t\u00eb objekteve q\u00eb vijn\u00eb n\u00eb kontakt me ushqimin.\" \/>\n<meta property=\"og:url\" content=\"https:\/\/irkom.rs\/proizvod\/aqua-osnovna-boja\/\" \/>\n<meta property=\"og:site_name\" content=\"Irkom\" \/>\n<meta property=\"article:modified_time\" content=\"2025-07-02T18:14:06+00:00\" \/>\n<meta property=\"og:image\" content=\"https:\/\/irkom.rs\/wp-content\/uploads\/2020\/05\/AQUA-vodena-osnovna-za-drvo.jpg\" \/>\n\t<meta property=\"og:image:width\" content=\"400\" \/>\n\t<meta property=\"og:image:height\" content=\"400\" \/>\n\t<meta property=\"og:image:type\" content=\"image\/jpeg\" \/>\n<meta name=\"twitter:card\" content=\"summary_large_image\" \/>\n<meta name=\"twitter:label1\" content=\"Est. reading time\" \/>\n\t<meta name=\"twitter:data1\" content=\"8 minutes\" \/>\n<script type=\"application\/ld+json\" class=\"yoast-schema-graph\">{\"@context\":\"https:\/\/schema.org\",\"@graph\":[{\"@type\":\"WebPage\",\"@id\":\"https:\/\/irkom.rs\/proizvod\/aqua-osnovna-boja\/\",\"url\":\"https:\/\/irkom.rs\/proizvod\/aqua-osnovna-boja\/\",\"name\":\"Boj\u00eb me baz\u00eb Aqualin p\u00ebr dru | Irkom\",\"isPartOf\":{\"@id\":\"https:\/\/irkom.rs\/#website\"},\"primaryImageOfPage\":{\"@id\":\"https:\/\/irkom.rs\/proizvod\/aqua-osnovna-boja\/#primaryimage\"},\"image\":{\"@id\":\"https:\/\/irkom.rs\/proizvod\/aqua-osnovna-boja\/#primaryimage\"},\"thumbnailUrl\":\"https:\/\/irkom.rs\/wp-content\/uploads\/2020\/05\/AQUA-vodena-osnovna-za-drvo.jpg\",\"datePublished\":\"2020-05-05T08:28:29+00:00\",\"dateModified\":\"2025-07-02T18:14:06+00:00\",\"breadcrumb\":{\"@id\":\"https:\/\/irkom.rs\/proizvod\/aqua-osnovna-boja\/#breadcrumb\"},\"inLanguage\":\"sq-AL\",\"potentialAction\":[{\"@type\":\"ReadAction\",\"target\":[\"https:\/\/irkom.rs\/proizvod\/aqua-osnovna-boja\/\"]}]},{\"@type\":\"ImageObject\",\"inLanguage\":\"sq-AL\",\"@id\":\"https:\/\/irkom.rs\/proizvod\/aqua-osnovna-boja\/#primaryimage\",\"url\":\"https:\/\/irkom.rs\/wp-content\/uploads\/2020\/05\/AQUA-vodena-osnovna-za-drvo.jpg\",\"contentUrl\":\"https:\/\/irkom.rs\/wp-content\/uploads\/2020\/05\/AQUA-vodena-osnovna-za-drvo.jpg\",\"width\":400,\"height\":400,\"caption\":\"Irkom AQUAlin vodena osnovna boja za drvo\"},{\"@type\":\"BreadcrumbList\",\"@id\":\"https:\/\/irkom.rs\/proizvod\/aqua-osnovna-boja\/#breadcrumb\",\"itemListElement\":[{\"@type\":\"ListItem\",\"position\":1,\"name\":\"\u041f\u043e\u0447\u0435\u0442\u043d\u0430\",\"item\":\"https:\/\/irkom.rs\/sq\/\"},{\"@type\":\"ListItem\",\"position\":2,\"name\":\"\u041f\u0440\u043e\u0434\u0430\u0432\u043d\u0438\u0446\u0430\",\"item\":\"https:\/\/irkom.rs\/prodavnica\/\"},{\"@type\":\"ListItem\",\"position\":3,\"name\":\"Boj\u00eb me baz\u00eb Aqualin p\u00ebr dru\"}]},{\"@type\":\"WebSite\",\"@id\":\"https:\/\/irkom.rs\/#website\",\"url\":\"https:\/\/irkom.rs\/\",\"name\":\"Irkom\",\"description\":\"Boje i lakovi\",\"potentialAction\":[{\"@type\":\"SearchAction\",\"target\":{\"@type\":\"EntryPoint\",\"urlTemplate\":\"https:\/\/irkom.rs\/?s={search_term_string}\"},\"query-input\":{\"@type\":\"PropertyValueSpecification\",\"valueRequired\":true,\"valueName\":\"search_term_string\"}}],\"inLanguage\":\"sq-AL\"}]}<\/script>\n<!-- \/ Yoast SEO plugin. -->","yoast_head_json":{"title":"Boj\u00eb me baz\u00eb Aqualin p\u00ebr dru | Irkom","robots":{"index":"index","follow":"follow","max-snippet":"max-snippet:-1","max-image-preview":"max-image-preview:large","max-video-preview":"max-video-preview:-1"},"canonical":"https:\/\/irkom.rs\/proizvod\/aqua-osnovna-boja\/","og_locale":"sq_AL","og_type":"article","og_title":"Boj\u00eb me baz\u00eb Aqualin p\u00ebr dru | Irkom","og_description":"Boj\u00ebra baz\u00eb me baz\u00eb uji AQUAlin p\u00ebr dru \u00ebsht\u00eb nj\u00eb shtres\u00eb e bazuar n\u00eb rr\u00ebshira akrilike, mbush\u00ebs dhe aditiv\u00eb l\u00ebmues. \u00cbsht\u00eb menduar p\u00ebr aplikim para shtres\u00ebs p\u00ebrfundimtare t\u00eb smaltit Irkom Aqualin, si n\u00eb ambiente t\u00eb brendshme ashtu edhe n\u00eb ato t\u00eb jashtme. Mbush n\u00eb m\u00ebnyr\u00eb t\u00eb p\u00ebrkryer sip\u00ebrfaqen prej druri dhe \u00ebsht\u00eb i leht\u00eb p\u00ebr t\u2019u l\u00ebmuar. Produkti \u00ebsht\u00eb plot\u00ebsisht i sh\u00ebndetsh\u00ebm dhe i sigurt p\u00ebr lyerjen e lodrave t\u00eb f\u00ebmij\u00ebve, si dhe t\u00eb objekteve q\u00eb vijn\u00eb n\u00eb kontakt me ushqimin.","og_url":"https:\/\/irkom.rs\/proizvod\/aqua-osnovna-boja\/","og_site_name":"Irkom","article_modified_time":"2025-07-02T18:14:06+00:00","og_image":[{"width":400,"height":400,"url":"https:\/\/irkom.rs\/wp-content\/uploads\/2020\/05\/AQUA-vodena-osnovna-za-drvo.jpg","type":"image\/jpeg"}],"twitter_card":"summary_large_image","twitter_misc":{"Est. reading time":"8 minutes"},"schema":{"@context":"https:\/\/schema.org","@graph":[{"@type":"WebPage","@id":"https:\/\/irkom.rs\/proizvod\/aqua-osnovna-boja\/","url":"https:\/\/irkom.rs\/proizvod\/aqua-osnovna-boja\/","name":"Boj\u00eb me baz\u00eb Aqualin p\u00ebr dru | Irkom","isPartOf":{"@id":"https:\/\/irkom.rs\/#website"},"primaryImageOfPage":{"@id":"https:\/\/irkom.rs\/proizvod\/aqua-osnovna-boja\/#primaryimage"},"image":{"@id":"https:\/\/irkom.rs\/proizvod\/aqua-osnovna-boja\/#primaryimage"},"thumbnailUrl":"https:\/\/irkom.rs\/wp-content\/uploads\/2020\/05\/AQUA-vodena-osnovna-za-drvo.jpg","datePublished":"2020-05-05T08:28:29+00:00","dateModified":"2025-07-02T18:14:06+00:00","breadcrumb":{"@id":"https:\/\/irkom.rs\/proizvod\/aqua-osnovna-boja\/#breadcrumb"},"inLanguage":"sq-AL","potentialAction":[{"@type":"ReadAction","target":["https:\/\/irkom.rs\/proizvod\/aqua-osnovna-boja\/"]}]},{"@type":"ImageObject","inLanguage":"sq-AL","@id":"https:\/\/irkom.rs\/proizvod\/aqua-osnovna-boja\/#primaryimage","url":"https:\/\/irkom.rs\/wp-content\/uploads\/2020\/05\/AQUA-vodena-osnovna-za-drvo.jpg","contentUrl":"https:\/\/irkom.rs\/wp-content\/uploads\/2020\/05\/AQUA-vodena-osnovna-za-drvo.jpg","width":400,"height":400,"caption":"Irkom AQUAlin vodena osnovna boja za drvo"},{"@type":"BreadcrumbList","@id":"https:\/\/irkom.rs\/proizvod\/aqua-osnovna-boja\/#breadcrumb","itemListElement":[{"@type":"ListItem","position":1,"name":"\u041f\u043e\u0447\u0435\u0442\u043d\u0430","item":"https:\/\/irkom.rs\/sq\/"},{"@type":"ListItem","position":2,"name":"\u041f\u0440\u043e\u0434\u0430\u0432\u043d\u0438\u0446\u0430","item":"https:\/\/irkom.rs\/prodavnica\/"},{"@type":"ListItem","position":3,"name":"Boj\u00eb me baz\u00eb Aqualin p\u00ebr dru"}]},{"@type":"WebSite","@id":"https:\/\/irkom.rs\/#website","url":"https:\/\/irkom.rs\/","name":"Irkom","description":"Boje i lakovi","potentialAction":[{"@type":"SearchAction","target":{"@type":"EntryPoint","urlTemplate":"https:\/\/irkom.rs\/?s={search_term_string}"},"query-input":{"@type":"PropertyValueSpecification","valueRequired":true,"valueName":"search_term_string"}}],"inLanguage":"sq-AL"}]}},"_links":{"self":[{"href":"https:\/\/irkom.rs\/sq\/wp-json\/wp\/v2\/product\/11545","targetHints":{"allow":["GET"]}}],"collection":[{"href":"https:\/\/irkom.rs\/sq\/wp-json\/wp\/v2\/product"}],"about":[{"href":"https:\/\/irkom.rs\/sq\/wp-json\/wp\/v2\/types\/product"}],"replies":[{"embeddable":true,"href":"https:\/\/irkom.rs\/sq\/wp-json\/wp\/v2\/comments?post=11545"}],"wp:featuredmedia":[{"embeddable":true,"href":"https:\/\/irkom.rs\/sq\/wp-json\/wp\/v2\/media\/11548"}],"wp:attachment":[{"href":"https:\/\/irkom.rs\/sq\/wp-json\/wp\/v2\/media?parent=11545"}],"wp:term":[{"taxonomy":"product_brand","embeddable":true,"href":"https:\/\/irkom.rs\/sq\/wp-json\/wp\/v2\/product_brand?post=11545"},{"taxonomy":"product_cat","embeddable":true,"href":"https:\/\/irkom.rs\/sq\/wp-json\/wp\/v2\/product_cat?post=11545"},{"taxonomy":"product_tag","embeddable":true,"href":"https:\/\/irkom.rs\/sq\/wp-json\/wp\/v2\/product_tag?post=11545"}],"curies":[{"name":"wp","href":"https:\/\/api.w.org\/{rel}","templated":true}]}}