{"id":11403,"date":"2020-05-29T11:17:36","date_gmt":"2020-05-29T11:17:36","guid":{"rendered":"https:\/\/irkom.rs\/aqualin-zuzu\/"},"modified":"2025-07-02T18:06:51","modified_gmt":"2025-07-02T18:06:51","slug":"aqualin-zuzu","status":"publish","type":"page","link":"https:\/\/irkom.rs\/sq\/aqualin-zuzu\/","title":{"rendered":"AQUALIN ZUZU"},"content":{"rendered":"<p>[et_pb_section fb_built=&#8221;1&#8243; next_background_color=&#8221;#efefef&#8221; _builder_version=&#8221;4.4.7&#8243; background_image=&#8221;http:\/\/irkom.rs\/wp-content\/uploads\/2020\/05\/Aqua-zuzu-header4.jpg&#8221; custom_margin_tablet=&#8221;||-34px||false|false&#8221; custom_margin_phone=&#8221;&#8221; custom_margin_last_edited=&#8221;on|phone&#8221; custom_padding=&#8221;144px||0px||false|false&#8221; bottom_divider_style=&#8221;asymmetric2&#8243; bottom_divider_flip=&#8221;horizontal&#8221; global_colors_info=&#8221;{}&#8221;][et_pb_row column_structure=&#8221;1_3,1_3,1_3&#8243; _builder_version=&#8221;4.4.5&#8243; custom_margin=&#8221;5px||||false|false&#8221; custom_padding=&#8221;0px||146px|||&#8221; global_colors_info=&#8221;{}&#8221;][et_pb_column type=&#8221;1_3&#8243; _builder_version=&#8221;4.4.5&#8243; global_colors_info=&#8221;{}&#8221;][\/et_pb_column][et_pb_column type=&#8221;1_3&#8243; _builder_version=&#8221;4.4.5&#8243; global_colors_info=&#8221;{}&#8221;][et_pb_image title_text=&#8221;fur\u00e7\u00eb-2&#8243; _builder_version=&#8221;4.4.7&#8243; custom_margin=&#8221;-60%|||72px|false|false&#8221; custom_margin_tablet=&#8221;|||212px|false|false&#8221; custom_margin_phone=&#8221;|||117px|false|false&#8221; custom_margin_last_edited=&#8221;on|desktop&#8221; scroll_vertical_motion=&#8221;0|51|51|100|4|0|-4&#8243; scroll_scaling_enable=&#8221;on&#8221; motion_trigger_start=&#8221;bottom&#8221; global_colors_info=&#8221;{}&#8221; admin_label=&#8221;Image&#8221;][\/et_pb_image][\/et_pb_column][et_pb_column type=&#8221;1_3&#8243; _builder_version=&#8221;4.4.5&#8243; global_colors_info=&#8221;{}&#8221;][\/et_pb_column][\/et_pb_row][\/et_pb_section][et_pb_section fb_built=&#8221;1&#8243; _builder_version=&#8221;4.4.7&#8243; background_color=&#8221;#efefef&#8221; min_height=&#8221;298px&#8221; custom_padding=&#8221;||16px||false|false&#8221; global_colors_info=&#8221;{}&#8221;][et_pb_row column_structure=&#8221;2_5,3_5&#8243; _builder_version=&#8221;4.4.5&#8243; custom_padding=&#8221;||12px|||&#8221; global_colors_info=&#8221;{}&#8221;][et_pb_column type=&#8221;2_5&#8243; _builder_version=&#8221;4.4.5&#8243; global_colors_info=&#8221;{}&#8221;][et_pb_image src=&#8221;http:\/\/irkom.rs\/wp-content\/uploads\/2020\/05\/Aqua-zuzu-1.png&#8221; alt=&#8221;Irkom AQUALIN ZUZU boj\u00eb uji p\u00ebr koshere blet\u00ebsh&#8221; title_text=&#8221;Aqua-zuzu&#8221; _builder_version=&#8221;4.9.4&#8243; custom_margin=&#8221;-181px|||||&#8221; global_colors_info=&#8221;{}&#8221;][\/et_pb_image][\/et_pb_column][et_pb_column type=&#8221;3_5&#8243; _builder_version=&#8221;4.4.5&#8243; global_colors_info=&#8221;{}&#8221;][et_pb_text _builder_version=&#8221;4.9.4&#8243; text_text_color=&#8221;#000000&#8243; header_font=&#8221;|600||on|||||&#8221; header_text_color=&#8221;#000000&#8243; header_2_text_color=&#8221;#000000&#8243; global_colors_info=&#8221;{}&#8221;]<\/p>\n<h1>Aqualin zuzu<\/h1>\n<h2>Boj\u00ebra uji p\u00ebr HIVES<\/h2>\n<p><strong>Boj\u00eb me baz\u00eb uji p\u00ebr koshere blet\u00ebsh<\/strong> e b\u00ebr\u00eb n\u00eb baz\u00eb t\u00eb akrilateve, mbush\u00ebsve dhe pigmenteve me uj\u00eb pa l\u00ebnd\u00eb t\u00eb para q\u00eb mund t\u00eb ndikojn\u00eb negativisht te blet\u00ebt, me shtimin e pigmenteve t\u00eb q\u00ebndrueshme ndaj rrezeve UV dhe dyllit (nuk lejon q\u00eb uji t\u00eb kaloj\u00eb n\u00eb dru). Prodhohet n\u00eb 4 ngjyra baz\u00eb, t\u00eb bardha, blu, t\u00eb kuqe dhe t\u00eb verdha, dhe duke i p\u00ebrzier k\u00ebto, mund t\u00eb merret nj\u00eb spekt\u00ebr i t\u00ebr\u00eb ngjyrash t\u00eb tjera. <\/p>\n<p>[\/et_pb_text][\/et_pb_column][\/et_pb_row][\/et_pb_section][et_pb_section fb_built=&#8221;1&#8243; next_background_color=&#8221;#ffffff&#8221; _builder_version=&#8221;4.4.7&#8243; background_enable_color=&#8221;off&#8221; background_image=&#8221;http:\/\/irkom.rs\/wp-content\/uploads\/2020\/05\/AQUA-background-1.jpg&#8221; parallax=&#8221;on&#8221; custom_margin=&#8221;-20px||||false|false&#8221; custom_padding=&#8221;58px||22px|||&#8221; top_divider_style=&#8221;asymmetric2&#8243; top_divider_color=&#8221;#efefef&#8221; top_divider_flip=&#8221;horizontal&#8221; top_divider_height_tablet=&#8221;&#8221; top_divider_height_phone=&#8221;64px&#8221; top_divider_height_last_edited=&#8221;on|phone&#8221; bottom_divider_style=&#8221;asymmetric2&#8243; bottom_divider_height=&#8221;54px&#8221; bottom_divider_flip=&#8221;horizontal&#8221; global_colors_info=&#8221;{}&#8221;][et_pb_row column_structure=&#8221;1_2,1_2&#8243; _builder_version=&#8221;4.4.7&#8243; custom_margin=&#8221;-6px||69px||false|false&#8221; custom_padding=&#8221;46px|||||&#8221; global_colors_info=&#8221;{}&#8221;][et_pb_column type=&#8221;1_2&#8243; _builder_version=&#8221;4.4.5&#8243; global_colors_info=&#8221;{}&#8221;][et_pb_text _builder_version=&#8221;4.4.7&#8243; text_text_color=&#8221;#ffffff&#8221; header_font=&#8221;|600||on|||||&#8221; header_text_color=&#8221;#ffffff&#8221; header_2_text_color=&#8221;#ffffff&#8221; min_height=&#8221;150px&#8221; custom_margin=&#8221;12px||||false|false&#8221; global_colors_info=&#8221;{}&#8221;]<\/p>\n<h1>Produkt i sh\u00ebndetsh\u00ebm<\/h1>\n<h1>PA AROM\u00cb<\/h1>\n<p>Boj\u00ebra prodhohet mbi parime t\u00ebr\u00ebsisht ekologjike, \u00ebsht\u00eb nj\u00eb produkt i sakt\u00eb p\u00ebr sh\u00ebndetin, prandaj \u00ebsht\u00eb e sigurt p\u00ebr kolonit\u00eb e blet\u00ebve (ka t\u00eb gjitha certifikatat p\u00ebrkat\u00ebse), nuk l\u00eb gjurm\u00eb n\u00eb produktet e blet\u00ebve dhe nuk ndikon n\u00eb sjelljen e blet\u00ebve. Veshje thahet shpejt dhe nuk ka aroma t\u00eb pak\u00ebndshme gjat\u00eb lyerjes. <\/p>\n<p>[\/et_pb_text][\/et_pb_column][et_pb_column type=&#8221;1_2&#8243; _builder_version=&#8221;4.4.5&#8243; global_colors_info=&#8221;{}&#8221;][et_pb_image src=&#8221;http:\/\/irkom.rs\/wp-content\/uploads\/2020\/11\/Aqua-zuzu-piktogrami9-1.png&#8221; title_text=&#8221;Piktogramet Aqua-zuzu9&#8243; _builder_version=&#8221;4.7.1&#8243; global_colors_info=&#8221;{}&#8221;][\/et_pb_image][\/et_pb_column][\/et_pb_row][\/et_pb_section][et_pb_section fb_built=&#8221;1&#8243; disabled_on=&#8221;off|off|on&#8221; _builder_version=&#8221;4.4.7&#8243; custom_margin=&#8221;-65px||-28px||false|false&#8221; custom_padding=&#8221;0px||0px||false|false&#8221; global_colors_info=&#8221;{}&#8221;][et_pb_row disabled_on=&#8221;off|off|on&#8221; _builder_version=&#8221;4.4.7&#8243; custom_margin=&#8221;83px||||false|false&#8221; global_colors_info=&#8221;{}&#8221;][et_pb_column type=&#8221;4_4&#8243; _builder_version=&#8221;4.4.7&#8243; global_colors_info=&#8221;{}&#8221;][et_pb_text content_tablet=&#8221;<\/p>\n<h1 style=%22text-align: left;%22>METODA E APLIKIMIT<\/h1>\n<p>&#8221; content_phone=&#8221;<\/p>\n<h1 style=%22text-align: left;%22>METODA E APLIKIMIT<\/h1>\n<p>&#8221; content_last_edited=&#8221;on|phone&#8221; _builder_version=&#8221;4.4.7&#8243; text_text_color=&#8221;#ffffff&#8221; header_font=&#8221;|600||on|||||&#8221; header_text_color=&#8221;#0c71c3&#8243; header_2_text_color=&#8221;#ffffff&#8221; custom_margin=&#8221;||7px|||&#8221; global_colors_info=&#8221;{}&#8221;][\/et_pb_text][et_pb_divider color=&#8221;#0c71c3&#8243; disabled_on=&#8221;off|off|on&#8221; _builder_version=&#8221;4.4.7&#8243; custom_margin=&#8221;||-5px||false|false&#8221; global_colors_info=&#8221;{}&#8221;][\/et_pb_divider][et_pb_text content_tablet=&#8221;<\/p>\n<p style=%22text-align: left;%22>N\u00ebse ka nj\u00eb shtres\u00eb t\u00eb m\u00ebparshme boj\u00eb q\u00eb po shk\u00ebputet, \u00ebsht\u00eb e nevojshme t\u00eb hiqet pabarazia me let\u00ebr zmerile dhe t\u00eb pastrohet sip\u00ebrfaqja. Boja aplikohet n\u00eb dy shtresa, me sp\u00ebrkatje ose me fur\u00e7\u00eb, dhe intervali midis shtresave \u00ebsht\u00eb 2-3 or\u00eb. Hollohet me uj\u00eb deri n\u00eb maksimum 15%. Kosheret e blet\u00ebve t\u00eb veshura me llak liri duhet t\u00eb thahen m\u00eb par\u00eb plot\u00ebsisht, n\u00eb m\u00ebnyr\u00eb q\u00eb shtresa sip\u00ebrfaq\u00ebsore e llakut t\u00eb hiqet me an\u00eb t\u00eb l\u00ebmimit dhe t\u00eb lejohet q\u00eb boja Aqua Zuzu t\u00eb ngjitet mir\u00eb, p\u00ebrndryshe shtresa e aplikuar e Aqua ZUZU mund t\u00eb shk\u00ebputet.   <\/p>\n<p>&#8221; content_phone=&#8221;<\/p>\n<p style=%22text-align: left;%22>N\u00ebse ka nj\u00eb shtres\u00eb t\u00eb m\u00ebparshme boj\u00eb q\u00eb po shk\u00ebputet, \u00ebsht\u00eb e nevojshme t\u00eb hiqet pabarazia me let\u00ebr zmerile dhe t\u00eb pastrohet sip\u00ebrfaqja. Boja aplikohet n\u00eb dy shtresa, me sp\u00ebrkatje ose me fur\u00e7\u00eb, dhe intervali midis shtresave \u00ebsht\u00eb 2-3 or\u00eb. Hollohet me uj\u00eb deri n\u00eb maksimum 15%. Kosheret e blet\u00ebve t\u00eb veshura me llak liri duhet t\u00eb thahen m\u00eb par\u00eb plot\u00ebsisht, n\u00eb m\u00ebnyr\u00eb q\u00eb shtresa sip\u00ebrfaq\u00ebsore e llakut t\u00eb hiqet me an\u00eb t\u00eb l\u00ebmimit dhe t\u00eb lejohet q\u00eb boja Aqua Zuzu t\u00eb ngjitet mir\u00eb, p\u00ebrndryshe shtresa e aplikuar e Aqua ZUZU mund t\u00eb shk\u00ebputet.   <\/p>\n<p>&#8221; content_last_edited=&#8221;on|phone&#8221; _builder_version=&#8221;4.4.7&#8243; text_text_color=&#8221;#050f7f&#8221; text_font_size=&#8221;13px&#8221; text_line_height=&#8221;1.5em&#8221; header_font=&#8221;|600||on|||||&#8221; header_text_color=&#8221;#ffffff&#8221; header_2_text_color=&#8221;#ffffff&#8221; global_colors_info=&#8221;{}&#8221;][\/et_pb_text][\/et_pb_column][\/et_pb_row][\/et_pb_section][et_pb_section fb_built=&#8221;1&#8243; _builder_version=&#8221;4.4.7&#8243; background_enable_color=&#8221;off&#8221; background_image=&#8221;http:\/\/irkom.rs\/wp-content\/uploads\/2020\/05\/zuzu-kosnice.jpg&#8221; background_position=&#8221;top_center&#8221; custom_margin=&#8221;15px||||false|false&#8221; custom_margin_tablet=&#8221;&#8221; custom_margin_phone=&#8221;|||-237px|false|false&#8221; custom_margin_last_edited=&#8221;on|phone&#8221; custom_padding=&#8221;189px||114px||false|false&#8221; background_last_edited=&#8221;on|phone&#8221; background_position_tablet=&#8221;bottom_left&#8221; background_position_phone=&#8221;bottom_left&#8221; global_colors_info=&#8221;{}&#8221;][et_pb_row column_structure=&#8221;1_2,1_2&#8243; _builder_version=&#8221;4.4.7&#8243; custom_margin=&#8221;-57px||||false|false&#8221; custom_padding=&#8221;||||false|false&#8221; global_colors_info=&#8221;{}&#8221;][et_pb_column type=&#8221;1_2&#8243; _builder_version=&#8221;4.4.7&#8243; global_colors_info=&#8221;{}&#8221;][\/et_pb_column][et_pb_column type=&#8221;1_2&#8243; _builder_version=&#8221;4.4.7&#8243; global_colors_info=&#8221;{}&#8221;][et_pb_text content_tablet=&#8221;&#8221; content_phone=&#8221;&#8221; content_last_edited=&#8221;on|phone&#8221; _builder_version=&#8221;4.4.7&#8243; text_text_color=&#8221;#ffffff&#8221; header_font=&#8221;|600||on|||||&#8221; header_text_color=&#8221;#0c71c3&#8243; header_2_text_color=&#8221;#ffffff&#8221; custom_margin=&#8221;||7px|||&#8221; global_colors_info=&#8221;{}&#8221;]<\/p>\n<h1>METODA E APLIKIMIT<\/h1>\n<p>[\/et_pb_text][et_pb_divider color=&#8221;#0c71c3&#8243; disabled_on=&#8221;on|on|off&#8221; _builder_version=&#8221;4.4.7&#8243; custom_margin=&#8221;||-5px||false|false&#8221; global_colors_info=&#8221;{}&#8221;][\/et_pb_divider][et_pb_text content_tablet=&#8221;&#8221; content_phone=&#8221;&#8221; content_last_edited=&#8221;on|phone&#8221; _builder_version=&#8221;4.9.4&#8243; text_text_color=&#8221;#050f7f&#8221; text_font_size=&#8221;13px&#8221; text_line_height=&#8221;1.5em&#8221; header_font=&#8221;|600||on|||||&#8221; header_text_color=&#8221;#ffffff&#8221; header_2_text_color=&#8221;#ffffff&#8221; global_colors_info=&#8221;{}&#8221;]<\/p>\n<p>N\u00ebse ka nj\u00eb shtres\u00eb t\u00eb m\u00ebparshme t\u00eb boj\u00ebs q\u00eb po shk\u00ebputet, \u00ebsht\u00eb e nevojshme t\u00eb hiqet pabarazia me let\u00ebr zmerile dhe t\u00eb pastrohet sip\u00ebrfaqja. Boja aplikohet n\u00eb dy shtresa, me sp\u00ebrkatje ose me fur\u00e7\u00eb, dhe intervali midis shtresave \u00ebsht\u00eb 2-3 or\u00eb. Hollohet me uj\u00eb deri n\u00eb maksimum 15%. Kosheret e blet\u00ebve t\u00eb veshura me llak liri duhet s\u00eb pari t\u00eb thahen plot\u00ebsisht, n\u00eb m\u00ebnyr\u00eb q\u00eb shtresa sip\u00ebrfaq\u00ebsore e llakut t\u00eb hiqet me an\u00eb t\u00eb l\u00ebmimit dhe t\u00eb lejohet ngjitja e mir\u00eb e boj\u00ebs Aqualin Zuzu, p\u00ebrndryshe shtresa e aplikuar e Aqualin ZUZU mund t\u00eb shk\u00ebputet.   <\/p>\n<p>[\/et_pb_text][et_pb_image title_text=&#8221;3 n\u00eb 1-master&#8221; _builder_version=&#8221;4.4.7&#8243; global_colors_info=&#8221;{}&#8221;][\/et_pb_image][\/et_pb_column][\/et_pb_row][et_pb_row _builder_version=&#8221;4.4.7&#8243; global_colors_info=&#8221;{}&#8221;][et_pb_column type=&#8221;4_4&#8243; _builder_version=&#8221;4.4.7&#8243; global_colors_info=&#8221;{}&#8221;][et_pb_image title_text=&#8221;ngjit\u00ebse zuzu&#8221; _builder_version=&#8221;4.4.7&#8243; custom_margin=&#8221;-34px||-122px||false|false&#8221; global_colors_info=&#8221;{}&#8221;][\/et_pb_image][\/et_pb_column][\/et_pb_row][\/et_pb_section][et_pb_section fb_built=&#8221;1&#8243; _builder_version=&#8221;4.5.7&#8243; background_color=&#8221;#d8d8d8&#8243; background_enable_image=&#8221;off&#8221; custom_padding=&#8221;||||false|false&#8221; border_color_top=&#8221;#ffffff&#8221; border_width_top_tablet=&#8221;4px&#8221; border_width_top_phone=&#8221;&#8221; border_width_top_last_edited=&#8221;on|phone&#8221; global_colors_info=&#8221;{}&#8221;][et_pb_row _builder_version=&#8221;4.4.5&#8243; global_colors_info=&#8221;{}&#8221;][et_pb_column type=&#8221;4_4&#8243; _builder_version=&#8221;4.4.5&#8243; global_colors_info=&#8221;{}&#8221;][et_pb_text _builder_version=&#8221;4.9.4&#8243; text_text_color=&#8221;#ffffff&#8221; header_text_color=&#8221;#000000&#8243; header_2_text_color=&#8221;#000000&#8243; global_colors_info=&#8221;{}&#8221;]<\/p>\n<h2 style=\"text-align: center;\">Grafiku i tonit Aqualin ZUZU<\/h2>\n<p>[\/et_pb_text][\/et_pb_column][\/et_pb_row][et_pb_row column_structure=&#8221;1_4,1_4,1_4,1_4&#8243; use_custom_gutter=&#8221;on&#8221; gutter_width=&#8221;1&#8243; module_class=&#8221;dve-kolone&#8221; _builder_version=&#8221;4.4.7&#8243; custom_margin=&#8221;||-1px||false|false&#8221; custom_padding=&#8221;1px||0px||false|false&#8221; locked=&#8221;off&#8221; global_colors_info=&#8221;{}&#8221;][et_pb_column type=&#8221;1_4&#8243; _builder_version=&#8221;4.4.5&#8243; background_image=&#8221;http:\/\/irkom.rs\/wp-content\/uploads\/2020\/05\/01_bezbojni.jpg&#8221; custom_padding=&#8221;||||false|false&#8221; border_width_all=&#8221;1px&#8221; border_color_all=&#8221;#ffffff&#8221; global_colors_info=&#8221;{}&#8221;][et_pb_image src=&#8221;http:\/\/irkom.rs\/wp-content\/uploads\/2020\/06\/Aqua-zuzu-crvena-1.png&#8221; title_text=&#8221;Aqua-zuzu &#8211; e kuqe&#8221; show_in_lightbox=&#8221;on&#8221; _builder_version=&#8221;4.4.7&#8243; locked=&#8221;off&#8221; global_colors_info=&#8221;{}&#8221;][\/et_pb_image][et_pb_text _builder_version=&#8221;4.4.7&#8243; text_font=&#8221;|700||on|||||&#8221; text_text_color=&#8221;#ffffff&#8221; background_enable_color=&#8221;off&#8221; use_background_color_gradient=&#8221;on&#8221; background_color_gradient_start=&#8221;rgba(0,0,0,0.25)&#8221; background_color_gradient_end=&#8221;rgba(0,0,0,0.25)&#8221; background_color_gradient_overlays_image=&#8221;on&#8221; background_image=&#8221;http:\/\/irkom.rs\/wp-content\/uploads\/2020\/06\/Aqua-zuzu-crvena-1.png&#8221; text_text_shadow_style=&#8221;preset1&#8243; locked=&#8221;off&#8221; global_colors_info=&#8221;{}&#8221;]<\/p>\n<p style=\"text-align: center;\">E kuqe<\/p>\n<p>[\/et_pb_text][\/et_pb_column][et_pb_column type=&#8221;1_4&#8243; _builder_version=&#8221;4.4.5&#8243; background_image=&#8221;http:\/\/irkom.rs\/wp-content\/uploads\/2020\/05\/02_bor.jpg&#8221; custom_padding=&#8221;||||false|false&#8221; border_width_all=&#8221;1px&#8221; border_color_all=&#8221;#ffffff&#8221; global_colors_info=&#8221;{}&#8221;][et_pb_image src=&#8221;http:\/\/irkom.rs\/wp-content\/uploads\/2020\/06\/Aqua-zuzu-bela-ton.png&#8221; title_text=&#8221;Aqua-zuzu-ton i bardh\u00eb&#8221; show_in_lightbox=&#8221;on&#8221; _builder_version=&#8221;4.4.7&#8243; global_colors_info=&#8221;{}&#8221;][\/et_pb_image][et_pb_text _builder_version=&#8221;4.4.7&#8243; text_font=&#8221;|700||on|||||&#8221; text_text_color=&#8221;#ffffff&#8221; use_background_color_gradient=&#8221;on&#8221; background_color_gradient_start=&#8221;rgba(0,0,0,0.25)&#8221; background_color_gradient_end=&#8221;rgba(0,0,0,0.25)&#8221; background_color_gradient_overlays_image=&#8221;on&#8221; background_image=&#8221;http:\/\/irkom.rs\/wp-content\/uploads\/2020\/06\/Aqua-zuzu-bela-ton.png&#8221; text_text_shadow_style=&#8221;preset1&#8243; global_colors_info=&#8221;{}&#8221;]<\/p>\n<p style=\"text-align: center;\">E BARDH\u00cb<\/p>\n<p>[\/et_pb_text][\/et_pb_column][et_pb_column type=&#8221;1_4&#8243; _builder_version=&#8221;4.4.5&#8243; background_image=&#8221;http:\/\/irkom.rs\/wp-content\/uploads\/2020\/05\/03_tik.jpg&#8221; custom_padding=&#8221;||||false|false&#8221; border_width_all=&#8221;1px&#8221; border_color_all=&#8221;#ffffff&#8221; global_colors_info=&#8221;{}&#8221;][et_pb_image src=&#8221;http:\/\/irkom.rs\/wp-content\/uploads\/2020\/06\/Aqua-zuzu-zuta-karta.png&#8221; title_text=&#8221;Aqua-zuzu-karton i verdh\u00eb&#8221; show_in_lightbox=&#8221;on&#8221; _builder_version=&#8221;4.4.7&#8243; filter_hue_rotate=&#8221;353deg&#8221; locked=&#8221;off&#8221; global_colors_info=&#8221;{}&#8221;][\/et_pb_image][et_pb_text _builder_version=&#8221;4.4.7&#8243; text_font=&#8221;|700||on|||||&#8221; text_text_color=&#8221;#ffffff&#8221; use_background_color_gradient=&#8221;on&#8221; background_color_gradient_start=&#8221;rgba(0,0,0,0.25)&#8221; background_color_gradient_end=&#8221;rgba(0,0,0,0.25)&#8221; background_color_gradient_overlays_image=&#8221;on&#8221; background_image=&#8221;http:\/\/irkom.rs\/wp-content\/uploads\/2020\/06\/Aqua-zuzu-zuta-karta.png&#8221; filter_hue_rotate=&#8221;351deg&#8221; text_text_shadow_style=&#8221;preset1&#8243; locked=&#8221;off&#8221; global_colors_info=&#8221;{}&#8221;]<\/p>\n<p style=\"text-align: center;\">e verdh\u00eb<\/p>\n<p>[\/et_pb_text][\/et_pb_column][et_pb_column type=&#8221;1_4&#8243; _builder_version=&#8221;4.4.7&#8243; use_background_color_gradient=&#8221;on&#8221; background_color_gradient_start=&#8221;rgba(0,106,193,0.5)&#8221; background_color_gradient_end=&#8221;rgba(12,113,195,0.48)&#8221; background_color_gradient_overlays_image=&#8221;on&#8221; background_image=&#8221;http:\/\/irkom.rs\/wp-content\/uploads\/2020\/05\/04_orah.jpg&#8221; custom_padding=&#8221;||||false|false&#8221; border_width_all=&#8221;1px&#8221; border_color_all=&#8221;#ffffff&#8221; global_colors_info=&#8221;{}&#8221;][et_pb_image src=&#8221;http:\/\/irkom.rs\/wp-content\/uploads\/2020\/06\/Aqua-zuzu-plava..png&#8221; title_text=&#8221;Aqua-blu-blu.&#8221; show_in_lightbox=&#8221;on&#8221; _builder_version=&#8221;4.4.7&#8243; locked=&#8221;off&#8221; global_colors_info=&#8221;{}&#8221;][\/et_pb_image][et_pb_text _builder_version=&#8221;4.4.7&#8243; text_font=&#8221;|700||on|||||&#8221; text_text_color=&#8221;#ffffff&#8221; use_background_color_gradient=&#8221;on&#8221; background_color_gradient_start=&#8221;rgba(0,0,0,0.25)&#8221; background_color_gradient_end=&#8221;rgba(0,0,0,0.25)&#8221; background_color_gradient_overlays_image=&#8221;on&#8221; background_image=&#8221;http:\/\/irkom.rs\/wp-content\/uploads\/2020\/06\/Aqua-zuzu-plava..png&#8221; text_text_shadow_style=&#8221;preset1&#8243; locked=&#8221;off&#8221; global_colors_info=&#8221;{}&#8221;]<\/p>\n<p style=\"text-align: center;\">blu<\/p>\n<p>[\/et_pb_text][\/et_pb_column][\/et_pb_row][\/et_pb_section]<\/p>\n","protected":false},"excerpt":{"rendered":"<p>Aqualin zuzu Boj\u00ebra uji p\u00ebr HIVES Boj\u00eb me baz\u00eb uji p\u00ebr koshere blet\u00ebsh e b\u00ebr\u00eb n\u00eb baz\u00eb t\u00eb akrilateve, mbush\u00ebsve dhe pigmenteve me uj\u00eb pa l\u00ebnd\u00eb t\u00eb para q\u00eb mund t\u00eb ndikojn\u00eb negativisht te blet\u00ebt, me shtimin e pigmenteve t\u00eb q\u00ebndrueshme ndaj rrezeve UV dhe dyllit (nuk lejon q\u00eb uji t\u00eb kaloj\u00eb n\u00eb dru). Prodhohet [&hellip;]<\/p>\n","protected":false},"author":3,"featured_media":0,"parent":0,"menu_order":0,"comment_status":"closed","ping_status":"closed","template":"","meta":{"_et_pb_use_builder":"on","_et_pb_old_content":"","_et_gb_content_width":"","footnotes":""},"class_list":["post-11403","page","type-page","status-publish","hentry"],"yoast_head":"<!-- This site is optimized with the Yoast SEO plugin v27.2 - https:\/\/yoast.com\/product\/yoast-seo-wordpress\/ -->\n<title>AQUALIN ZUZU | Irkom<\/title>\n<meta name=\"robots\" content=\"index, follow, max-snippet:-1, max-image-preview:large, max-video-preview:-1\" \/>\n<link rel=\"canonical\" href=\"https:\/\/irkom.rs\/aqua-zuzu\/\" \/>\n<meta property=\"og:locale\" content=\"sq_AL\" \/>\n<meta property=\"og:type\" content=\"article\" \/>\n<meta property=\"og:title\" content=\"AQUALIN ZUZU | Irkom\" \/>\n<meta property=\"og:description\" content=\"Aqualin zuzu Boj\u00ebra uji p\u00ebr HIVES Boj\u00eb me baz\u00eb uji p\u00ebr koshere blet\u00ebsh e b\u00ebr\u00eb n\u00eb baz\u00eb t\u00eb akrilateve, mbush\u00ebsve dhe pigmenteve me uj\u00eb pa l\u00ebnd\u00eb t\u00eb para q\u00eb mund t\u00eb ndikojn\u00eb negativisht te blet\u00ebt, me shtimin e pigmenteve t\u00eb q\u00ebndrueshme ndaj rrezeve UV dhe dyllit (nuk lejon q\u00eb uji t\u00eb kaloj\u00eb n\u00eb dru). Prodhohet [&hellip;]\" \/>\n<meta property=\"og:url\" content=\"https:\/\/irkom.rs\/aqua-zuzu\/\" \/>\n<meta property=\"og:site_name\" content=\"Irkom\" \/>\n<meta property=\"article:modified_time\" content=\"2025-07-02T18:06:51+00:00\" \/>\n<meta name=\"twitter:card\" content=\"summary_large_image\" \/>\n<meta name=\"twitter:label1\" content=\"Est. reading time\" \/>\n\t<meta name=\"twitter:data1\" content=\"10 minutes\" \/>\n<script type=\"application\/ld+json\" class=\"yoast-schema-graph\">{\"@context\":\"https:\/\/schema.org\",\"@graph\":[{\"@type\":\"WebPage\",\"@id\":\"https:\/\/irkom.rs\/aqua-zuzu\/\",\"url\":\"https:\/\/irkom.rs\/aqua-zuzu\/\",\"name\":\"AQUALIN ZUZU | Irkom\",\"isPartOf\":{\"@id\":\"https:\/\/irkom.rs\/#website\"},\"datePublished\":\"2020-05-29T11:17:36+00:00\",\"dateModified\":\"2025-07-02T18:06:51+00:00\",\"breadcrumb\":{\"@id\":\"https:\/\/irkom.rs\/aqua-zuzu\/#breadcrumb\"},\"inLanguage\":\"sq-AL\",\"potentialAction\":[{\"@type\":\"ReadAction\",\"target\":[\"https:\/\/irkom.rs\/aqua-zuzu\/\"]}]},{\"@type\":\"BreadcrumbList\",\"@id\":\"https:\/\/irkom.rs\/aqua-zuzu\/#breadcrumb\",\"itemListElement\":[{\"@type\":\"ListItem\",\"position\":1,\"name\":\"\u041f\u043e\u0447\u0435\u0442\u043d\u0430\",\"item\":\"https:\/\/irkom.rs\/sq\/\"},{\"@type\":\"ListItem\",\"position\":2,\"name\":\"AQUALIN ZUZU\"}]},{\"@type\":\"WebSite\",\"@id\":\"https:\/\/irkom.rs\/#website\",\"url\":\"https:\/\/irkom.rs\/\",\"name\":\"Irkom\",\"description\":\"Boje i lakovi\",\"potentialAction\":[{\"@type\":\"SearchAction\",\"target\":{\"@type\":\"EntryPoint\",\"urlTemplate\":\"https:\/\/irkom.rs\/?s={search_term_string}\"},\"query-input\":{\"@type\":\"PropertyValueSpecification\",\"valueRequired\":true,\"valueName\":\"search_term_string\"}}],\"inLanguage\":\"sq-AL\"}]}<\/script>\n<!-- \/ Yoast SEO plugin. -->","yoast_head_json":{"title":"AQUALIN ZUZU | Irkom","robots":{"index":"index","follow":"follow","max-snippet":"max-snippet:-1","max-image-preview":"max-image-preview:large","max-video-preview":"max-video-preview:-1"},"canonical":"https:\/\/irkom.rs\/aqua-zuzu\/","og_locale":"sq_AL","og_type":"article","og_title":"AQUALIN ZUZU | Irkom","og_description":"Aqualin zuzu Boj\u00ebra uji p\u00ebr HIVES Boj\u00eb me baz\u00eb uji p\u00ebr koshere blet\u00ebsh e b\u00ebr\u00eb n\u00eb baz\u00eb t\u00eb akrilateve, mbush\u00ebsve dhe pigmenteve me uj\u00eb pa l\u00ebnd\u00eb t\u00eb para q\u00eb mund t\u00eb ndikojn\u00eb negativisht te blet\u00ebt, me shtimin e pigmenteve t\u00eb q\u00ebndrueshme ndaj rrezeve UV dhe dyllit (nuk lejon q\u00eb uji t\u00eb kaloj\u00eb n\u00eb dru). Prodhohet [&hellip;]","og_url":"https:\/\/irkom.rs\/aqua-zuzu\/","og_site_name":"Irkom","article_modified_time":"2025-07-02T18:06:51+00:00","twitter_card":"summary_large_image","twitter_misc":{"Est. reading time":"10 minutes"},"schema":{"@context":"https:\/\/schema.org","@graph":[{"@type":"WebPage","@id":"https:\/\/irkom.rs\/aqua-zuzu\/","url":"https:\/\/irkom.rs\/aqua-zuzu\/","name":"AQUALIN ZUZU | Irkom","isPartOf":{"@id":"https:\/\/irkom.rs\/#website"},"datePublished":"2020-05-29T11:17:36+00:00","dateModified":"2025-07-02T18:06:51+00:00","breadcrumb":{"@id":"https:\/\/irkom.rs\/aqua-zuzu\/#breadcrumb"},"inLanguage":"sq-AL","potentialAction":[{"@type":"ReadAction","target":["https:\/\/irkom.rs\/aqua-zuzu\/"]}]},{"@type":"BreadcrumbList","@id":"https:\/\/irkom.rs\/aqua-zuzu\/#breadcrumb","itemListElement":[{"@type":"ListItem","position":1,"name":"\u041f\u043e\u0447\u0435\u0442\u043d\u0430","item":"https:\/\/irkom.rs\/sq\/"},{"@type":"ListItem","position":2,"name":"AQUALIN ZUZU"}]},{"@type":"WebSite","@id":"https:\/\/irkom.rs\/#website","url":"https:\/\/irkom.rs\/","name":"Irkom","description":"Boje i lakovi","potentialAction":[{"@type":"SearchAction","target":{"@type":"EntryPoint","urlTemplate":"https:\/\/irkom.rs\/?s={search_term_string}"},"query-input":{"@type":"PropertyValueSpecification","valueRequired":true,"valueName":"search_term_string"}}],"inLanguage":"sq-AL"}]}},"_links":{"self":[{"href":"https:\/\/irkom.rs\/sq\/wp-json\/wp\/v2\/pages\/11403","targetHints":{"allow":["GET"]}}],"collection":[{"href":"https:\/\/irkom.rs\/sq\/wp-json\/wp\/v2\/pages"}],"about":[{"href":"https:\/\/irkom.rs\/sq\/wp-json\/wp\/v2\/types\/page"}],"author":[{"embeddable":true,"href":"https:\/\/irkom.rs\/sq\/wp-json\/wp\/v2\/users\/3"}],"replies":[{"embeddable":true,"href":"https:\/\/irkom.rs\/sq\/wp-json\/wp\/v2\/comments?post=11403"}],"version-history":[{"count":2,"href":"https:\/\/irkom.rs\/sq\/wp-json\/wp\/v2\/pages\/11403\/revisions"}],"predecessor-version":[{"id":11405,"href":"https:\/\/irkom.rs\/sq\/wp-json\/wp\/v2\/pages\/11403\/revisions\/11405"}],"wp:attachment":[{"href":"https:\/\/irkom.rs\/sq\/wp-json\/wp\/v2\/media?parent=11403"}],"curies":[{"name":"wp","href":"https:\/\/api.w.org\/{rel}","templated":true}]}}