{"id":11395,"date":"2020-06-08T05:20:49","date_gmt":"2020-06-08T05:20:49","guid":{"rendered":"https:\/\/irkom.rs\/lark-baze-aqualin\/"},"modified":"2025-07-02T18:06:43","modified_gmt":"2025-07-02T18:06:43","slug":"lark-baze-aqualin","status":"publish","type":"page","link":"https:\/\/irkom.rs\/sq\/lark-baze-aqualin\/","title":{"rendered":"LARK BAZ\u00cb AQUALIN"},"content":{"rendered":"<p>[et_pb_section fb_built=&#8221;1&#8243; next_background_color=&#8221;#efefef&#8221; _builder_version=&#8221;4.5.7&#8243; background_image=&#8221;http:\/\/irkom.rs\/wp-content\/uploads\/2020\/08\/header-aqua-lak-osnovni.jpg&#8221; background_position=&#8221;bottom_left&#8221; custom_margin_tablet=&#8221;||-34px||false|false&#8221; custom_margin_phone=&#8221;&#8221; custom_margin_last_edited=&#8221;on|phone&#8221; custom_padding=&#8221;144px||0px||false|false&#8221; bottom_divider_style=&#8221;asymmetric2&#8243; bottom_divider_flip=&#8221;horizontal&#8221; background_last_edited=&#8221;on|phone&#8221; background_position_tablet=&#8221;bottom_left&#8221; background_position_phone=&#8221;bottom_left&#8221;][et_pb_row column_structure=&#8221;1_3,1_3,1_3&#8243; _builder_version=&#8221;4.4.5&#8243; custom_margin=&#8221;5px||||false|false&#8221; custom_padding=&#8221;0px||146px|||&#8221;][et_pb_column type=&#8221;1_3&#8243; _builder_version=&#8221;4.4.5&#8243;][\/et_pb_column][et_pb_column type=&#8221;1_3&#8243; _builder_version=&#8221;4.4.5&#8243;][et_pb_image title_text=&#8221;fur\u00e7\u00eb-2&#8243; _builder_version=&#8221;4.4.7&#8243; custom_margin=&#8221;-60%|||72px|false|false&#8221; custom_margin_tablet=&#8221;|||212px|false|false&#8221; custom_margin_phone=&#8221;|||117px|false|false&#8221; custom_margin_last_edited=&#8221;on|desktop&#8221; scroll_vertical_motion=&#8221;0|51|51|100|4|0|-4&#8243; scroll_scaling_enable=&#8221;on&#8221; motion_trigger_start=&#8221;bottom&#8221;][\/et_pb_image][\/et_pb_column][et_pb_column type=&#8221;1_3&#8243; _builder_version=&#8221;4.4.5&#8243;][\/et_pb_column][\/et_pb_row][\/et_pb_section][et_pb_section fb_built=&#8221;1&#8243; _builder_version=&#8221;4.4.7&#8243; background_color=&#8221;#efefef&#8221; min_height=&#8221;298px&#8221; custom_padding=&#8221;||16px||false|false&#8221;][et_pb_row column_structure=&#8221;2_5,3_5&#8243; _builder_version=&#8221;4.4.5&#8243; custom_padding=&#8221;||12px|||&#8221;][et_pb_column type=&#8221;2_5&#8243; _builder_version=&#8221;4.4.5&#8243;][et_pb_image src=&#8221;http:\/\/irkom.rs\/wp-content\/uploads\/2020\/05\/Aqua-vodeni-lak-osnovni-2.png&#8221; alt=&#8221;Llak Irkom AQUAlin me baz\u00eb uji&#8221; title_text=&#8221;Llak me baz\u00eb uji&#8221; _builder_version=&#8221;4.9.4&#8243; custom_margin=&#8221;-181px|||||&#8221;][\/et_pb_image][\/et_pb_column][et_pb_column type=&#8221;3_5&#8243; _builder_version=&#8221;4.4.5&#8243;][et_pb_text _builder_version=&#8221;4.9.4&#8243; text_text_color=&#8221;#000000&#8243; header_font=&#8221;|600||on|||||&#8221; header_text_color=&#8221;#000000&#8243; header_2_text_color=&#8221;#000000&#8243;]<\/p>\n<h1>Shtres\u00eb baz\u00eb Aqualin<\/h1>\n<h2>VESHJE TRANSPARENTE BAZ\u00cb<\/h2>\n<p><strong>Verniku baz\u00eb Aqualin<\/strong> \u00ebsht\u00eb nj\u00eb shtres\u00eb baz\u00eb transparente e b\u00ebr\u00eb n\u00eb baz\u00eb t\u00eb dispersioneve ujore speciale t\u00eb rr\u00ebshirave akrilike dhe aditiv\u00ebve p\u00ebr mbushje dhe l\u00ebmim. Krijon nj\u00eb baz\u00eb t\u00eb jasht\u00ebzakonshme p\u00ebr aplikimin e shtres\u00ebs s\u00eb sip\u00ebrme Aqualin (me baz\u00eb uji). <\/p>\n<p>[\/et_pb_text][\/et_pb_column][\/et_pb_row][\/et_pb_section][et_pb_section fb_built=&#8221;1&#8243; next_background_color=&#8221;#ffffff&#8221; _builder_version=&#8221;4.4.7&#8243; background_enable_color=&#8221;off&#8221; background_image=&#8221;http:\/\/irkom.rs\/wp-content\/uploads\/2020\/05\/AQUA-background-1.jpg&#8221; parallax=&#8221;on&#8221; custom_margin=&#8221;-20px||||false|false&#8221; custom_padding=&#8221;58px||22px|||&#8221; top_divider_style=&#8221;asymmetric2&#8243; top_divider_color=&#8221;#efefef&#8221; top_divider_flip=&#8221;horizontal&#8221; top_divider_height_tablet=&#8221;&#8221; top_divider_height_phone=&#8221;64px&#8221; top_divider_height_last_edited=&#8221;on|phone&#8221; bottom_divider_style=&#8221;slant2&#8243; bottom_divider_height=&#8221;108px&#8221;][et_pb_row column_structure=&#8221;1_2,1_2&#8243; _builder_version=&#8221;4.4.7&#8243; custom_margin=&#8221;-6px||69px||false|false&#8221; custom_padding=&#8221;46px|||||&#8221;][et_pb_column type=&#8221;1_2&#8243; _builder_version=&#8221;4.4.5&#8243;][et_pb_text _builder_version=&#8221;4.4.7&#8243; text_text_color=&#8221;#ffffff&#8221; header_font=&#8221;|600||on|||||&#8221; header_text_color=&#8221;#ffffff&#8221; header_2_text_color=&#8221;#ffffff&#8221; min_height=&#8221;150px&#8221; custom_margin=&#8221;12px||||false|false&#8221;]<\/p>\n<h1>Produkt i sh\u00ebndetsh\u00ebm<\/h1>\n<h1>PA AROM\u00cb<\/h1>\n<p>Produkti \u00ebsht\u00eb plot\u00ebsisht i sh\u00ebndetsh\u00ebm, i prodhuar mbi parime ekologjike, pa aroma t\u00eb pak\u00ebndshme gjat\u00eb lyerjes dhe thahet shpejt.<\/p>\n<p>[\/et_pb_text][\/et_pb_column][et_pb_column type=&#8221;1_2&#8243; _builder_version=&#8221;4.4.5&#8243;][et_pb_image src=&#8221;http:\/\/irkom.rs\/wp-content\/uploads\/2020\/11\/Aqua-lak-osnovni-piktogrami-9.png&#8221; title_text=&#8221;Piktogramet baz\u00eb t\u00eb Aqua-lac-9&#8243; _builder_version=&#8221;4.7.1&#8243;][\/et_pb_image][\/et_pb_column][\/et_pb_row][\/et_pb_section][et_pb_section fb_built=&#8221;1&#8243; disabled_on=&#8221;off|off|on&#8221; _builder_version=&#8221;4.4.7&#8243; custom_margin=&#8221;-78px||-28px||false|false&#8221; custom_padding=&#8221;0px||0px||false|false&#8221;][et_pb_row disabled_on=&#8221;off|off|on&#8221; _builder_version=&#8221;4.4.7&#8243; custom_margin=&#8221;83px||||false|false&#8221;][et_pb_column type=&#8221;4_4&#8243; _builder_version=&#8221;4.4.7&#8243;][et_pb_text content_tablet=&#8221;<\/p>\n<h1 style=%22text-align: left;%22>METODA E APLIKIMIT<\/h1>\n<p>&#8221; content_phone=&#8221;<\/p>\n<h1 style=%22text-align: left;%22>METODA E APLIKIMIT<\/h1>\n<p>&#8221; content_last_edited=&#8221;on|phone&#8221; _builder_version=&#8221;4.4.7&#8243; text_text_color=&#8221;#ffffff&#8221; header_font=&#8221;|600||on|||||&#8221; header_text_color=&#8221;#0c71c3&#8243; header_2_text_color=&#8221;#ffffff&#8221; custom_margin=&#8221;||7px|||&#8221;][\/et_pb_text][et_pb_divider color=&#8221;#0c71c3&#8243; disabled_on=&#8221;off|off|on&#8221; _builder_version=&#8221;4.4.7&#8243; custom_margin=&#8221;||-5px||false|false&#8221;][\/et_pb_divider][et_pb_text content_tablet=&#8221;<\/p>\n<p style=%22text-align: left;%22>Llakja \u00ebsht\u00eb gati p\u00ebr p\u00ebrdorim, duhet t\u00eb p\u00ebrzihet mir\u00eb (mos e tundni p\u00ebr t\u00eb shmangur formimin e flluskave). Mund t\u00eb aplikohet me fur\u00e7\u00eb ose me spraj. Aplikohet e holluar sipas nevoj\u00ebs me 5-15% n\u00eb nj\u00eb ose dy shtresa me l\u00ebmim t\u00eb nd\u00ebrmjet\u00ebm. L\u00ebmohet pas 2-3 or\u00ebsh me let\u00ebr zmerile 200-220.    Lani mjetin me uj\u00eb menj\u00ebher\u00eb pas p\u00ebrdorimit. Ruajtja n\u00eb nj\u00eb temperatur\u00eb prej +5 deri n\u00eb 30 grad\u00eb Celsius (mos e ngrini). <br \/>  Mbulimi: 40-70g\/m2<\/p>\n<p>&#8221; content_phone=&#8221;<\/p>\n<p style=%22text-align: left;%22>Llakja \u00ebsht\u00eb gati p\u00ebr p\u00ebrdorim, duhet t\u00eb p\u00ebrzihet mir\u00eb (mos e tundni p\u00ebr t\u00eb shmangur formimin e flluskave). Mund t\u00eb aplikohet me fur\u00e7\u00eb ose me spraj. Aplikohet e holluar sipas nevoj\u00ebs me 5-15% n\u00eb nj\u00eb ose dy shtresa me l\u00ebmim t\u00eb nd\u00ebrmjet\u00ebm. L\u00ebmohet pas 2-3 or\u00ebsh me let\u00ebr zmerile 200-220.    Shp\u00eblani mjetin me uj\u00eb menj\u00ebher\u00eb pas p\u00ebrdorimit.<br \/>  Ruajtja n\u00eb nj\u00eb temperatur\u00eb prej +5 deri n\u00eb 30 grad\u00eb Celsius (mos e ngrini).<br \/>  Mbulimi: 40-70g\/m2<\/p>\n<p>&#8221; content_last_edited=&#8221;on|phone&#8221; _builder_version=&#8221;4.4.7&#8243; text_text_color=&#8221;#050f7f&#8221; text_font_size=&#8221;13px&#8221; text_line_height=&#8221;1.5em&#8221; header_font=&#8221;|600||on|||||&#8221; header_text_color=&#8221;#ffffff&#8221; header_2_text_color=&#8221;#ffffff&#8221;][\/et_pb_text][\/et_pb_column][\/et_pb_row][\/et_pb_section][et_pb_section fb_built=&#8221;1&#8243; _builder_version=&#8221;4.4.7&#8243; background_enable_color=&#8221;off&#8221; background_image=&#8221;http:\/\/irkom.rs\/wp-content\/uploads\/2020\/06\/Aqua-lak-osnovni-photography3.png&#8221; background_position=&#8221;top_center&#8221; custom_margin=&#8221;5px||||false|false&#8221; custom_margin_tablet=&#8221;-36px||||false|false&#8221; custom_margin_phone=&#8221;-81px|||-161px|false|false&#8221; custom_margin_last_edited=&#8221;on|phone&#8221; custom_padding=&#8221;0px||169px||false|false&#8221; background_last_edited=&#8221;on|desktop&#8221; background_position_tablet=&#8221;bottom_left&#8221; background_position_phone=&#8221;bottom_left&#8221;][et_pb_row column_structure=&#8221;2_5,3_5&#8243; _builder_version=&#8221;4.4.7&#8243; custom_margin=&#8221;-15px||||false|false&#8221; custom_padding=&#8221;||||false|false&#8221;][et_pb_column type=&#8221;2_5&#8243; _builder_version=&#8221;4.4.7&#8243;][\/et_pb_column][et_pb_column type=&#8221;3_5&#8243; _builder_version=&#8221;4.4.7&#8243;][et_pb_text content_tablet=&#8221;&#8221; content_phone=&#8221;&#8221; content_last_edited=&#8221;on|phone&#8221; _builder_version=&#8221;4.4.7&#8243; text_text_color=&#8221;#ffffff&#8221; header_font=&#8221;|600||on|||||&#8221; header_text_color=&#8221;#0c71c3&#8243; header_2_text_color=&#8221;#ffffff&#8221; custom_margin=&#8221;74px||7px||false|false&#8221; custom_margin_tablet=&#8221;&#8221; custom_margin_phone=&#8221;&#8221; custom_margin_last_edited=&#8221;on|tablet&#8221;]<\/p>\n<h1>METODA E APLIKIMIT<\/h1>\n<p>[\/et_pb_text][et_pb_divider color=&#8221;#0c71c3&#8243; disabled_on=&#8221;on|on|off&#8221; _builder_version=&#8221;4.4.7&#8243; custom_margin=&#8221;||-5px||false|false&#8221;][\/et_pb_divider][et_pb_text content_tablet=&#8221;&#8221; content_phone=&#8221;&#8221; content_last_edited=&#8221;on|tablet&#8221; _builder_version=&#8221;4.9.4&#8243; text_text_color=&#8221;#050f7f&#8221; text_font_size=&#8221;13px&#8221; text_line_height=&#8221;1.5em&#8221; header_font=&#8221;|600||on|||||&#8221; header_text_color=&#8221;#ffffff&#8221; header_2_text_color=&#8221;#ffffff&#8221;]<\/p>\n<p>Llakja \u00ebsht\u00eb gati p\u00ebr p\u00ebrdorim, duhet t\u00eb p\u00ebrzihet mir\u00eb (mos e tundni p\u00ebr t\u00eb shmangur formimin e flluskave). Mund t\u00eb aplikohet me fur\u00e7\u00eb ose me spraj. Aplikohet e holluar sipas nevoj\u00ebs me 5-15% n\u00eb nj\u00eb ose dy shtresa me l\u00ebmim t\u00eb nd\u00ebrmjet\u00ebm. L\u00ebmohet pas 2-3 or\u00ebsh me let\u00ebr zmerile 200-220. Lani mjetin me uj\u00eb menj\u00ebher\u00eb pas p\u00ebrdorimit.<br \/> Ruajtja n\u00eb nj\u00eb temperatur\u00eb prej +5 deri n\u00eb 30 grad\u00eb Celsius (mos e ngrini).<br \/> Mbulimi: 40-70g\/m2    <\/p>\n<p>[\/et_pb_text][et_pb_image title_text=&#8221;3 n\u00eb 1-master&#8221; _builder_version=&#8221;4.4.7&#8243;][\/et_pb_image][\/et_pb_column][\/et_pb_row][et_pb_row _builder_version=&#8221;4.4.7&#8243;][et_pb_column type=&#8221;4_4&#8243; _builder_version=&#8221;4.4.7&#8243;][et_pb_image title_text=&#8221;ngjit\u00ebse zuzu&#8221; _builder_version=&#8221;4.4.7&#8243; custom_margin=&#8221;-34px||-122px||false|false&#8221;][\/et_pb_image][\/et_pb_column][\/et_pb_row][\/et_pb_section]<\/p>\n","protected":false},"excerpt":{"rendered":"<p>Shtres\u00eb baz\u00eb Aqualin VESHJE TRANSPARENTE BAZ\u00cb Verniku baz\u00eb Aqualin \u00ebsht\u00eb nj\u00eb shtres\u00eb baz\u00eb transparente e b\u00ebr\u00eb n\u00eb baz\u00eb t\u00eb dispersioneve ujore speciale t\u00eb rr\u00ebshirave akrilike dhe aditiv\u00ebve p\u00ebr mbushje dhe l\u00ebmim. Krijon nj\u00eb baz\u00eb t\u00eb jasht\u00ebzakonshme p\u00ebr aplikimin e shtres\u00ebs s\u00eb sip\u00ebrme Aqualin (me baz\u00eb uji). Produkt i sh\u00ebndetsh\u00ebm PA AROM\u00cb Produkti \u00ebsht\u00eb plot\u00ebsisht i [&hellip;]<\/p>\n","protected":false},"author":3,"featured_media":0,"parent":0,"menu_order":0,"comment_status":"closed","ping_status":"closed","template":"","meta":{"_et_pb_use_builder":"on","_et_pb_old_content":"","_et_gb_content_width":"","footnotes":""},"class_list":["post-11395","page","type-page","status-publish","hentry"],"yoast_head":"<!-- This site is optimized with the Yoast SEO plugin v27.2 - https:\/\/yoast.com\/product\/yoast-seo-wordpress\/ -->\n<title>LARK BAZ\u00cb AQUALIN | Irkom<\/title>\n<meta name=\"robots\" content=\"index, follow, max-snippet:-1, max-image-preview:large, max-video-preview:-1\" \/>\n<link rel=\"canonical\" href=\"https:\/\/irkom.rs\/aqua-lak-osnovni\/\" \/>\n<meta property=\"og:locale\" content=\"sq_AL\" \/>\n<meta property=\"og:type\" content=\"article\" \/>\n<meta property=\"og:title\" content=\"LARK BAZ\u00cb AQUALIN | Irkom\" \/>\n<meta property=\"og:description\" content=\"Shtres\u00eb baz\u00eb Aqualin VESHJE TRANSPARENTE BAZ\u00cb Verniku baz\u00eb Aqualin \u00ebsht\u00eb nj\u00eb shtres\u00eb baz\u00eb transparente e b\u00ebr\u00eb n\u00eb baz\u00eb t\u00eb dispersioneve ujore speciale t\u00eb rr\u00ebshirave akrilike dhe aditiv\u00ebve p\u00ebr mbushje dhe l\u00ebmim. Krijon nj\u00eb baz\u00eb t\u00eb jasht\u00ebzakonshme p\u00ebr aplikimin e shtres\u00ebs s\u00eb sip\u00ebrme Aqualin (me baz\u00eb uji). Produkt i sh\u00ebndetsh\u00ebm PA AROM\u00cb Produkti \u00ebsht\u00eb plot\u00ebsisht i [&hellip;]\" \/>\n<meta property=\"og:url\" content=\"https:\/\/irkom.rs\/aqua-lak-osnovni\/\" \/>\n<meta property=\"og:site_name\" content=\"Irkom\" \/>\n<meta property=\"article:modified_time\" content=\"2025-07-02T18:06:43+00:00\" \/>\n<meta name=\"twitter:card\" content=\"summary_large_image\" \/>\n<meta name=\"twitter:label1\" content=\"Est. reading time\" \/>\n\t<meta name=\"twitter:data1\" content=\"6 minutes\" \/>\n<script type=\"application\/ld+json\" class=\"yoast-schema-graph\">{\"@context\":\"https:\/\/schema.org\",\"@graph\":[{\"@type\":\"WebPage\",\"@id\":\"https:\/\/irkom.rs\/aqua-lak-osnovni\/\",\"url\":\"https:\/\/irkom.rs\/aqua-lak-osnovni\/\",\"name\":\"LARK BAZ\u00cb AQUALIN | Irkom\",\"isPartOf\":{\"@id\":\"https:\/\/irkom.rs\/#website\"},\"datePublished\":\"2020-06-08T05:20:49+00:00\",\"dateModified\":\"2025-07-02T18:06:43+00:00\",\"breadcrumb\":{\"@id\":\"https:\/\/irkom.rs\/aqua-lak-osnovni\/#breadcrumb\"},\"inLanguage\":\"sq-AL\",\"potentialAction\":[{\"@type\":\"ReadAction\",\"target\":[\"https:\/\/irkom.rs\/aqua-lak-osnovni\/\"]}]},{\"@type\":\"BreadcrumbList\",\"@id\":\"https:\/\/irkom.rs\/aqua-lak-osnovni\/#breadcrumb\",\"itemListElement\":[{\"@type\":\"ListItem\",\"position\":1,\"name\":\"\u041f\u043e\u0447\u0435\u0442\u043d\u0430\",\"item\":\"https:\/\/irkom.rs\/sq\/\"},{\"@type\":\"ListItem\",\"position\":2,\"name\":\"LARK BAZ\u00cb AQUALIN\"}]},{\"@type\":\"WebSite\",\"@id\":\"https:\/\/irkom.rs\/#website\",\"url\":\"https:\/\/irkom.rs\/\",\"name\":\"Irkom\",\"description\":\"Boje i lakovi\",\"potentialAction\":[{\"@type\":\"SearchAction\",\"target\":{\"@type\":\"EntryPoint\",\"urlTemplate\":\"https:\/\/irkom.rs\/?s={search_term_string}\"},\"query-input\":{\"@type\":\"PropertyValueSpecification\",\"valueRequired\":true,\"valueName\":\"search_term_string\"}}],\"inLanguage\":\"sq-AL\"}]}<\/script>\n<!-- \/ Yoast SEO plugin. -->","yoast_head_json":{"title":"LARK BAZ\u00cb AQUALIN | Irkom","robots":{"index":"index","follow":"follow","max-snippet":"max-snippet:-1","max-image-preview":"max-image-preview:large","max-video-preview":"max-video-preview:-1"},"canonical":"https:\/\/irkom.rs\/aqua-lak-osnovni\/","og_locale":"sq_AL","og_type":"article","og_title":"LARK BAZ\u00cb AQUALIN | Irkom","og_description":"Shtres\u00eb baz\u00eb Aqualin VESHJE TRANSPARENTE BAZ\u00cb Verniku baz\u00eb Aqualin \u00ebsht\u00eb nj\u00eb shtres\u00eb baz\u00eb transparente e b\u00ebr\u00eb n\u00eb baz\u00eb t\u00eb dispersioneve ujore speciale t\u00eb rr\u00ebshirave akrilike dhe aditiv\u00ebve p\u00ebr mbushje dhe l\u00ebmim. Krijon nj\u00eb baz\u00eb t\u00eb jasht\u00ebzakonshme p\u00ebr aplikimin e shtres\u00ebs s\u00eb sip\u00ebrme Aqualin (me baz\u00eb uji). Produkt i sh\u00ebndetsh\u00ebm PA AROM\u00cb Produkti \u00ebsht\u00eb plot\u00ebsisht i [&hellip;]","og_url":"https:\/\/irkom.rs\/aqua-lak-osnovni\/","og_site_name":"Irkom","article_modified_time":"2025-07-02T18:06:43+00:00","twitter_card":"summary_large_image","twitter_misc":{"Est. reading time":"6 minutes"},"schema":{"@context":"https:\/\/schema.org","@graph":[{"@type":"WebPage","@id":"https:\/\/irkom.rs\/aqua-lak-osnovni\/","url":"https:\/\/irkom.rs\/aqua-lak-osnovni\/","name":"LARK BAZ\u00cb AQUALIN | Irkom","isPartOf":{"@id":"https:\/\/irkom.rs\/#website"},"datePublished":"2020-06-08T05:20:49+00:00","dateModified":"2025-07-02T18:06:43+00:00","breadcrumb":{"@id":"https:\/\/irkom.rs\/aqua-lak-osnovni\/#breadcrumb"},"inLanguage":"sq-AL","potentialAction":[{"@type":"ReadAction","target":["https:\/\/irkom.rs\/aqua-lak-osnovni\/"]}]},{"@type":"BreadcrumbList","@id":"https:\/\/irkom.rs\/aqua-lak-osnovni\/#breadcrumb","itemListElement":[{"@type":"ListItem","position":1,"name":"\u041f\u043e\u0447\u0435\u0442\u043d\u0430","item":"https:\/\/irkom.rs\/sq\/"},{"@type":"ListItem","position":2,"name":"LARK BAZ\u00cb AQUALIN"}]},{"@type":"WebSite","@id":"https:\/\/irkom.rs\/#website","url":"https:\/\/irkom.rs\/","name":"Irkom","description":"Boje i lakovi","potentialAction":[{"@type":"SearchAction","target":{"@type":"EntryPoint","urlTemplate":"https:\/\/irkom.rs\/?s={search_term_string}"},"query-input":{"@type":"PropertyValueSpecification","valueRequired":true,"valueName":"search_term_string"}}],"inLanguage":"sq-AL"}]}},"_links":{"self":[{"href":"https:\/\/irkom.rs\/sq\/wp-json\/wp\/v2\/pages\/11395","targetHints":{"allow":["GET"]}}],"collection":[{"href":"https:\/\/irkom.rs\/sq\/wp-json\/wp\/v2\/pages"}],"about":[{"href":"https:\/\/irkom.rs\/sq\/wp-json\/wp\/v2\/types\/page"}],"author":[{"embeddable":true,"href":"https:\/\/irkom.rs\/sq\/wp-json\/wp\/v2\/users\/3"}],"replies":[{"embeddable":true,"href":"https:\/\/irkom.rs\/sq\/wp-json\/wp\/v2\/comments?post=11395"}],"version-history":[{"count":2,"href":"https:\/\/irkom.rs\/sq\/wp-json\/wp\/v2\/pages\/11395\/revisions"}],"predecessor-version":[{"id":11399,"href":"https:\/\/irkom.rs\/sq\/wp-json\/wp\/v2\/pages\/11395\/revisions\/11399"}],"wp:attachment":[{"href":"https:\/\/irkom.rs\/sq\/wp-json\/wp\/v2\/media?parent=11395"}],"curies":[{"name":"wp","href":"https:\/\/api.w.org\/{rel}","templated":true}]}}