{"id":11391,"date":"2020-06-25T07:48:35","date_gmt":"2020-06-25T07:48:35","guid":{"rendered":"https:\/\/irkom.rs\/pikat-e-shitjes\/"},"modified":"2025-07-02T18:21:50","modified_gmt":"2025-07-02T18:21:50","slug":"pikat-e-shitjes","status":"publish","type":"page","link":"https:\/\/irkom.rs\/sq\/pikat-e-shitjes\/","title":{"rendered":"Pikat e shitjes"},"content":{"rendered":"<p>[et_pb_section fb_built=&#8221;1&#8243; fullwidth=&#8221;on&#8221; _builder_version=&#8221;4.16&#8243; background_color=&#8221;#2ea3f2&#8243; background_color_gradient_direction=&#8221;330deg&#8221; background_image=&#8221;https:\/\/irkom.rs\/wp-content\/uploads\/2020\/06\/header19.jpg&#8221; custom_margin=&#8221;||||false|false&#8221; custom_margin_tablet=&#8221;||||false|false&#8221; custom_margin_phone=&#8221;||||false|false&#8221; custom_margin_last_edited=&#8221;on|phone&#8221; custom_padding=&#8221;97px||20px||false|false&#8221; global_colors_info=&#8221;{}&#8221; da_is_popup=&#8221;off&#8221; da_exit_intent=&#8221;off&#8221; da_has_close=&#8221;on&#8221; da_alt_close=&#8221;off&#8221; da_dark_close=&#8221;off&#8221; da_not_modal=&#8221;on&#8221; da_is_singular=&#8221;off&#8221; da_with_loader=&#8221;off&#8221; da_has_shadow=&#8221;on&#8221; da_disable_devices=&#8221;off|off|off&#8221;][et_pb_fullwidth_header title=&#8221;PIKAT E SHITJES&#8221; subhead=&#8221;Gjeni dyqanin m\u00eb t\u00eb af\u00ebrt me produktet Irko&#8221; content_max_width=&#8221;none&#8221; _builder_version=&#8221;4.16&#8243; title_font=&#8221;|700|||||||&#8221; title_font_size=&#8221;70px&#8221; subhead_font=&#8221;|700|||||||&#8221; subhead_font_size=&#8221;22px&#8221; background_color=&#8221;rgba(255,255,255,0)&#8221; title_font_size_tablet=&#8221;46px&#8221; title_font_size_phone=&#8221;32px&#8221; title_font_size_last_edited=&#8221;on|phone&#8221; subhead_font_size_tablet=&#8221;19px&#8221; subhead_font_size_phone=&#8221;13px&#8221; subhead_font_size_last_edited=&#8221;on|phone&#8221; title_text_shadow_style=&#8221;preset2&#8243; text_shadow_style=&#8221;preset2&#8243; global_colors_info=&#8221;{}&#8221; button_one_text_size__hover_enabled=&#8221;off&#8221; button_two_text_size__hover_enabled=&#8221;off&#8221; button_one_text_color__hover_enabled=&#8221;off&#8221; button_two_text_color__hover_enabled=&#8221;off&#8221; button_one_border_width__hover_enabled=&#8221;off&#8221; button_two_border_width__hover_enabled=&#8221;off&#8221; button_one_border_color__hover_enabled=&#8221;off&#8221; button_two_border_color__hover_enabled=&#8221;off&#8221; button_one_border_radius__hover_enabled=&#8221;off&#8221; button_two_border_radius__hover_enabled=&#8221;off&#8221; button_one_letter_spacing__hover_enabled=&#8221;off&#8221; button_two_letter_spacing__hover_enabled=&#8221;off&#8221; button_one_bg_color__hover_enabled=&#8221;off&#8221; button_two_bg_color__hover_enabled=&#8221;off&#8221;][\/et_pb_fullwidth_header][\/et_pb_section][et_pb_section fb_built=&#8221;1&#8243; fullwidth=&#8221;on&#8221; _builder_version=&#8221;4.22.2&#8243; _module_preset=&#8221;default&#8221; height_tablet=&#8221;&#8221; height_phone=&#8221;200%&#8221; height_last_edited=&#8221;on|phone&#8221; global_colors_info=&#8221;{}&#8221; da_is_popup=&#8221;off&#8221; da_exit_intent=&#8221;off&#8221; da_has_close=&#8221;on&#8221; da_alt_close=&#8221;off&#8221; da_dark_close=&#8221;off&#8221; da_not_modal=&#8221;on&#8221; da_is_singular=&#8221;off&#8221; da_with_loader=&#8221;off&#8221; da_has_shadow=&#8221;on&#8221; da_disable_devices=&#8221;off|off|off&#8221;][et_pb_fullwidth_code _builder_version=&#8221;4.27.4&#8243; _module_preset=&#8221;default&#8221; min_height_tablet=&#8221;&#8221; min_height_phone=&#8221;470%&#8221; min_height_last_edited=&#8221;on|phone&#8221; hover_enabled=&#8221;0&#8243; global_colors_info=&#8221;{}&#8221; sticky_enabled=&#8221;0&#8243;][\/et_pb_fullwidth_code][\/et_pb_section]<\/p>\n","protected":false},"excerpt":{"rendered":"<p>[SUPER-STORE-FINDER]<\/p>\n","protected":false},"author":1,"featured_media":0,"parent":0,"menu_order":0,"comment_status":"closed","ping_status":"closed","template":"","meta":{"_et_pb_use_builder":"on","_et_pb_old_content":"","_et_gb_content_width":"","footnotes":""},"class_list":["post-11391","page","type-page","status-publish","hentry"],"yoast_head":"<!-- This site is optimized with the Yoast SEO plugin v27.2 - https:\/\/yoast.com\/product\/yoast-seo-wordpress\/ -->\n<title>Pikat e shitjes | Irkom<\/title>\n<meta name=\"robots\" content=\"index, follow, max-snippet:-1, max-image-preview:large, max-video-preview:-1\" \/>\n<link rel=\"canonical\" href=\"https:\/\/irkom.rs\/prodajna-mesta\/\" \/>\n<meta property=\"og:locale\" content=\"sq_AL\" \/>\n<meta property=\"og:type\" content=\"article\" \/>\n<meta property=\"og:title\" content=\"Pikat e shitjes | Irkom\" \/>\n<meta property=\"og:description\" content=\"[SUPER-STORE-FINDER]\" \/>\n<meta property=\"og:url\" content=\"https:\/\/irkom.rs\/prodajna-mesta\/\" \/>\n<meta property=\"og:site_name\" content=\"Irkom\" \/>\n<meta property=\"article:modified_time\" content=\"2025-07-02T18:21:50+00:00\" \/>\n<meta name=\"twitter:card\" content=\"summary_large_image\" \/>\n<meta name=\"twitter:label1\" content=\"Est. reading time\" \/>\n\t<meta name=\"twitter:data1\" content=\"2 minutes\" \/>\n<script type=\"application\/ld+json\" class=\"yoast-schema-graph\">{\"@context\":\"https:\/\/schema.org\",\"@graph\":[{\"@type\":\"WebPage\",\"@id\":\"https:\/\/irkom.rs\/prodajna-mesta\/\",\"url\":\"https:\/\/irkom.rs\/prodajna-mesta\/\",\"name\":\"Pikat e shitjes | Irkom\",\"isPartOf\":{\"@id\":\"https:\/\/irkom.rs\/#website\"},\"datePublished\":\"2020-06-25T07:48:35+00:00\",\"dateModified\":\"2025-07-02T18:21:50+00:00\",\"breadcrumb\":{\"@id\":\"https:\/\/irkom.rs\/prodajna-mesta\/#breadcrumb\"},\"inLanguage\":\"sq-AL\",\"potentialAction\":[{\"@type\":\"ReadAction\",\"target\":[\"https:\/\/irkom.rs\/prodajna-mesta\/\"]}]},{\"@type\":\"BreadcrumbList\",\"@id\":\"https:\/\/irkom.rs\/prodajna-mesta\/#breadcrumb\",\"itemListElement\":[{\"@type\":\"ListItem\",\"position\":1,\"name\":\"\u041f\u043e\u0447\u0435\u0442\u043d\u0430\",\"item\":\"https:\/\/irkom.rs\/sq\/\"},{\"@type\":\"ListItem\",\"position\":2,\"name\":\"Pikat e shitjes\"}]},{\"@type\":\"WebSite\",\"@id\":\"https:\/\/irkom.rs\/#website\",\"url\":\"https:\/\/irkom.rs\/\",\"name\":\"Irkom\",\"description\":\"Boje i lakovi\",\"potentialAction\":[{\"@type\":\"SearchAction\",\"target\":{\"@type\":\"EntryPoint\",\"urlTemplate\":\"https:\/\/irkom.rs\/?s={search_term_string}\"},\"query-input\":{\"@type\":\"PropertyValueSpecification\",\"valueRequired\":true,\"valueName\":\"search_term_string\"}}],\"inLanguage\":\"sq-AL\"}]}<\/script>\n<!-- \/ Yoast SEO plugin. -->","yoast_head_json":{"title":"Pikat e shitjes | Irkom","robots":{"index":"index","follow":"follow","max-snippet":"max-snippet:-1","max-image-preview":"max-image-preview:large","max-video-preview":"max-video-preview:-1"},"canonical":"https:\/\/irkom.rs\/prodajna-mesta\/","og_locale":"sq_AL","og_type":"article","og_title":"Pikat e shitjes | Irkom","og_description":"[SUPER-STORE-FINDER]","og_url":"https:\/\/irkom.rs\/prodajna-mesta\/","og_site_name":"Irkom","article_modified_time":"2025-07-02T18:21:50+00:00","twitter_card":"summary_large_image","twitter_misc":{"Est. reading time":"2 minutes"},"schema":{"@context":"https:\/\/schema.org","@graph":[{"@type":"WebPage","@id":"https:\/\/irkom.rs\/prodajna-mesta\/","url":"https:\/\/irkom.rs\/prodajna-mesta\/","name":"Pikat e shitjes | Irkom","isPartOf":{"@id":"https:\/\/irkom.rs\/#website"},"datePublished":"2020-06-25T07:48:35+00:00","dateModified":"2025-07-02T18:21:50+00:00","breadcrumb":{"@id":"https:\/\/irkom.rs\/prodajna-mesta\/#breadcrumb"},"inLanguage":"sq-AL","potentialAction":[{"@type":"ReadAction","target":["https:\/\/irkom.rs\/prodajna-mesta\/"]}]},{"@type":"BreadcrumbList","@id":"https:\/\/irkom.rs\/prodajna-mesta\/#breadcrumb","itemListElement":[{"@type":"ListItem","position":1,"name":"\u041f\u043e\u0447\u0435\u0442\u043d\u0430","item":"https:\/\/irkom.rs\/sq\/"},{"@type":"ListItem","position":2,"name":"Pikat e shitjes"}]},{"@type":"WebSite","@id":"https:\/\/irkom.rs\/#website","url":"https:\/\/irkom.rs\/","name":"Irkom","description":"Boje i lakovi","potentialAction":[{"@type":"SearchAction","target":{"@type":"EntryPoint","urlTemplate":"https:\/\/irkom.rs\/?s={search_term_string}"},"query-input":{"@type":"PropertyValueSpecification","valueRequired":true,"valueName":"search_term_string"}}],"inLanguage":"sq-AL"}]}},"_links":{"self":[{"href":"https:\/\/irkom.rs\/sq\/wp-json\/wp\/v2\/pages\/11391","targetHints":{"allow":["GET"]}}],"collection":[{"href":"https:\/\/irkom.rs\/sq\/wp-json\/wp\/v2\/pages"}],"about":[{"href":"https:\/\/irkom.rs\/sq\/wp-json\/wp\/v2\/types\/page"}],"author":[{"embeddable":true,"href":"https:\/\/irkom.rs\/sq\/wp-json\/wp\/v2\/users\/1"}],"replies":[{"embeddable":true,"href":"https:\/\/irkom.rs\/sq\/wp-json\/wp\/v2\/comments?post=11391"}],"version-history":[{"count":4,"href":"https:\/\/irkom.rs\/sq\/wp-json\/wp\/v2\/pages\/11391\/revisions"}],"predecessor-version":[{"id":11681,"href":"https:\/\/irkom.rs\/sq\/wp-json\/wp\/v2\/pages\/11391\/revisions\/11681"}],"wp:attachment":[{"href":"https:\/\/irkom.rs\/sq\/wp-json\/wp\/v2\/media?parent=11391"}],"curies":[{"name":"wp","href":"https:\/\/api.w.org\/{rel}","templated":true}]}}