{"id":11383,"date":"2020-06-08T07:59:54","date_gmt":"2020-06-08T07:59:54","guid":{"rendered":"https:\/\/irkom.rs\/ngjyra-baze-aqualin\/"},"modified":"2025-07-02T18:06:39","modified_gmt":"2025-07-02T18:06:39","slug":"ngjyra-baze-aqualin","status":"publish","type":"page","link":"https:\/\/irkom.rs\/sq\/ngjyra-baze-aqualin\/","title":{"rendered":"NGJYRA BAZ\u00cb AQUALIN"},"content":{"rendered":"<p>[et_pb_section fb_built=&#8221;1&#8243; next_background_color=&#8221;#efefef&#8221; _builder_version=&#8221;4.4.7&#8243; background_image=&#8221;http:\/\/irkom.rs\/wp-content\/uploads\/2020\/05\/Aqua-osnovna-boja-header18.jpg&#8221; custom_margin_tablet=&#8221;||-34px||false|false&#8221; custom_margin_phone=&#8221;&#8221; custom_margin_last_edited=&#8221;on|phone&#8221; custom_padding=&#8221;144px||0px||false|false&#8221; bottom_divider_style=&#8221;asymmetric2&#8243; bottom_divider_flip=&#8221;horizontal&#8221;][et_pb_row column_structure=&#8221;1_3,1_3,1_3&#8243; _builder_version=&#8221;4.4.5&#8243; custom_margin=&#8221;5px||||false|false&#8221; custom_padding=&#8221;0px||146px|||&#8221;][et_pb_column type=&#8221;1_3&#8243; _builder_version=&#8221;4.4.5&#8243;][\/et_pb_column][et_pb_column type=&#8221;1_3&#8243; _builder_version=&#8221;4.4.5&#8243;][et_pb_image title_text=&#8221;fur\u00e7\u00eb-2&#8243; _builder_version=&#8221;4.4.7&#8243; custom_margin=&#8221;-60%|||72px|false|false&#8221; custom_margin_tablet=&#8221;|||212px|false|false&#8221; custom_margin_phone=&#8221;|||117px|false|false&#8221; custom_margin_last_edited=&#8221;on|desktop&#8221; scroll_vertical_motion=&#8221;0|51|51|100|4|0|-4&#8243; scroll_scaling_enable=&#8221;on&#8221; motion_trigger_start=&#8221;bottom&#8221;][\/et_pb_image][\/et_pb_column][et_pb_column type=&#8221;1_3&#8243; _builder_version=&#8221;4.4.5&#8243;][\/et_pb_column][\/et_pb_row][\/et_pb_section][et_pb_section fb_built=&#8221;1&#8243; _builder_version=&#8221;4.4.7&#8243; background_color=&#8221;#efefef&#8221; min_height=&#8221;298px&#8221; custom_padding=&#8221;||16px||false|false&#8221;][et_pb_row column_structure=&#8221;2_5,3_5&#8243; _builder_version=&#8221;4.4.5&#8243; custom_padding=&#8221;||12px|||&#8221;][et_pb_column type=&#8221;2_5&#8243; _builder_version=&#8221;4.4.5&#8243;][et_pb_image src=&#8221;http:\/\/irkom.rs\/wp-content\/uploads\/2020\/05\/Aqua-vodena-osnova-za-drvo.png&#8221; alt=&#8221;Boj\u00eb me baz\u00eb uji Irkom AQUAlin p\u00ebr dru&#8221; title_text=&#8221;Aqua-dru me baz\u00eb uji&#8221; _builder_version=&#8221;4.9.4&#8243; custom_margin=&#8221;-181px|||||&#8221;][\/et_pb_image][\/et_pb_column][et_pb_column type=&#8221;3_5&#8243; _builder_version=&#8221;4.4.5&#8243;][et_pb_text _builder_version=&#8221;4.9.4&#8243; text_text_color=&#8221;#000000&#8243; header_font=&#8221;|600||on|||||&#8221; header_text_color=&#8221;#000000&#8243; header_2_text_color=&#8221;#000000&#8243;]<\/p>\n<h1>Aqualin BASIC<\/h1>\n<h2>ABATER P\u00cbR DRU ME BAZ\u00cb UJI<\/h2>\n<p><strong>Boj\u00ebra baz\u00eb me baz\u00eb uji AQUAlin<\/strong> p\u00ebr dru \u00ebsht\u00eb nj\u00eb shtres\u00eb e bazuar n\u00eb rr\u00ebshira akrilike, mbush\u00ebs dhe aditiv\u00eb l\u00ebmues.<br \/> \u00cbsht\u00eb menduar p\u00ebr aplikim para shtres\u00ebs p\u00ebrfundimtare t\u00eb smaltit Irkom Aqualin, si n\u00eb ambiente t\u00eb brendshme ashtu edhe n\u00eb ato t\u00eb jashtme. Mbush n\u00eb m\u00ebnyr\u00eb t\u00eb p\u00ebrkryer sip\u00ebrfaqen prej druri dhe \u00ebsht\u00eb i leht\u00eb p\u00ebr t\u2019u l\u00ebmuar. Produkti \u00ebsht\u00eb plot\u00ebsisht i sh\u00ebndetsh\u00ebm dhe i sigurt p\u00ebr lyerjen e lodrave t\u00eb f\u00ebmij\u00ebve, si dhe t\u00eb objekteve q\u00eb vijn\u00eb n\u00eb kontakt me ushqimin.  <\/p>\n<p>[\/et_pb_text][\/et_pb_column][\/et_pb_row][\/et_pb_section][et_pb_section fb_built=&#8221;1&#8243; next_background_color=&#8221;#ffffff&#8221; _builder_version=&#8221;4.4.7&#8243; background_enable_color=&#8221;off&#8221; background_image=&#8221;http:\/\/irkom.rs\/wp-content\/uploads\/2020\/05\/AQUA-background-1.jpg&#8221; parallax=&#8221;on&#8221; custom_margin=&#8221;-20px||||false|false&#8221; custom_padding=&#8221;58px||22px|||&#8221; top_divider_style=&#8221;asymmetric2&#8243; top_divider_color=&#8221;#efefef&#8221; top_divider_flip=&#8221;horizontal&#8221; top_divider_height_tablet=&#8221;&#8221; top_divider_height_phone=&#8221;64px&#8221; top_divider_height_last_edited=&#8221;on|phone&#8221; bottom_divider_style=&#8221;slant2&#8243; bottom_divider_height=&#8221;108px&#8221;][et_pb_row column_structure=&#8221;1_2,1_2&#8243; _builder_version=&#8221;4.4.7&#8243; custom_margin=&#8221;-6px||69px||false|false&#8221; custom_padding=&#8221;46px|||||&#8221;][et_pb_column type=&#8221;1_2&#8243; _builder_version=&#8221;4.4.5&#8243;][et_pb_text _builder_version=&#8221;4.4.7&#8243; text_text_color=&#8221;#ffffff&#8221; header_font=&#8221;|600||on|||||&#8221; header_text_color=&#8221;#ffffff&#8221; header_2_text_color=&#8221;#ffffff&#8221; min_height=&#8221;150px&#8221; custom_margin=&#8221;12px||||false|false&#8221;]<\/p>\n<h1>Produkt i sh\u00ebndetsh\u00ebm<\/h1>\n<h1>PA AROM\u00cb<\/h1>\n<p>Nuk ka aroma t\u00eb pak\u00ebndshme gjat\u00eb lyerjes, dhe shtresa e aplikuar thahet shpejt. Produkti \u00ebsht\u00eb plot\u00ebsisht i sh\u00ebndetsh\u00ebm, i prodhuar sipas parimeve ekologjike.   <\/p>\n<p>[\/et_pb_text][\/et_pb_column][et_pb_column type=&#8221;1_2&#8243; _builder_version=&#8221;4.4.5&#8243;][et_pb_image src=&#8221;http:\/\/irkom.rs\/wp-content\/uploads\/2020\/11\/Aqua-osnovna-boja-za-drvo9.png&#8221; title_text=&#8221;Boj\u00eb me baz\u00eb uji p\u00ebr dru9&#8243; _builder_version=&#8221;4.7.1&#8243;][\/et_pb_image][\/et_pb_column][\/et_pb_row][\/et_pb_section][et_pb_section fb_built=&#8221;1&#8243; disabled_on=&#8221;off|off|on&#8221; _builder_version=&#8221;4.4.7&#8243; custom_margin=&#8221;-78px||-28px||false|false&#8221; custom_padding=&#8221;0px||0px||false|false&#8221;][et_pb_row disabled_on=&#8221;off|off|on&#8221; _builder_version=&#8221;4.4.7&#8243; custom_margin=&#8221;83px||||false|false&#8221;][et_pb_column type=&#8221;4_4&#8243; _builder_version=&#8221;4.4.7&#8243;][et_pb_text content_tablet=&#8221;<\/p>\n<h1 style=%22text-align: left;%22>METODA E APLIKIMIT<\/h1>\n<p>&#8221; content_phone=&#8221;<\/p>\n<h1 style=%22text-align: left;%22>METODA E APLIKIMIT<\/h1>\n<p>&#8221; content_last_edited=&#8221;on|phone&#8221; _builder_version=&#8221;4.4.7&#8243; text_text_color=&#8221;#ffffff&#8221; header_font=&#8221;|600||on|||||&#8221; header_text_color=&#8221;#0c71c3&#8243; header_2_text_color=&#8221;#ffffff&#8221; custom_margin=&#8221;||7px|||&#8221;][\/et_pb_text][et_pb_divider color=&#8221;#0c71c3&#8243; disabled_on=&#8221;off|off|on&#8221; _builder_version=&#8221;4.4.7&#8243; custom_margin=&#8221;||-5px||false|false&#8221;][\/et_pb_divider][et_pb_text content_tablet=&#8221;<\/p>\n<p style=%22text-align: left;%22>Aplikohet n\u00eb sip\u00ebrfaqen e p\u00ebrgatitur m\u00eb par\u00eb me an\u00eb t\u00eb sp\u00ebrkatjes, fur\u00e7\u00ebs ose rulit. Boj\u00ebra duhet t\u00eb hollohet me uj\u00eb deri n\u00eb maksimum 15% paraprakisht. Shtresa \u00ebsht\u00eb e that\u00eb n\u00eb prekje pas 40 minutash, dhe l\u00ebmimi \u00ebsht\u00eb i mundur pas 2 or\u00ebsh tharjeje. Edhe pas k\u00ebsaj, mund t\u00eb aplikohet shtresa p\u00ebrfundimtare. L\u00ebmim i leht\u00eb midis \u00e7do shtrese. Lani mjetin me uj\u00eb menj\u00ebher\u00eb pas p\u00ebrdorimit. Ruajtja n\u00eb nj\u00eb temperatur\u00eb prej +5 deri n\u00eb 30 grad\u00eb Celsius (mos e ngrini).    <br \/>  Mbulim 100-130g\/m2<\/p>\n<p>&#8221; content_phone=&#8221;<\/p>\n<p style=%22text-align: left;%22>Aplikohet n\u00eb sip\u00ebrfaqen e p\u00ebrgatitur m\u00eb par\u00eb me an\u00eb t\u00eb sp\u00ebrkatjes, fur\u00e7\u00ebs ose rulit. Boj\u00ebra duhet t\u00eb hollohet me uj\u00eb deri n\u00eb maksimum 15% paraprakisht. Shtresa \u00ebsht\u00eb e that\u00eb n\u00eb prekje pas 40 minutash, dhe l\u00ebmimi \u00ebsht\u00eb i mundur pas 2 or\u00ebsh tharjeje. Edhe pas k\u00ebsaj, mund t\u00eb aplikohet shtresa p\u00ebrfundimtare. L\u00ebmim i leht\u00eb midis \u00e7do shtrese. Lani mjetin me uj\u00eb menj\u00ebher\u00eb pas p\u00ebrdorimit. Ruajtja n\u00eb nj\u00eb temperatur\u00eb prej +5 deri n\u00eb 30 grad\u00eb Celsius (mos e ngrini).    <br \/>  Mbulim 100-130g\/m2<\/p>\n<p>&#8221; content_last_edited=&#8221;on|tablet&#8221; _builder_version=&#8221;4.4.7&#8243; text_text_color=&#8221;#050f7f&#8221; text_font_size=&#8221;13px&#8221; text_line_height=&#8221;1.5em&#8221; header_font=&#8221;|600||on|||||&#8221; header_text_color=&#8221;#ffffff&#8221; header_2_text_color=&#8221;#ffffff&#8221;][\/et_pb_text][\/et_pb_column][\/et_pb_row][\/et_pb_section][et_pb_section fb_built=&#8221;1&#8243; _builder_version=&#8221;4.4.7&#8243; background_enable_color=&#8221;off&#8221; background_image=&#8221;http:\/\/irkom.rs\/wp-content\/uploads\/2020\/06\/AQUA-OSNOVNA-PHOTO5.png&#8221; background_position=&#8221;top_center&#8221; custom_margin=&#8221;27px||||false|false&#8221; custom_margin_tablet=&#8221;-36px||||false|false&#8221; custom_margin_phone=&#8221;-63px|||-91px|false|false&#8221; custom_margin_last_edited=&#8221;on|phone&#8221; custom_padding=&#8221;0px||161px||false|false&#8221; background_last_edited=&#8221;on|desktop&#8221; background_position_tablet=&#8221;bottom_left&#8221; background_position_phone=&#8221;bottom_left&#8221;][et_pb_row column_structure=&#8221;2_5,3_5&#8243; _builder_version=&#8221;4.4.7&#8243; custom_margin=&#8221;-15px||||false|false&#8221; custom_padding=&#8221;||||false|false&#8221;][et_pb_column type=&#8221;2_5&#8243; _builder_version=&#8221;4.4.7&#8243;][\/et_pb_column][et_pb_column type=&#8221;3_5&#8243; _builder_version=&#8221;4.4.7&#8243;][et_pb_text content_tablet=&#8221;&#8221; content_phone=&#8221;&#8221; content_last_edited=&#8221;on|phone&#8221; _builder_version=&#8221;4.4.7&#8243; text_text_color=&#8221;#ffffff&#8221; header_font=&#8221;|600||on|||||&#8221; header_text_color=&#8221;#0c71c3&#8243; header_2_text_color=&#8221;#ffffff&#8221; custom_margin=&#8221;74px||7px||false|false&#8221; custom_margin_tablet=&#8221;&#8221; custom_margin_phone=&#8221;&#8221; custom_margin_last_edited=&#8221;on|tablet&#8221;]<\/p>\n<h1>METODA E APLIKIMIT<\/h1>\n<p>[\/et_pb_text][et_pb_divider color=&#8221;#0c71c3&#8243; disabled_on=&#8221;on|on|off&#8221; _builder_version=&#8221;4.4.7&#8243; custom_margin=&#8221;||-5px||false|false&#8221;][\/et_pb_divider][et_pb_text content_tablet=&#8221;&#8221; content_phone=&#8221;&#8221; content_last_edited=&#8221;on|tablet&#8221; _builder_version=&#8221;4.4.7&#8243; text_text_color=&#8221;#050f7f&#8221; text_font_size=&#8221;13px&#8221; text_line_height=&#8221;1.5em&#8221; header_font=&#8221;|600||on|||||&#8221; header_text_color=&#8221;#ffffff&#8221; header_2_text_color=&#8221;#ffffff&#8221;]<\/p>\n<p>Aplikohet n\u00eb sip\u00ebrfaqen e p\u00ebrgatitur m\u00eb par\u00eb me an\u00eb t\u00eb sp\u00ebrkatjes, fur\u00e7\u00ebs ose rulit. Boj\u00ebra duhet t\u00eb hollohet me uj\u00eb deri n\u00eb maksimum 15% paraprakisht. Shtresa \u00ebsht\u00eb e that\u00eb n\u00eb prekje pas 40 minutash, dhe l\u00ebmimi \u00ebsht\u00eb i mundur pas 2 or\u00ebsh tharjeje. Dhe pas k\u00ebsaj, mund t\u00eb aplikohet shtresa p\u00ebrfundimtare. L\u00ebmim i leht\u00eb midis \u00e7do shtrese. Lani mjetin me uj\u00eb menj\u00ebher\u00eb pas p\u00ebrdorimit. Ruajtja n\u00eb nj\u00eb temperatur\u00eb prej +5 deri n\u00eb 30 grad\u00eb Celsius (mos e ngrini).      <br \/>Mbulim 100-130g\/m2<\/p>\n<p>[\/et_pb_text][et_pb_image title_text=&#8221;3 n\u00eb 1-master&#8221; _builder_version=&#8221;4.4.7&#8243;][\/et_pb_image][\/et_pb_column][\/et_pb_row][et_pb_row _builder_version=&#8221;4.4.7&#8243;][et_pb_column type=&#8221;4_4&#8243; _builder_version=&#8221;4.4.7&#8243;][et_pb_image title_text=&#8221;ngjit\u00ebse zuzu&#8221; _builder_version=&#8221;4.4.7&#8243; custom_margin=&#8221;-34px||-122px||false|false&#8221;][\/et_pb_image][\/et_pb_column][\/et_pb_row][\/et_pb_section][et_pb_section fb_built=&#8221;1&#8243; _builder_version=&#8221;4.5.7&#8243; background_enable_color=&#8221;off&#8221; background_image=&#8221;http:\/\/irkom.rs\/wp-content\/uploads\/2020\/05\/white-wood-background.jpg&#8221; custom_margin=&#8221;-44px||||false|false&#8221; custom_padding=&#8221;||||false|false&#8221; top_divider_flip=&#8221;vertical&#8221; border_color_top=&#8221;#ffffff&#8221; border_width_top_tablet=&#8221;5px&#8221; border_width_top_phone=&#8221;4px&#8221; border_width_top_last_edited=&#8221;off|desktop&#8221;][et_pb_row column_structure=&#8221;1_4,1_4,1_4,1_4&#8243; use_custom_gutter=&#8221;on&#8221; gutter_width=&#8221;1&#8243; module_class=&#8221;dve-kolone&#8221; _builder_version=&#8221;4.4.7&#8243; custom_margin=&#8221;||-1px||false|false&#8221; custom_padding=&#8221;1px||0px||false|false&#8221; locked=&#8221;off&#8221;][et_pb_column type=&#8221;1_4&#8243; _builder_version=&#8221;4.4.7&#8243; background_enable_image=&#8221;off&#8221; custom_padding=&#8221;||||false|false&#8221; border_color_all=&#8221;#ffffff&#8221;][et_pb_image src=&#8221;http:\/\/irkom.rs\/wp-content\/uploads\/2020\/06\/1.png&#8221; title_text=&#8221;1&#8243; show_in_lightbox=&#8221;on&#8221; _builder_version=&#8221;4.4.7&#8243; border_width_all=&#8221;5px&#8221; border_color_all=&#8221;rgba(0,0,0,0)&#8221; locked=&#8221;off&#8221;][\/et_pb_image][\/et_pb_column][et_pb_column type=&#8221;1_4&#8243; _builder_version=&#8221;4.4.7&#8243; background_enable_image=&#8221;off&#8221; custom_padding=&#8221;||||false|false&#8221; border_color_all=&#8221;#ffffff&#8221;][et_pb_image src=&#8221;http:\/\/irkom.rs\/wp-content\/uploads\/2020\/06\/2.png&#8221; title_text=&#8221;2&#8243; show_in_lightbox=&#8221;on&#8221; _builder_version=&#8221;4.4.7&#8243; border_width_all=&#8221;5px&#8221; border_color_all=&#8221;rgba(0,0,0,0)&#8221;][\/et_pb_image][\/et_pb_column][et_pb_column type=&#8221;1_4&#8243; _builder_version=&#8221;4.4.7&#8243; background_enable_image=&#8221;off&#8221; custom_padding=&#8221;||||false|false&#8221; border_color_all=&#8221;#ffffff&#8221;][et_pb_image src=&#8221;http:\/\/irkom.rs\/wp-content\/uploads\/2020\/06\/3.png&#8221; title_text=&#8221;3&#8243; show_in_lightbox=&#8221;on&#8221; _builder_version=&#8221;4.4.7&#8243; border_width_all=&#8221;5px&#8221; border_color_all=&#8221;rgba(0,0,0,0)&#8221; locked=&#8221;off&#8221;][\/et_pb_image][\/et_pb_column][et_pb_column type=&#8221;1_4&#8243; _builder_version=&#8221;4.4.7&#8243; background_enable_image=&#8221;off&#8221; custom_padding=&#8221;||||false|false&#8221; border_color_all=&#8221;#ffffff&#8221;][et_pb_image src=&#8221;http:\/\/irkom.rs\/wp-content\/uploads\/2020\/06\/4.png&#8221; title_text=&#8221;4&#8243; show_in_lightbox=&#8221;on&#8221; _builder_version=&#8221;4.4.7&#8243; border_width_all=&#8221;5px&#8221; border_color_all=&#8221;rgba(0,0,0,0)&#8221; locked=&#8221;off&#8221;][\/et_pb_image][\/et_pb_column][\/et_pb_row][\/et_pb_section]<\/p>\n","protected":false},"excerpt":{"rendered":"<p>Aqualin BASIC ABATER P\u00cbR DRU ME BAZ\u00cb UJI Boj\u00ebra baz\u00eb me baz\u00eb uji AQUAlin p\u00ebr dru \u00ebsht\u00eb nj\u00eb shtres\u00eb e bazuar n\u00eb rr\u00ebshira akrilike, mbush\u00ebs dhe aditiv\u00eb l\u00ebmues. \u00cbsht\u00eb menduar p\u00ebr aplikim para shtres\u00ebs p\u00ebrfundimtare t\u00eb smaltit Irkom Aqualin, si n\u00eb ambiente t\u00eb brendshme ashtu edhe n\u00eb ato t\u00eb jashtme. Mbush n\u00eb m\u00ebnyr\u00eb t\u00eb p\u00ebrkryer [&hellip;]<\/p>\n","protected":false},"author":3,"featured_media":0,"parent":0,"menu_order":0,"comment_status":"closed","ping_status":"closed","template":"","meta":{"_et_pb_use_builder":"on","_et_pb_old_content":"","_et_gb_content_width":"","footnotes":""},"class_list":["post-11383","page","type-page","status-publish","hentry"],"yoast_head":"<!-- This site is optimized with the Yoast SEO plugin v27.2 - https:\/\/yoast.com\/product\/yoast-seo-wordpress\/ -->\n<title>NGJYRA BAZ\u00cb AQUALIN | Irkom<\/title>\n<meta name=\"robots\" content=\"index, follow, max-snippet:-1, max-image-preview:large, max-video-preview:-1\" \/>\n<link rel=\"canonical\" href=\"https:\/\/irkom.rs\/aqua-osnovna-boja\/\" \/>\n<meta property=\"og:locale\" content=\"sq_AL\" \/>\n<meta property=\"og:type\" content=\"article\" \/>\n<meta property=\"og:title\" content=\"NGJYRA BAZ\u00cb AQUALIN | Irkom\" \/>\n<meta property=\"og:description\" content=\"Aqualin BASIC ABATER P\u00cbR DRU ME BAZ\u00cb UJI Boj\u00ebra baz\u00eb me baz\u00eb uji AQUAlin p\u00ebr dru \u00ebsht\u00eb nj\u00eb shtres\u00eb e bazuar n\u00eb rr\u00ebshira akrilike, mbush\u00ebs dhe aditiv\u00eb l\u00ebmues. \u00cbsht\u00eb menduar p\u00ebr aplikim para shtres\u00ebs p\u00ebrfundimtare t\u00eb smaltit Irkom Aqualin, si n\u00eb ambiente t\u00eb brendshme ashtu edhe n\u00eb ato t\u00eb jashtme. Mbush n\u00eb m\u00ebnyr\u00eb t\u00eb p\u00ebrkryer [&hellip;]\" \/>\n<meta property=\"og:url\" content=\"https:\/\/irkom.rs\/aqua-osnovna-boja\/\" \/>\n<meta property=\"og:site_name\" content=\"Irkom\" \/>\n<meta property=\"article:modified_time\" content=\"2025-07-02T18:06:39+00:00\" \/>\n<meta name=\"twitter:card\" content=\"summary_large_image\" \/>\n<meta name=\"twitter:label1\" content=\"Est. reading time\" \/>\n\t<meta name=\"twitter:data1\" content=\"8 minutes\" \/>\n<script type=\"application\/ld+json\" class=\"yoast-schema-graph\">{\"@context\":\"https:\/\/schema.org\",\"@graph\":[{\"@type\":\"WebPage\",\"@id\":\"https:\/\/irkom.rs\/aqua-osnovna-boja\/\",\"url\":\"https:\/\/irkom.rs\/aqua-osnovna-boja\/\",\"name\":\"NGJYRA BAZ\u00cb AQUALIN | Irkom\",\"isPartOf\":{\"@id\":\"https:\/\/irkom.rs\/#website\"},\"datePublished\":\"2020-06-08T07:59:54+00:00\",\"dateModified\":\"2025-07-02T18:06:39+00:00\",\"breadcrumb\":{\"@id\":\"https:\/\/irkom.rs\/aqua-osnovna-boja\/#breadcrumb\"},\"inLanguage\":\"sq-AL\",\"potentialAction\":[{\"@type\":\"ReadAction\",\"target\":[\"https:\/\/irkom.rs\/aqua-osnovna-boja\/\"]}]},{\"@type\":\"BreadcrumbList\",\"@id\":\"https:\/\/irkom.rs\/aqua-osnovna-boja\/#breadcrumb\",\"itemListElement\":[{\"@type\":\"ListItem\",\"position\":1,\"name\":\"\u041f\u043e\u0447\u0435\u0442\u043d\u0430\",\"item\":\"https:\/\/irkom.rs\/sq\/\"},{\"@type\":\"ListItem\",\"position\":2,\"name\":\"NGJYRA BAZ\u00cb AQUALIN\"}]},{\"@type\":\"WebSite\",\"@id\":\"https:\/\/irkom.rs\/#website\",\"url\":\"https:\/\/irkom.rs\/\",\"name\":\"Irkom\",\"description\":\"Boje i lakovi\",\"potentialAction\":[{\"@type\":\"SearchAction\",\"target\":{\"@type\":\"EntryPoint\",\"urlTemplate\":\"https:\/\/irkom.rs\/?s={search_term_string}\"},\"query-input\":{\"@type\":\"PropertyValueSpecification\",\"valueRequired\":true,\"valueName\":\"search_term_string\"}}],\"inLanguage\":\"sq-AL\"}]}<\/script>\n<!-- \/ Yoast SEO plugin. -->","yoast_head_json":{"title":"NGJYRA BAZ\u00cb AQUALIN | Irkom","robots":{"index":"index","follow":"follow","max-snippet":"max-snippet:-1","max-image-preview":"max-image-preview:large","max-video-preview":"max-video-preview:-1"},"canonical":"https:\/\/irkom.rs\/aqua-osnovna-boja\/","og_locale":"sq_AL","og_type":"article","og_title":"NGJYRA BAZ\u00cb AQUALIN | Irkom","og_description":"Aqualin BASIC ABATER P\u00cbR DRU ME BAZ\u00cb UJI Boj\u00ebra baz\u00eb me baz\u00eb uji AQUAlin p\u00ebr dru \u00ebsht\u00eb nj\u00eb shtres\u00eb e bazuar n\u00eb rr\u00ebshira akrilike, mbush\u00ebs dhe aditiv\u00eb l\u00ebmues. \u00cbsht\u00eb menduar p\u00ebr aplikim para shtres\u00ebs p\u00ebrfundimtare t\u00eb smaltit Irkom Aqualin, si n\u00eb ambiente t\u00eb brendshme ashtu edhe n\u00eb ato t\u00eb jashtme. Mbush n\u00eb m\u00ebnyr\u00eb t\u00eb p\u00ebrkryer [&hellip;]","og_url":"https:\/\/irkom.rs\/aqua-osnovna-boja\/","og_site_name":"Irkom","article_modified_time":"2025-07-02T18:06:39+00:00","twitter_card":"summary_large_image","twitter_misc":{"Est. reading time":"8 minutes"},"schema":{"@context":"https:\/\/schema.org","@graph":[{"@type":"WebPage","@id":"https:\/\/irkom.rs\/aqua-osnovna-boja\/","url":"https:\/\/irkom.rs\/aqua-osnovna-boja\/","name":"NGJYRA BAZ\u00cb AQUALIN | Irkom","isPartOf":{"@id":"https:\/\/irkom.rs\/#website"},"datePublished":"2020-06-08T07:59:54+00:00","dateModified":"2025-07-02T18:06:39+00:00","breadcrumb":{"@id":"https:\/\/irkom.rs\/aqua-osnovna-boja\/#breadcrumb"},"inLanguage":"sq-AL","potentialAction":[{"@type":"ReadAction","target":["https:\/\/irkom.rs\/aqua-osnovna-boja\/"]}]},{"@type":"BreadcrumbList","@id":"https:\/\/irkom.rs\/aqua-osnovna-boja\/#breadcrumb","itemListElement":[{"@type":"ListItem","position":1,"name":"\u041f\u043e\u0447\u0435\u0442\u043d\u0430","item":"https:\/\/irkom.rs\/sq\/"},{"@type":"ListItem","position":2,"name":"NGJYRA BAZ\u00cb AQUALIN"}]},{"@type":"WebSite","@id":"https:\/\/irkom.rs\/#website","url":"https:\/\/irkom.rs\/","name":"Irkom","description":"Boje i lakovi","potentialAction":[{"@type":"SearchAction","target":{"@type":"EntryPoint","urlTemplate":"https:\/\/irkom.rs\/?s={search_term_string}"},"query-input":{"@type":"PropertyValueSpecification","valueRequired":true,"valueName":"search_term_string"}}],"inLanguage":"sq-AL"}]}},"_links":{"self":[{"href":"https:\/\/irkom.rs\/sq\/wp-json\/wp\/v2\/pages\/11383","targetHints":{"allow":["GET"]}}],"collection":[{"href":"https:\/\/irkom.rs\/sq\/wp-json\/wp\/v2\/pages"}],"about":[{"href":"https:\/\/irkom.rs\/sq\/wp-json\/wp\/v2\/types\/page"}],"author":[{"embeddable":true,"href":"https:\/\/irkom.rs\/sq\/wp-json\/wp\/v2\/users\/3"}],"replies":[{"embeddable":true,"href":"https:\/\/irkom.rs\/sq\/wp-json\/wp\/v2\/comments?post=11383"}],"version-history":[{"count":2,"href":"https:\/\/irkom.rs\/sq\/wp-json\/wp\/v2\/pages\/11383\/revisions"}],"predecessor-version":[{"id":11387,"href":"https:\/\/irkom.rs\/sq\/wp-json\/wp\/v2\/pages\/11383\/revisions\/11387"}],"wp:attachment":[{"href":"https:\/\/irkom.rs\/sq\/wp-json\/wp\/v2\/media?parent=11383"}],"curies":[{"name":"wp","href":"https:\/\/api.w.org\/{rel}","templated":true}]}}