{"id":11379,"date":"2020-06-04T10:23:24","date_gmt":"2020-06-04T10:23:24","guid":{"rendered":"https:\/\/irkom.rs\/lark-parketi-aqualin\/"},"modified":"2025-07-02T18:06:35","modified_gmt":"2025-07-02T18:06:35","slug":"lark-parketi-aqualin","status":"publish","type":"page","link":"https:\/\/irkom.rs\/sq\/lark-parketi-aqualin\/","title":{"rendered":"LARK PARKETI AQUALIN"},"content":{"rendered":"<p>[et_pb_section fb_built=&#8221;1&#8243; next_background_color=&#8221;#efefef&#8221; _builder_version=&#8221;4.4.7&#8243; background_image=&#8221;http:\/\/irkom.rs\/wp-content\/uploads\/2020\/05\/Aqua-lak-za-parket-header.jpg&#8221; background_position=&#8221;top_center&#8221; custom_margin_tablet=&#8221;||-34px||false|false&#8221; custom_margin_phone=&#8221;&#8221; custom_margin_last_edited=&#8221;on|phone&#8221; custom_padding=&#8221;144px||0px||false|false&#8221; bottom_divider_style=&#8221;asymmetric2&#8243; bottom_divider_flip=&#8221;horizontal&#8221;][et_pb_row column_structure=&#8221;1_3,1_3,1_3&#8243; _builder_version=&#8221;4.4.5&#8243; custom_margin=&#8221;5px||||false|false&#8221; custom_padding=&#8221;0px||146px|||&#8221;][et_pb_column type=&#8221;1_3&#8243; _builder_version=&#8221;4.4.5&#8243;][\/et_pb_column][et_pb_column type=&#8221;1_3&#8243; _builder_version=&#8221;4.4.5&#8243;][et_pb_image title_text=&#8221;fur\u00e7\u00eb-2&#8243; _builder_version=&#8221;4.4.7&#8243; custom_margin=&#8221;-60%|||72px|false|false&#8221; custom_margin_tablet=&#8221;|||212px|false|false&#8221; custom_margin_phone=&#8221;|||117px|false|false&#8221; custom_margin_last_edited=&#8221;on|desktop&#8221; scroll_vertical_motion=&#8221;0|51|51|100|4|0|-4&#8243; scroll_scaling_enable=&#8221;on&#8221; motion_trigger_start=&#8221;bottom&#8221;][\/et_pb_image][\/et_pb_column][et_pb_column type=&#8221;1_3&#8243; _builder_version=&#8221;4.4.5&#8243;][\/et_pb_column][\/et_pb_row][\/et_pb_section][et_pb_section fb_built=&#8221;1&#8243; _builder_version=&#8221;4.4.7&#8243; background_color=&#8221;#efefef&#8221; min_height=&#8221;298px&#8221; custom_padding=&#8221;||16px||false|false&#8221;][et_pb_row column_structure=&#8221;2_5,3_5&#8243; _builder_version=&#8221;4.4.5&#8243; custom_padding=&#8221;||12px|||&#8221;][et_pb_column type=&#8221;2_5&#8243; _builder_version=&#8221;4.4.5&#8243;][et_pb_image src=&#8221;http:\/\/irkom.rs\/wp-content\/uploads\/2020\/05\/Aqua-lak-za-parket-1.png&#8221; alt=&#8221;Llak parketi Irkom AQUAlin&#8221; title_text=&#8221;Aqua-llak-p\u00ebr-parket&#8221; _builder_version=&#8221;4.9.4&#8243; custom_margin=&#8221;-181px|||||&#8221;][\/et_pb_image][\/et_pb_column][et_pb_column type=&#8221;3_5&#8243; _builder_version=&#8221;4.4.5&#8243;][et_pb_text _builder_version=&#8221;4.9.4&#8243; text_text_color=&#8221;#000000&#8243; header_font=&#8221;|600||on|||||&#8221; header_text_color=&#8221;#000000&#8243; header_2_text_color=&#8221;#000000&#8243;]<\/p>\n<h1>Llak parketi Aqualin<\/h1>\n<h2>Veshje Dekorative Transparente<\/h2>\n<p><strong>AQUAlin LAK p\u00ebr parket<\/strong> \u00ebsht\u00eb nj\u00eb shtres\u00eb dekorative transparente e bazuar n\u00eb dispersione t\u00eb ve\u00e7anta uji, rr\u00ebshira akrilike dhe aditiv\u00eb. Karakterizohet nga nj\u00eb shk\u00eblqim prej 80%, elasticitet, fort\u00ebsi dhe rezistenc\u00eb ndaj konsumimit t\u00eb jasht\u00ebzakonshme. Gjithashtu, produkti \u00ebsht\u00eb plot\u00ebsisht i sh\u00ebndetsh\u00ebm, i prodhuar mbi parime ekologjike, pa aroma t\u00eb pak\u00ebndshme gjat\u00eb lyerjes dhe thahet shpejt.  <\/p>\n<p>[\/et_pb_text][\/et_pb_column][\/et_pb_row][\/et_pb_section][et_pb_section fb_built=&#8221;1&#8243; next_background_color=&#8221;#ffffff&#8221; _builder_version=&#8221;4.4.7&#8243; background_enable_color=&#8221;off&#8221; background_image=&#8221;http:\/\/irkom.rs\/wp-content\/uploads\/2020\/05\/AQUA-background-1.jpg&#8221; parallax=&#8221;on&#8221; custom_margin=&#8221;-20px||||false|false&#8221; custom_padding=&#8221;58px||22px|||&#8221; top_divider_style=&#8221;asymmetric2&#8243; top_divider_color=&#8221;#efefef&#8221; top_divider_flip=&#8221;horizontal&#8221; top_divider_height_tablet=&#8221;&#8221; top_divider_height_phone=&#8221;64px&#8221; top_divider_height_last_edited=&#8221;on|phone&#8221; bottom_divider_style=&#8221;slant2&#8243; bottom_divider_height=&#8221;108px&#8221;][et_pb_row column_structure=&#8221;1_2,1_2&#8243; _builder_version=&#8221;4.4.7&#8243; custom_margin=&#8221;-6px||69px||false|false&#8221; custom_padding=&#8221;46px|||||&#8221;][et_pb_column type=&#8221;1_2&#8243; _builder_version=&#8221;4.4.5&#8243;][et_pb_text _builder_version=&#8221;4.4.7&#8243; text_text_color=&#8221;#ffffff&#8221; header_font=&#8221;|600||on|||||&#8221; header_text_color=&#8221;#ffffff&#8221; header_2_text_color=&#8221;#ffffff&#8221; min_height=&#8221;150px&#8221; custom_margin=&#8221;12px||||false|false&#8221;]<\/p>\n<h1>Produkt i sh\u00ebndetsh\u00ebm<\/h1>\n<h1>PA AROM\u00cb<\/h1>\n<p>Nuk ka aroma t\u00eb pak\u00ebndshme gjat\u00eb lyerjes, dhe shtresa e aplikuar thahet shpejt. Produkti \u00ebsht\u00eb plot\u00ebsisht i sh\u00ebndetsh\u00ebm, i prodhuar sipas parimeve ekologjike.  \u00cbsht\u00eb i sigurt p\u00ebr ngjyrosjen e lodrave t\u00eb f\u00ebmij\u00ebve, si dhe t\u00eb objekteve q\u00eb vijn\u00eb n\u00eb kontakt me ushqimin.<\/p>\n<p>[\/et_pb_text][\/et_pb_column][et_pb_column type=&#8221;1_2&#8243; _builder_version=&#8221;4.4.5&#8243;][et_pb_image src=&#8221;http:\/\/irkom.rs\/wp-content\/uploads\/2020\/11\/Aqua-lak-za-parket-pikotgrami-9.png&#8221; title_text=&#8221;Pikograme me llak uji p\u00ebr parket-9&#8243; _builder_version=&#8221;4.7.1&#8243;][\/et_pb_image][\/et_pb_column][\/et_pb_row][\/et_pb_section][et_pb_section fb_built=&#8221;1&#8243; disabled_on=&#8221;off|off|on&#8221; _builder_version=&#8221;4.4.7&#8243; custom_margin=&#8221;-78px||-28px||false|false&#8221; custom_padding=&#8221;0px||0px||false|false&#8221;][et_pb_row disabled_on=&#8221;off|off|on&#8221; _builder_version=&#8221;4.4.7&#8243; custom_margin=&#8221;83px||||false|false&#8221;][et_pb_column type=&#8221;4_4&#8243; _builder_version=&#8221;4.4.7&#8243;][et_pb_text content_tablet=&#8221;<\/p>\n<h1 style=%22text-align: left;%22>METODA E APLIKIMIT<\/h1>\n<p>&#8221; content_phone=&#8221;<\/p>\n<h1 style=%22text-align: left;%22>METODA E APLIKIMIT<\/h1>\n<p>&#8221; content_last_edited=&#8221;on|phone&#8221; _builder_version=&#8221;4.4.7&#8243; text_text_color=&#8221;#ffffff&#8221; header_font=&#8221;|600||on|||||&#8221; header_text_color=&#8221;#0c71c3&#8243; header_2_text_color=&#8221;#ffffff&#8221; custom_margin=&#8221;||7px|||&#8221;][\/et_pb_text][et_pb_divider color=&#8221;#dddddd&#8221; divider_weight=&#8221;2px&#8221; disabled_on=&#8221;off|off|on&#8221; _builder_version=&#8221;4.4.7&#8243;][\/et_pb_divider][et_pb_text content_tablet=&#8221;<\/p>\n<p style=%22text-align: left;%22><strong>Lyerja Aqua p\u00ebr parket<\/strong> \u00ebsht\u00eb gati p\u00ebr p\u00ebrdorim, duhet t\u00eb p\u00ebrzihet mir\u00eb (mos e tundni p\u00ebr t\u00eb shmangur formimin e flluskave). Mund t\u00eb aplikohet me fur\u00e7\u00eb, sp\u00ebrkat\u00ebs ose rul. Aplikohet n\u00eb tre shtresa t\u00eb holla. Shtresa e par\u00eb aplikohet e holluar 15% me uj\u00eb n\u00eb nj\u00eb substrat t\u00eb p\u00ebrgatitur mir\u00eb (plasaritjet e mbushura, t\u00eb l\u00ebmuara dhe t\u00eb pastruara nga pluhuri). Pas 3-4 or\u00ebsh, rekomandohet l\u00ebmimi manual me let\u00ebr zmerile 180-220. Pas k\u00ebsaj, aplikoni shtres\u00ebn e dyt\u00eb, dhe pas 2 or\u00ebsh, shtres\u00ebn e tret\u00eb me lustrim t\u00eb nd\u00ebrmjet\u00ebm. Shtresat duhet t\u00eb aplikohen n\u00eb m\u00ebnyr\u00eb t\u00eb barabart\u00eb p\u00ebr t\u00eb siguruar tharje t\u00eb duhur. N\u00ebse aplikohet nj\u00eb shtres\u00eb m\u00eb e madhe, koha e tharjes \u00ebsht\u00eb m\u00eb e gjat\u00eb dhe llaku humbet vetit\u00eb e tij mekanike. Pas 24 or\u00ebsh, llaku mund t\u00eb shkelet, dhe pas 48-72 or\u00ebsh, qilimi dhe gj\u00ebra t\u00eb tjera mund t\u00eb aplikohen.        <\/p>\n<p>&#8221; content_phone=&#8221;<\/p>\n<p style=%22text-align: left;%22><strong>Lyerja Aqua p\u00ebr parket<\/strong> \u00ebsht\u00eb gati p\u00ebr p\u00ebrdorim, duhet t\u00eb p\u00ebrzihet mir\u00eb (mos e tundni p\u00ebr t\u00eb shmangur formimin e flluskave). Mund t\u00eb aplikohet me fur\u00e7\u00eb, sp\u00ebrkat\u00ebs ose rul. Aplikohet n\u00eb tre shtresa t\u00eb holla. Shtresa e par\u00eb aplikohet e holluar 15% me uj\u00eb n\u00eb nj\u00eb substrat t\u00eb p\u00ebrgatitur mir\u00eb (plasaritjet e mbushura, t\u00eb l\u00ebmuara dhe t\u00eb pastruara nga pluhuri). Pas 3-4 or\u00ebsh, rekomandohet l\u00ebmimi manual me let\u00ebr zmerile 180-220. Pas k\u00ebsaj, aplikoni shtres\u00ebn e dyt\u00eb, dhe pas 2 or\u00ebsh, shtres\u00ebn e tret\u00eb me lustrim t\u00eb nd\u00ebrmjet\u00ebm. Shtresat duhet t\u00eb aplikohen n\u00eb m\u00ebnyr\u00eb t\u00eb barabart\u00eb p\u00ebr t\u00eb siguruar tharje t\u00eb duhur. N\u00ebse aplikohet nj\u00eb shtres\u00eb m\u00eb e madhe, koha e tharjes \u00ebsht\u00eb m\u00eb e gjat\u00eb dhe llaku humbet vetit\u00eb e tij mekanike. Pas 24 or\u00ebsh, llaku mund t\u00eb shkelet, dhe pas 48-72 or\u00ebsh, qilimi dhe gj\u00ebra t\u00eb tjera mund t\u00eb aplikohen.        <\/p>\n<p>&#8221; content_last_edited=&#8221;on|phone&#8221; _builder_version=&#8221;4.4.7&#8243; text_text_color=&#8221;#050f7f&#8221; text_font_size=&#8221;13px&#8221; text_line_height=&#8221;1.5em&#8221; header_font=&#8221;|600||on|||||&#8221; header_text_color=&#8221;#ffffff&#8221; header_2_text_color=&#8221;#ffffff&#8221;][\/et_pb_text][\/et_pb_column][\/et_pb_row][\/et_pb_section][et_pb_section fb_built=&#8221;1&#8243; _builder_version=&#8221;4.4.7&#8243; background_enable_color=&#8221;off&#8221; background_image=&#8221;http:\/\/irkom.rs\/wp-content\/uploads\/2020\/06\/lak-za-parket-photo21.png&#8221; custom_margin=&#8221;||||false|false&#8221; custom_margin_tablet=&#8221;-36px||||false|false&#8221; custom_margin_phone=&#8221;-46px|||-92px|false|false&#8221; custom_margin_last_edited=&#8221;on|phone&#8221; custom_padding=&#8221;0px||208px||false|false&#8221; background_last_edited=&#8221;on|phone&#8221; background_position_tablet=&#8221;bottom_left&#8221; background_position_phone=&#8221;bottom_left&#8221;][et_pb_row column_structure=&#8221;2_5,3_5&#8243; _builder_version=&#8221;4.4.7&#8243; custom_margin=&#8221;-15px||||false|false&#8221; custom_padding=&#8221;||||false|false&#8221;][et_pb_column type=&#8221;2_5&#8243; _builder_version=&#8221;4.4.7&#8243;][\/et_pb_column][et_pb_column type=&#8221;3_5&#8243; _builder_version=&#8221;4.4.7&#8243;][et_pb_text content_tablet=&#8221;&#8221; content_phone=&#8221;&#8221; content_last_edited=&#8221;on|phone&#8221; _builder_version=&#8221;4.4.7&#8243; text_text_color=&#8221;#ffffff&#8221; header_font=&#8221;|600||on|||||&#8221; header_text_color=&#8221;#0c71c3&#8243; header_2_text_color=&#8221;#ffffff&#8221; custom_margin=&#8221;74px||7px||false|false&#8221; custom_margin_tablet=&#8221;&#8221; custom_margin_phone=&#8221;&#8221; custom_margin_last_edited=&#8221;on|tablet&#8221;]<\/p>\n<h1>METODA E APLIKIMIT<\/h1>\n<p>[\/et_pb_text][et_pb_divider color=&#8221;#d1d1d1&#8243; divider_weight=&#8221;2px&#8221; disabled_on=&#8221;on|on|off&#8221; _builder_version=&#8221;4.4.7&#8243;][\/et_pb_divider][et_pb_text content_tablet=&#8221;&#8221; content_phone=&#8221;&#8221; content_last_edited=&#8221;on|tablet&#8221; _builder_version=&#8221;4.9.4&#8243; text_text_color=&#8221;#050f7f&#8221; text_font_size=&#8221;13px&#8221; text_line_height=&#8221;1.5em&#8221; header_font=&#8221;|600||on|||||&#8221; header_text_color=&#8221;#ffffff&#8221; header_2_text_color=&#8221;#ffffff&#8221;]<\/p>\n<p><strong>Llak parketi Aqualin<\/strong> \u00ebsht\u00eb gati p\u00ebr p\u00ebrdorim, duhet t\u00eb p\u00ebrzihet mir\u00eb (mos e tundni p\u00ebr t\u00eb shmangur formimin e flluskave). Mund t\u00eb aplikohet me fur\u00e7\u00eb, spraj ose rul. Aplikohet n\u00eb tre shtresa t\u00eb holla. Shtresa e par\u00eb aplikohet e holluar 15% me uj\u00eb n\u00eb nj\u00eb substrat t\u00eb p\u00ebrgatitur mir\u00eb (plasaritjet e mbushura, t\u00eb l\u00ebmuara dhe t\u00eb pastruara nga pluhuri). Pas 3 &#8211; 4 or\u00ebsh, rekomandohet l\u00ebmimi manual me let\u00ebr zmerile 180-220. Pas k\u00ebsaj, aplikoni shtres\u00ebn e dyt\u00eb, dhe pas 2 or\u00ebsh, shtres\u00ebn e tret\u00eb me lustrim t\u00eb nd\u00ebrmjet\u00ebm. Shtresat duhet t\u00eb aplikohen n\u00eb m\u00ebnyr\u00eb t\u00eb barabart\u00eb p\u00ebr t\u00eb siguruar tharje t\u00eb duhur. N\u00ebse aplikohet nj\u00eb shtres\u00eb m\u00eb e madhe, koha e tharjes \u00ebsht\u00eb m\u00eb e gjat\u00eb dhe llaku humbet vetit\u00eb e tij mekanike. Pas 24 or\u00ebsh, llaku mund t\u00eb shkelet, dhe pas 48-72 or\u00ebsh, qilimi dhe gj\u00ebra t\u00eb tjera mund t\u00eb futen.        <\/p>\n<p>[\/et_pb_text][et_pb_image title_text=&#8221;3 n\u00eb 1-master&#8221; _builder_version=&#8221;4.4.7&#8243;][\/et_pb_image][\/et_pb_column][\/et_pb_row][et_pb_row _builder_version=&#8221;4.4.7&#8243;][et_pb_column type=&#8221;4_4&#8243; _builder_version=&#8221;4.4.7&#8243;][et_pb_image title_text=&#8221;ngjit\u00ebse zuzu&#8221; _builder_version=&#8221;4.4.7&#8243; custom_margin=&#8221;-34px||-122px||false|false&#8221;][\/et_pb_image][\/et_pb_column][\/et_pb_row][\/et_pb_section]<\/p>\n","protected":false},"excerpt":{"rendered":"<p>Llak parketi Aqualin Veshje Dekorative Transparente AQUAlin LAK p\u00ebr parket \u00ebsht\u00eb nj\u00eb shtres\u00eb dekorative transparente e bazuar n\u00eb dispersione t\u00eb ve\u00e7anta uji, rr\u00ebshira akrilike dhe aditiv\u00eb. Karakterizohet nga nj\u00eb shk\u00eblqim prej 80%, elasticitet, fort\u00ebsi dhe rezistenc\u00eb ndaj konsumimit t\u00eb jasht\u00ebzakonshme. Gjithashtu, produkti \u00ebsht\u00eb plot\u00ebsisht i sh\u00ebndetsh\u00ebm, i prodhuar mbi parime ekologjike, pa aroma t\u00eb pak\u00ebndshme [&hellip;]<\/p>\n","protected":false},"author":3,"featured_media":0,"parent":0,"menu_order":0,"comment_status":"closed","ping_status":"closed","template":"","meta":{"_et_pb_use_builder":"on","_et_pb_old_content":"","_et_gb_content_width":"","footnotes":""},"class_list":["post-11379","page","type-page","status-publish","hentry"],"yoast_head":"<!-- This site is optimized with the Yoast SEO plugin v27.2 - https:\/\/yoast.com\/product\/yoast-seo-wordpress\/ -->\n<title>LARK PARKETI AQUALIN | Irkom<\/title>\n<meta name=\"robots\" content=\"index, follow, max-snippet:-1, max-image-preview:large, max-video-preview:-1\" \/>\n<link rel=\"canonical\" href=\"https:\/\/irkom.rs\/aqua-lak-za-parket\/\" \/>\n<meta property=\"og:locale\" content=\"sq_AL\" \/>\n<meta property=\"og:type\" content=\"article\" \/>\n<meta property=\"og:title\" content=\"LARK PARKETI AQUALIN | Irkom\" \/>\n<meta property=\"og:description\" content=\"Llak parketi Aqualin Veshje Dekorative Transparente AQUAlin LAK p\u00ebr parket \u00ebsht\u00eb nj\u00eb shtres\u00eb dekorative transparente e bazuar n\u00eb dispersione t\u00eb ve\u00e7anta uji, rr\u00ebshira akrilike dhe aditiv\u00eb. Karakterizohet nga nj\u00eb shk\u00eblqim prej 80%, elasticitet, fort\u00ebsi dhe rezistenc\u00eb ndaj konsumimit t\u00eb jasht\u00ebzakonshme. Gjithashtu, produkti \u00ebsht\u00eb plot\u00ebsisht i sh\u00ebndetsh\u00ebm, i prodhuar mbi parime ekologjike, pa aroma t\u00eb pak\u00ebndshme [&hellip;]\" \/>\n<meta property=\"og:url\" content=\"https:\/\/irkom.rs\/aqua-lak-za-parket\/\" \/>\n<meta property=\"og:site_name\" content=\"Irkom\" \/>\n<meta property=\"article:modified_time\" content=\"2025-07-02T18:06:35+00:00\" \/>\n<meta name=\"twitter:card\" content=\"summary_large_image\" \/>\n<meta name=\"twitter:label1\" content=\"Est. reading time\" \/>\n\t<meta name=\"twitter:data1\" content=\"7 minutes\" \/>\n<script type=\"application\/ld+json\" class=\"yoast-schema-graph\">{\"@context\":\"https:\/\/schema.org\",\"@graph\":[{\"@type\":\"WebPage\",\"@id\":\"https:\/\/irkom.rs\/aqua-lak-za-parket\/\",\"url\":\"https:\/\/irkom.rs\/aqua-lak-za-parket\/\",\"name\":\"LARK PARKETI AQUALIN | Irkom\",\"isPartOf\":{\"@id\":\"https:\/\/irkom.rs\/#website\"},\"datePublished\":\"2020-06-04T10:23:24+00:00\",\"dateModified\":\"2025-07-02T18:06:35+00:00\",\"breadcrumb\":{\"@id\":\"https:\/\/irkom.rs\/aqua-lak-za-parket\/#breadcrumb\"},\"inLanguage\":\"sq-AL\",\"potentialAction\":[{\"@type\":\"ReadAction\",\"target\":[\"https:\/\/irkom.rs\/aqua-lak-za-parket\/\"]}]},{\"@type\":\"BreadcrumbList\",\"@id\":\"https:\/\/irkom.rs\/aqua-lak-za-parket\/#breadcrumb\",\"itemListElement\":[{\"@type\":\"ListItem\",\"position\":1,\"name\":\"\u041f\u043e\u0447\u0435\u0442\u043d\u0430\",\"item\":\"https:\/\/irkom.rs\/sq\/\"},{\"@type\":\"ListItem\",\"position\":2,\"name\":\"LARK PARKETI AQUALIN\"}]},{\"@type\":\"WebSite\",\"@id\":\"https:\/\/irkom.rs\/#website\",\"url\":\"https:\/\/irkom.rs\/\",\"name\":\"Irkom\",\"description\":\"Boje i lakovi\",\"potentialAction\":[{\"@type\":\"SearchAction\",\"target\":{\"@type\":\"EntryPoint\",\"urlTemplate\":\"https:\/\/irkom.rs\/?s={search_term_string}\"},\"query-input\":{\"@type\":\"PropertyValueSpecification\",\"valueRequired\":true,\"valueName\":\"search_term_string\"}}],\"inLanguage\":\"sq-AL\"}]}<\/script>\n<!-- \/ Yoast SEO plugin. -->","yoast_head_json":{"title":"LARK PARKETI AQUALIN | Irkom","robots":{"index":"index","follow":"follow","max-snippet":"max-snippet:-1","max-image-preview":"max-image-preview:large","max-video-preview":"max-video-preview:-1"},"canonical":"https:\/\/irkom.rs\/aqua-lak-za-parket\/","og_locale":"sq_AL","og_type":"article","og_title":"LARK PARKETI AQUALIN | Irkom","og_description":"Llak parketi Aqualin Veshje Dekorative Transparente AQUAlin LAK p\u00ebr parket \u00ebsht\u00eb nj\u00eb shtres\u00eb dekorative transparente e bazuar n\u00eb dispersione t\u00eb ve\u00e7anta uji, rr\u00ebshira akrilike dhe aditiv\u00eb. Karakterizohet nga nj\u00eb shk\u00eblqim prej 80%, elasticitet, fort\u00ebsi dhe rezistenc\u00eb ndaj konsumimit t\u00eb jasht\u00ebzakonshme. Gjithashtu, produkti \u00ebsht\u00eb plot\u00ebsisht i sh\u00ebndetsh\u00ebm, i prodhuar mbi parime ekologjike, pa aroma t\u00eb pak\u00ebndshme [&hellip;]","og_url":"https:\/\/irkom.rs\/aqua-lak-za-parket\/","og_site_name":"Irkom","article_modified_time":"2025-07-02T18:06:35+00:00","twitter_card":"summary_large_image","twitter_misc":{"Est. reading time":"7 minutes"},"schema":{"@context":"https:\/\/schema.org","@graph":[{"@type":"WebPage","@id":"https:\/\/irkom.rs\/aqua-lak-za-parket\/","url":"https:\/\/irkom.rs\/aqua-lak-za-parket\/","name":"LARK PARKETI AQUALIN | Irkom","isPartOf":{"@id":"https:\/\/irkom.rs\/#website"},"datePublished":"2020-06-04T10:23:24+00:00","dateModified":"2025-07-02T18:06:35+00:00","breadcrumb":{"@id":"https:\/\/irkom.rs\/aqua-lak-za-parket\/#breadcrumb"},"inLanguage":"sq-AL","potentialAction":[{"@type":"ReadAction","target":["https:\/\/irkom.rs\/aqua-lak-za-parket\/"]}]},{"@type":"BreadcrumbList","@id":"https:\/\/irkom.rs\/aqua-lak-za-parket\/#breadcrumb","itemListElement":[{"@type":"ListItem","position":1,"name":"\u041f\u043e\u0447\u0435\u0442\u043d\u0430","item":"https:\/\/irkom.rs\/sq\/"},{"@type":"ListItem","position":2,"name":"LARK PARKETI AQUALIN"}]},{"@type":"WebSite","@id":"https:\/\/irkom.rs\/#website","url":"https:\/\/irkom.rs\/","name":"Irkom","description":"Boje i lakovi","potentialAction":[{"@type":"SearchAction","target":{"@type":"EntryPoint","urlTemplate":"https:\/\/irkom.rs\/?s={search_term_string}"},"query-input":{"@type":"PropertyValueSpecification","valueRequired":true,"valueName":"search_term_string"}}],"inLanguage":"sq-AL"}]}},"_links":{"self":[{"href":"https:\/\/irkom.rs\/sq\/wp-json\/wp\/v2\/pages\/11379","targetHints":{"allow":["GET"]}}],"collection":[{"href":"https:\/\/irkom.rs\/sq\/wp-json\/wp\/v2\/pages"}],"about":[{"href":"https:\/\/irkom.rs\/sq\/wp-json\/wp\/v2\/types\/page"}],"author":[{"embeddable":true,"href":"https:\/\/irkom.rs\/sq\/wp-json\/wp\/v2\/users\/3"}],"replies":[{"embeddable":true,"href":"https:\/\/irkom.rs\/sq\/wp-json\/wp\/v2\/comments?post=11379"}],"version-history":[{"count":2,"href":"https:\/\/irkom.rs\/sq\/wp-json\/wp\/v2\/pages\/11379\/revisions"}],"predecessor-version":[{"id":11381,"href":"https:\/\/irkom.rs\/sq\/wp-json\/wp\/v2\/pages\/11379\/revisions\/11381"}],"wp:attachment":[{"href":"https:\/\/irkom.rs\/sq\/wp-json\/wp\/v2\/media?parent=11379"}],"curies":[{"name":"wp","href":"https:\/\/api.w.org\/{rel}","templated":true}]}}