{"id":11365,"date":"2020-11-17T12:21:29","date_gmt":"2020-11-17T12:21:29","guid":{"rendered":"https:\/\/irkom.rs\/llak-per-radiator-aqualin\/"},"modified":"2025-07-02T18:06:31","modified_gmt":"2025-07-02T18:06:31","slug":"llak-per-radiator-aqualin","status":"publish","type":"page","link":"https:\/\/irkom.rs\/sq\/llak-per-radiator-aqualin\/","title":{"rendered":"Llak p\u00ebr Radiator AQUALIN"},"content":{"rendered":"<p>[et_pb_section fb_built=&#8221;1&#8243; next_background_color=&#8221;#efefef&#8221; _builder_version=&#8221;4.7.1&#8243; background_image=&#8221;http:\/\/irkom.rs\/wp-content\/uploads\/2020\/11\/aqua-lak-za-radijatore-header&#8211;scaled.jpg&#8221; background_position=&#8221;bottom_left&#8221; custom_margin_tablet=&#8221;||-34px||false|false&#8221; custom_margin_phone=&#8221;&#8221; custom_margin_last_edited=&#8221;on|phone&#8221; custom_padding=&#8221;144px||0px||false|false&#8221; bottom_divider_style=&#8221;asymmetric2&#8243; bottom_divider_flip=&#8221;horizontal&#8221; background_last_edited=&#8221;off|desktop&#8221; background_position_tablet=&#8221;bottom_left&#8221; background_position_phone=&#8221;bottom_left&#8221;][et_pb_row column_structure=&#8221;1_3,1_3,1_3&#8243; _builder_version=&#8221;4.4.5&#8243; custom_margin=&#8221;5px||||false|false&#8221; custom_padding=&#8221;0px||146px|||&#8221;][et_pb_column type=&#8221;1_3&#8243; _builder_version=&#8221;4.4.5&#8243;][\/et_pb_column][et_pb_column type=&#8221;1_3&#8243; _builder_version=&#8221;4.4.5&#8243;][et_pb_image title_text=&#8221;fur\u00e7\u00eb-2&#8243; _builder_version=&#8221;4.4.7&#8243; custom_margin=&#8221;-60%|||72px|false|false&#8221; custom_margin_tablet=&#8221;|||212px|false|false&#8221; custom_margin_phone=&#8221;|||117px|false|false&#8221; custom_margin_last_edited=&#8221;on|desktop&#8221; scroll_vertical_motion=&#8221;0|51|51|100|4|0|-4&#8243; scroll_scaling_enable=&#8221;on&#8221; motion_trigger_start=&#8221;bottom&#8221;][\/et_pb_image][\/et_pb_column][et_pb_column type=&#8221;1_3&#8243; _builder_version=&#8221;4.4.5&#8243;][\/et_pb_column][\/et_pb_row][\/et_pb_section][et_pb_section fb_built=&#8221;1&#8243; _builder_version=&#8221;4.4.7&#8243; background_color=&#8221;#efefef&#8221; min_height=&#8221;298px&#8221; custom_padding=&#8221;||16px||false|false&#8221;][et_pb_row column_structure=&#8221;2_5,3_5&#8243; _builder_version=&#8221;4.4.5&#8243; custom_padding=&#8221;||12px|||&#8221;][et_pb_column type=&#8221;2_5&#8243; _builder_version=&#8221;4.4.5&#8243;][et_pb_image src=&#8221;http:\/\/irkom.rs\/wp-content\/uploads\/2020\/11\/Aqualak-za-radijatore-ambalaza.png&#8221; alt=&#8221;Llak Irkom AQUAlin &#8211; boj\u00eb me baz\u00eb uji p\u00ebr radiator\u00eb&#8221; title_text=&#8221;Aqualak-p\u00ebr-radiator\u00eb-ambalaza&#8221; url=&#8221;http:\/\/irkom.rs\/product\/aqua-lak-za-radijatore\/&#8221; _builder_version=&#8221;4.9.4&#8243; custom_margin=&#8221;-181px|||||&#8221;][\/et_pb_image][\/et_pb_column][et_pb_column type=&#8221;3_5&#8243; _builder_version=&#8221;4.4.5&#8243;][et_pb_text _builder_version=&#8221;4.9.4&#8243; text_text_color=&#8221;#000000&#8243; header_font=&#8221;|600||on|||||&#8221; header_text_color=&#8221;#000000&#8243; header_2_text_color=&#8221;#000000&#8243;]<\/p>\n<h1>Llak Aqualin<\/h1>\n<h2>P\u00cbR RADIATOR\u00cb<\/h2>\n<p><strong>Llak Aqualin p\u00ebr radiator\u00eb<\/strong> \u00ebsht\u00eb nj\u00eb shtres\u00eb dekorative e bazuar n\u00eb dispersione t\u00eb ve\u00e7anta uji, rr\u00ebshira akrilike, pigmente dhe aditiv\u00eb. Karakterizohet nga fuqi mbuluese, elasticitet, fort\u00ebsi dhe rezistenc\u00eb ndaj nxeht\u00ebsis\u00eb e jasht\u00ebzakonshme. Me kalimin e koh\u00ebs, kjo shtres\u00eb nuk zverdhet.    <span style=\"color: #666666; font-family: Lato,Helvetica,Arial,Lucida,sans-serif; font-size: 14px;\"> <\/span><span style=\"color: #666666; font-family: Lato,Helvetica,Arial,Lucida,sans-serif; font-size: 14px;\"><span style=\"color: #020202;\"><\/span><\/span><\/p>\n<p>[\/et_pb_text][\/et_pb_column][\/et_pb_row][\/et_pb_section][et_pb_section fb_built=&#8221;1&#8243; next_background_color=&#8221;#ffffff&#8221; _builder_version=&#8221;4.4.7&#8243; background_enable_color=&#8221;off&#8221; background_image=&#8221;http:\/\/irkom.rs\/wp-content\/uploads\/2020\/05\/AQUA-background-1.jpg&#8221; parallax=&#8221;on&#8221; custom_margin=&#8221;-20px||||false|false&#8221; custom_padding=&#8221;58px||22px|||&#8221; top_divider_style=&#8221;asymmetric2&#8243; top_divider_color=&#8221;#efefef&#8221; top_divider_flip=&#8221;horizontal&#8221; top_divider_height_tablet=&#8221;&#8221; top_divider_height_phone=&#8221;64px&#8221; top_divider_height_last_edited=&#8221;on|phone&#8221; bottom_divider_style=&#8221;slant2&#8243; bottom_divider_height=&#8221;108px&#8221;][et_pb_row column_structure=&#8221;1_2,1_2&#8243; _builder_version=&#8221;4.4.7&#8243; custom_margin=&#8221;-6px||69px||false|false&#8221; custom_padding=&#8221;46px|||||&#8221;][et_pb_column type=&#8221;1_2&#8243; _builder_version=&#8221;4.4.5&#8243;][et_pb_text _builder_version=&#8221;4.4.7&#8243; text_text_color=&#8221;#ffffff&#8221; header_font=&#8221;|600||on|||||&#8221; header_text_color=&#8221;#ffffff&#8221; header_2_text_color=&#8221;#ffffff&#8221; min_height=&#8221;150px&#8221; custom_margin=&#8221;12px||||false|false&#8221;]<\/p>\n<h1>Produkt i sh\u00ebndetsh\u00ebm<\/h1>\n<h1>PA AROM\u00cb<\/h1>\n<p>Produkti \u00ebsht\u00eb plot\u00ebsisht i sh\u00ebndetsh\u00ebm, i prodhuar mbi parime ekologjike, pa aroma t\u00eb pak\u00ebndshme gjat\u00eb lyerjes dhe thahet shpejt.<\/p>\n<p>[\/et_pb_text][\/et_pb_column][et_pb_column type=&#8221;1_2&#8243; _builder_version=&#8221;4.4.5&#8243;][et_pb_image src=&#8221;http:\/\/irkom.rs\/wp-content\/uploads\/2020\/12\/Aqua-lak-za-radijatore.png&#8221; title_text=&#8221;Aqua-llak p\u00ebr radiator\u00eb&#8221; _builder_version=&#8221;4.7.1&#8243;][\/et_pb_image][\/et_pb_column][\/et_pb_row][\/et_pb_section][et_pb_section fb_built=&#8221;1&#8243; disabled_on=&#8221;off|off|on&#8221; _builder_version=&#8221;4.4.7&#8243; custom_margin=&#8221;-78px||-28px||false|false&#8221; custom_padding=&#8221;0px||0px||false|false&#8221;][et_pb_row disabled_on=&#8221;off|off|on&#8221; _builder_version=&#8221;4.4.7&#8243; custom_margin=&#8221;83px||||false|false&#8221;][et_pb_column type=&#8221;4_4&#8243; _builder_version=&#8221;4.4.7&#8243;][et_pb_text content_tablet=&#8221;<\/p>\n<h1 style=%22text-align: left;%22>METODA E APLIKIMIT<\/h1>\n<p>&#8221; content_phone=&#8221;<\/p>\n<h1 style=%22text-align: left;%22>METODA E APLIKIMIT<\/h1>\n<p>&#8221; content_last_edited=&#8221;on|phone&#8221; _builder_version=&#8221;4.4.7&#8243; text_text_color=&#8221;#ffffff&#8221; header_font=&#8221;|600||on|||||&#8221; header_text_color=&#8221;#0c71c3&#8243; header_2_text_color=&#8221;#ffffff&#8221; custom_margin=&#8221;||7px|||&#8221;][\/et_pb_text][et_pb_divider color=&#8221;#0c71c3&#8243; disabled_on=&#8221;off|off|on&#8221; _builder_version=&#8221;4.4.7&#8243; custom_margin=&#8221;||-5px||false|false&#8221;][\/et_pb_divider][et_pb_text content_tablet=&#8221;<\/p>\n<p>\u00cbsht\u00eb menduar p\u00ebr lyerjen e radiator\u00ebve. Mund t\u00eb aplikohet me shiring\u00eb, rul ose fur\u00e7\u00eb. Boja hollohet me uj\u00eb maksimumi 15%. Aplikohet n\u00eb dy shtresa me nj\u00eb interval prej 2 or\u00ebsh midis aplikimeve. Aplikohet mbi shtresa t\u00eb vjetra q\u00eb duhet t\u00eb l\u00ebmohen pak, t\u00eb pastrohen nga yndyrat dhe t\u00eb pastrohen. Pas 40 minutash, shtresa \u00ebsht\u00eb e that\u00eb n\u00eb prekje, dhe pas 24 or\u00ebsh \u00ebsht\u00eb plot\u00ebsisht e that\u00eb.<br \/> Konsumi: 100-130g\/m2     <\/p>\n<p>&#8221; content_phone=&#8221;<\/p>\n<p style=%22text-align: left;%22>\u00cbsht\u00eb menduar p\u00ebr lyerjen e radiator\u00ebve. Mund t\u00eb aplikohet me shiring\u00eb, rul ose fur\u00e7\u00eb. Boja hollohet me uj\u00eb maksimumi 15%. Aplikohet n\u00eb dy shtresa me nj\u00eb interval prej 2 or\u00ebsh midis aplikimeve. Aplikohet mbi shtresa t\u00eb vjetra q\u00eb duhet t\u00eb l\u00ebmohen pak, t\u00eb pastrohen nga yndyrat dhe t\u00eb pastrohen. Pas 40 minutash, shtresa \u00ebsht\u00eb e that\u00eb n\u00eb prekje, dhe pas 24 or\u00ebsh \u00ebsht\u00eb plot\u00ebsisht e that\u00eb.<br \/> Konsumi: 100-130g\/m2     <\/p>\n<p>&#8221; content_last_edited=&#8221;on|phone&#8221; _builder_version=&#8221;4.7.1&#8243; text_text_color=&#8221;#050f7f&#8221; text_font_size=&#8221;13px&#8221; text_line_height=&#8221;1.5em&#8221; header_font=&#8221;|600||on|||||&#8221; header_text_color=&#8221;#ffffff&#8221; header_2_text_color=&#8221;#ffffff&#8221;][\/et_pb_text][\/et_pb_column][\/et_pb_row][\/et_pb_section][et_pb_section fb_built=&#8221;1&#8243; _builder_version=&#8221;4.7.1&#8243; background_enable_color=&#8221;off&#8221; background_image=&#8221;http:\/\/irkom.rs\/wp-content\/uploads\/2020\/11\/Aqua-lak-za-radijatore0.png&#8221; background_position=&#8221;top_center&#8221; custom_margin=&#8221;5px||||false|false&#8221; custom_margin_tablet=&#8221;-36px||||false|false&#8221; custom_margin_phone=&#8221;-81px|||-264px|false|false&#8221; custom_margin_last_edited=&#8221;on|phone&#8221; custom_padding=&#8221;0px||169px||false|false&#8221; background_last_edited=&#8221;on|phone&#8221; background_position_tablet=&#8221;bottom_left&#8221; background_position_phone=&#8221;bottom_left&#8221;][et_pb_row column_structure=&#8221;2_5,3_5&#8243; _builder_version=&#8221;4.4.7&#8243; custom_margin=&#8221;-15px||||false|false&#8221; custom_padding=&#8221;||||false|false&#8221;][et_pb_column type=&#8221;2_5&#8243; _builder_version=&#8221;4.4.7&#8243;][\/et_pb_column][et_pb_column type=&#8221;3_5&#8243; _builder_version=&#8221;4.4.7&#8243;][et_pb_text content_tablet=&#8221;&#8221; content_phone=&#8221;&#8221; content_last_edited=&#8221;on|phone&#8221; _builder_version=&#8221;4.4.7&#8243; text_text_color=&#8221;#ffffff&#8221; header_font=&#8221;|600||on|||||&#8221; header_text_color=&#8221;#0c71c3&#8243; header_2_text_color=&#8221;#ffffff&#8221; custom_margin=&#8221;74px||7px||false|false&#8221; custom_margin_tablet=&#8221;&#8221; custom_margin_phone=&#8221;&#8221; custom_margin_last_edited=&#8221;on|tablet&#8221;]<\/p>\n<h1>METODA E APLIKIMIT<\/h1>\n<p>[\/et_pb_text][et_pb_divider color=&#8221;#0c71c3&#8243; disabled_on=&#8221;on|on|off&#8221; _builder_version=&#8221;4.4.7&#8243; custom_margin=&#8221;||-5px||false|false&#8221;][\/et_pb_divider][et_pb_text content_tablet=&#8221;&#8221; content_phone=&#8221;&#8221; content_last_edited=&#8221;on|tablet&#8221; _builder_version=&#8221;4.7.1&#8243; text_text_color=&#8221;#050f7f&#8221; text_font_size=&#8221;13px&#8221; text_line_height=&#8221;1.5em&#8221; header_font=&#8221;|600||on|||||&#8221; header_text_color=&#8221;#ffffff&#8221; header_2_text_color=&#8221;#ffffff&#8221;]<\/p>\n<p>\u00cbsht\u00eb menduar p\u00ebr lyerjen e radiator\u00ebve. Mund t\u00eb aplikohet me shiring\u00eb, rul ose fur\u00e7\u00eb. Boja hollohet me uj\u00eb maksimumi 15%. Aplikohet n\u00eb dy shtresa me nj\u00eb interval prej 2 or\u00ebsh midis aplikimeve. Aplikohet mbi shtresa t\u00eb vjetra q\u00eb duhet t\u00eb l\u00ebmohen pak, t\u00eb pastrohen nga yndyra dhe t\u00eb pastrohen. Pas 40 minutash, shtresa \u00ebsht\u00eb e that\u00eb n\u00eb prekje, dhe pas 24 or\u00ebsh \u00ebsht\u00eb plot\u00ebsisht e that\u00eb.     <\/p>\n<p>[\/et_pb_text][et_pb_image title_text=&#8221;3 n\u00eb 1-master&#8221; _builder_version=&#8221;4.4.7&#8243;][\/et_pb_image][\/et_pb_column][\/et_pb_row][et_pb_row _builder_version=&#8221;4.4.7&#8243;][et_pb_column type=&#8221;4_4&#8243; _builder_version=&#8221;4.4.7&#8243;][et_pb_image title_text=&#8221;ngjit\u00ebse zuzu&#8221; _builder_version=&#8221;4.4.7&#8243; custom_margin=&#8221;-34px||-122px||false|false&#8221;][\/et_pb_image][\/et_pb_column][\/et_pb_row][\/et_pb_section]<\/p>\n","protected":false},"excerpt":{"rendered":"<p>Llak Aqualin P\u00cbR RADIATOR\u00cb Llak Aqualin p\u00ebr radiator\u00eb \u00ebsht\u00eb nj\u00eb shtres\u00eb dekorative e bazuar n\u00eb dispersione t\u00eb ve\u00e7anta uji, rr\u00ebshira akrilike, pigmente dhe aditiv\u00eb. Karakterizohet nga fuqi mbuluese, elasticitet, fort\u00ebsi dhe rezistenc\u00eb ndaj nxeht\u00ebsis\u00eb e jasht\u00ebzakonshme. Me kalimin e koh\u00ebs, kjo shtres\u00eb nuk zverdhet. Produkt i sh\u00ebndetsh\u00ebm PA AROM\u00cb Produkti \u00ebsht\u00eb plot\u00ebsisht i sh\u00ebndetsh\u00ebm, i [&hellip;]<\/p>\n","protected":false},"author":3,"featured_media":0,"parent":0,"menu_order":0,"comment_status":"closed","ping_status":"closed","template":"","meta":{"_et_pb_use_builder":"on","_et_pb_old_content":"","_et_gb_content_width":"","footnotes":""},"class_list":["post-11365","page","type-page","status-publish","hentry"],"yoast_head":"<!-- This site is optimized with the Yoast SEO plugin v27.2 - https:\/\/yoast.com\/product\/yoast-seo-wordpress\/ -->\n<title>Llak p\u00ebr Radiator AQUALIN | Irkom<\/title>\n<meta name=\"robots\" content=\"index, follow, max-snippet:-1, max-image-preview:large, max-video-preview:-1\" \/>\n<link rel=\"canonical\" href=\"https:\/\/irkom.rs\/aqua-lak-za-radijatore\/\" \/>\n<meta property=\"og:locale\" content=\"sq_AL\" \/>\n<meta property=\"og:type\" content=\"article\" \/>\n<meta property=\"og:title\" content=\"Llak p\u00ebr Radiator AQUALIN | Irkom\" \/>\n<meta property=\"og:description\" content=\"Llak Aqualin P\u00cbR RADIATOR\u00cb Llak Aqualin p\u00ebr radiator\u00eb \u00ebsht\u00eb nj\u00eb shtres\u00eb dekorative e bazuar n\u00eb dispersione t\u00eb ve\u00e7anta uji, rr\u00ebshira akrilike, pigmente dhe aditiv\u00eb. Karakterizohet nga fuqi mbuluese, elasticitet, fort\u00ebsi dhe rezistenc\u00eb ndaj nxeht\u00ebsis\u00eb e jasht\u00ebzakonshme. Me kalimin e koh\u00ebs, kjo shtres\u00eb nuk zverdhet. Produkt i sh\u00ebndetsh\u00ebm PA AROM\u00cb Produkti \u00ebsht\u00eb plot\u00ebsisht i sh\u00ebndetsh\u00ebm, i [&hellip;]\" \/>\n<meta property=\"og:url\" content=\"https:\/\/irkom.rs\/aqua-lak-za-radijatore\/\" \/>\n<meta property=\"og:site_name\" content=\"Irkom\" \/>\n<meta property=\"article:modified_time\" content=\"2025-07-02T18:06:31+00:00\" \/>\n<meta name=\"twitter:card\" content=\"summary_large_image\" \/>\n<meta name=\"twitter:label1\" content=\"Est. reading time\" \/>\n\t<meta name=\"twitter:data1\" content=\"6 minutes\" \/>\n<script type=\"application\/ld+json\" class=\"yoast-schema-graph\">{\"@context\":\"https:\/\/schema.org\",\"@graph\":[{\"@type\":\"WebPage\",\"@id\":\"https:\/\/irkom.rs\/aqua-lak-za-radijatore\/\",\"url\":\"https:\/\/irkom.rs\/aqua-lak-za-radijatore\/\",\"name\":\"Llak p\u00ebr Radiator AQUALIN | Irkom\",\"isPartOf\":{\"@id\":\"https:\/\/irkom.rs\/#website\"},\"datePublished\":\"2020-11-17T12:21:29+00:00\",\"dateModified\":\"2025-07-02T18:06:31+00:00\",\"breadcrumb\":{\"@id\":\"https:\/\/irkom.rs\/aqua-lak-za-radijatore\/#breadcrumb\"},\"inLanguage\":\"sq-AL\",\"potentialAction\":[{\"@type\":\"ReadAction\",\"target\":[\"https:\/\/irkom.rs\/aqua-lak-za-radijatore\/\"]}]},{\"@type\":\"BreadcrumbList\",\"@id\":\"https:\/\/irkom.rs\/aqua-lak-za-radijatore\/#breadcrumb\",\"itemListElement\":[{\"@type\":\"ListItem\",\"position\":1,\"name\":\"\u041f\u043e\u0447\u0435\u0442\u043d\u0430\",\"item\":\"https:\/\/irkom.rs\/sq\/\"},{\"@type\":\"ListItem\",\"position\":2,\"name\":\"Llak p\u00ebr Radiator AQUALIN\"}]},{\"@type\":\"WebSite\",\"@id\":\"https:\/\/irkom.rs\/#website\",\"url\":\"https:\/\/irkom.rs\/\",\"name\":\"Irkom\",\"description\":\"Boje i lakovi\",\"potentialAction\":[{\"@type\":\"SearchAction\",\"target\":{\"@type\":\"EntryPoint\",\"urlTemplate\":\"https:\/\/irkom.rs\/?s={search_term_string}\"},\"query-input\":{\"@type\":\"PropertyValueSpecification\",\"valueRequired\":true,\"valueName\":\"search_term_string\"}}],\"inLanguage\":\"sq-AL\"}]}<\/script>\n<!-- \/ Yoast SEO plugin. -->","yoast_head_json":{"title":"Llak p\u00ebr Radiator AQUALIN | Irkom","robots":{"index":"index","follow":"follow","max-snippet":"max-snippet:-1","max-image-preview":"max-image-preview:large","max-video-preview":"max-video-preview:-1"},"canonical":"https:\/\/irkom.rs\/aqua-lak-za-radijatore\/","og_locale":"sq_AL","og_type":"article","og_title":"Llak p\u00ebr Radiator AQUALIN | Irkom","og_description":"Llak Aqualin P\u00cbR RADIATOR\u00cb Llak Aqualin p\u00ebr radiator\u00eb \u00ebsht\u00eb nj\u00eb shtres\u00eb dekorative e bazuar n\u00eb dispersione t\u00eb ve\u00e7anta uji, rr\u00ebshira akrilike, pigmente dhe aditiv\u00eb. Karakterizohet nga fuqi mbuluese, elasticitet, fort\u00ebsi dhe rezistenc\u00eb ndaj nxeht\u00ebsis\u00eb e jasht\u00ebzakonshme. Me kalimin e koh\u00ebs, kjo shtres\u00eb nuk zverdhet. Produkt i sh\u00ebndetsh\u00ebm PA AROM\u00cb Produkti \u00ebsht\u00eb plot\u00ebsisht i sh\u00ebndetsh\u00ebm, i [&hellip;]","og_url":"https:\/\/irkom.rs\/aqua-lak-za-radijatore\/","og_site_name":"Irkom","article_modified_time":"2025-07-02T18:06:31+00:00","twitter_card":"summary_large_image","twitter_misc":{"Est. reading time":"6 minutes"},"schema":{"@context":"https:\/\/schema.org","@graph":[{"@type":"WebPage","@id":"https:\/\/irkom.rs\/aqua-lak-za-radijatore\/","url":"https:\/\/irkom.rs\/aqua-lak-za-radijatore\/","name":"Llak p\u00ebr Radiator AQUALIN | Irkom","isPartOf":{"@id":"https:\/\/irkom.rs\/#website"},"datePublished":"2020-11-17T12:21:29+00:00","dateModified":"2025-07-02T18:06:31+00:00","breadcrumb":{"@id":"https:\/\/irkom.rs\/aqua-lak-za-radijatore\/#breadcrumb"},"inLanguage":"sq-AL","potentialAction":[{"@type":"ReadAction","target":["https:\/\/irkom.rs\/aqua-lak-za-radijatore\/"]}]},{"@type":"BreadcrumbList","@id":"https:\/\/irkom.rs\/aqua-lak-za-radijatore\/#breadcrumb","itemListElement":[{"@type":"ListItem","position":1,"name":"\u041f\u043e\u0447\u0435\u0442\u043d\u0430","item":"https:\/\/irkom.rs\/sq\/"},{"@type":"ListItem","position":2,"name":"Llak p\u00ebr Radiator AQUALIN"}]},{"@type":"WebSite","@id":"https:\/\/irkom.rs\/#website","url":"https:\/\/irkom.rs\/","name":"Irkom","description":"Boje i lakovi","potentialAction":[{"@type":"SearchAction","target":{"@type":"EntryPoint","urlTemplate":"https:\/\/irkom.rs\/?s={search_term_string}"},"query-input":{"@type":"PropertyValueSpecification","valueRequired":true,"valueName":"search_term_string"}}],"inLanguage":"sq-AL"}]}},"_links":{"self":[{"href":"https:\/\/irkom.rs\/sq\/wp-json\/wp\/v2\/pages\/11365","targetHints":{"allow":["GET"]}}],"collection":[{"href":"https:\/\/irkom.rs\/sq\/wp-json\/wp\/v2\/pages"}],"about":[{"href":"https:\/\/irkom.rs\/sq\/wp-json\/wp\/v2\/types\/page"}],"author":[{"embeddable":true,"href":"https:\/\/irkom.rs\/sq\/wp-json\/wp\/v2\/users\/3"}],"replies":[{"embeddable":true,"href":"https:\/\/irkom.rs\/sq\/wp-json\/wp\/v2\/comments?post=11365"}],"version-history":[{"count":2,"href":"https:\/\/irkom.rs\/sq\/wp-json\/wp\/v2\/pages\/11365\/revisions"}],"predecessor-version":[{"id":11368,"href":"https:\/\/irkom.rs\/sq\/wp-json\/wp\/v2\/pages\/11365\/revisions\/11368"}],"wp:attachment":[{"href":"https:\/\/irkom.rs\/sq\/wp-json\/wp\/v2\/media?parent=11365"}],"curies":[{"name":"wp","href":"https:\/\/api.w.org\/{rel}","templated":true}]}}