{"id":11350,"date":"2021-06-15T10:45:12","date_gmt":"2021-06-15T10:45:12","guid":{"rendered":"https:\/\/irkom.rs\/llak-guri-aqualin\/"},"modified":"2025-07-02T18:06:24","modified_gmt":"2025-07-02T18:06:24","slug":"llak-guri-aqualin","status":"publish","type":"page","link":"https:\/\/irkom.rs\/sq\/llak-guri-aqualin\/","title":{"rendered":"Llak guri AQUALIN"},"content":{"rendered":"<p>[et_pb_section fb_built=&#8221;1&#8243; next_background_color=&#8221;#efefef&#8221; _builder_version=&#8221;4.9.4&#8243; background_image=&#8221;http:\/\/irkom.rs\/wp-content\/uploads\/2021\/04\/background-aqualin-lak-za-kamen.jpg&#8221; background_position=&#8221;bottom_left&#8221; custom_margin_tablet=&#8221;||-34px||false|false&#8221; custom_margin_phone=&#8221;&#8221; custom_margin_last_edited=&#8221;on|phone&#8221; custom_padding=&#8221;144px||0px||false|false&#8221; bottom_divider_style=&#8221;asymmetric2&#8243; bottom_divider_flip=&#8221;horizontal&#8221; background_last_edited=&#8221;on|tablet&#8221; background_position_tablet=&#8221;center&#8221; background_position_phone=&#8221;center&#8221; background__hover_enabled=&#8221;off|hover&#8221;][et_pb_row column_structure=&#8221;1_3,1_3,1_3&#8243; _builder_version=&#8221;4.4.5&#8243; custom_margin=&#8221;5px||||false|false&#8221; custom_padding=&#8221;0px||146px|||&#8221;][et_pb_column type=&#8221;1_3&#8243; _builder_version=&#8221;4.4.5&#8243;][\/et_pb_column][et_pb_column type=&#8221;1_3&#8243; _builder_version=&#8221;4.4.5&#8243;][et_pb_image title_text=&#8221;fur\u00e7\u00eb-2&#8243; _builder_version=&#8221;4.4.7&#8243; custom_margin=&#8221;-60%|||72px|false|false&#8221; custom_margin_tablet=&#8221;|||212px|false|false&#8221; custom_margin_phone=&#8221;|||117px|false|false&#8221; custom_margin_last_edited=&#8221;on|desktop&#8221; scroll_vertical_motion=&#8221;0|51|51|100|4|0|-4&#8243; scroll_scaling_enable=&#8221;on&#8221; motion_trigger_start=&#8221;bottom&#8221;][\/et_pb_image][\/et_pb_column][et_pb_column type=&#8221;1_3&#8243; _builder_version=&#8221;4.4.5&#8243;][\/et_pb_column][\/et_pb_row][\/et_pb_section][et_pb_section fb_built=&#8221;1&#8243; _builder_version=&#8221;4.4.7&#8243; background_color=&#8221;#efefef&#8221; min_height=&#8221;298px&#8221; custom_padding=&#8221;||16px||false|false&#8221;][et_pb_row column_structure=&#8221;2_5,3_5&#8243; _builder_version=&#8221;4.4.5&#8243; custom_padding=&#8221;||12px|||&#8221;][et_pb_column type=&#8221;2_5&#8243; _builder_version=&#8221;4.4.5&#8243;][et_pb_image src=&#8221;http:\/\/irkom.rs\/wp-content\/uploads\/2021\/06\/Aqualin-lak-za-kamen-500.png&#8221; alt=&#8221;Irkom AQUAlin &#8211; llak guri me baz\u00eb uji&#8221; title_text=&#8221;Llak p\u00ebr gur\u00eb Aqualin 500&#8243; _builder_version=&#8221;4.9.4&#8243; custom_margin=&#8221;-181px|||||&#8221;][\/et_pb_image][\/et_pb_column][et_pb_column type=&#8221;3_5&#8243; _builder_version=&#8221;4.4.5&#8243;][et_pb_text _builder_version=&#8221;4.9.4&#8243; text_text_color=&#8221;#000000&#8243; header_font=&#8221;|600||on|||||&#8221; header_text_color=&#8221;#000000&#8243; header_2_text_color=&#8221;#000000&#8243; hover_enabled=&#8221;0&#8243; sticky_enabled=&#8221;0&#8243;]<\/p>\n<h1>Llak p\u00ebr gur\u00eb Aqualin<\/h1>\n<h2>Veshje Dekorative Transparente<\/h2>\n<p><strong><\/strong><strong>Llaku Aqualin p\u00ebr gur<\/strong> \u00ebsht\u00eb nj\u00eb shtres\u00eb dekorative transparente, e b\u00ebr\u00eb n\u00eb baz\u00eb t\u00eb dispersioneve speciale t\u00eb ujit, rr\u00ebshirave akrilike dhe aditiv\u00eb q\u00eb rrisin shk\u00eblqimin dhe intensifikojn\u00eb ngjyrat, gj\u00eb q\u00eb p\u00ebrmir\u00ebson ndjesh\u00ebm cil\u00ebsin\u00eb estetike t\u00eb materialit t\u00eb trajtuar. Karakterizohet nga elasticitet, fort\u00ebsi dhe rezistenc\u00eb e jasht\u00ebzakonshme ndaj kushteve atmosferike. Kjo shtres\u00eb ekologjike p\u00ebrdoret p\u00ebr t\u00eb pastruar, mbrojtur dhe lustruar t\u00eb gjitha llojet e gurit natyror dhe artificial n\u00eb ambiente t\u00eb brendshme dhe t\u00eb jashtme, mermer, granit, pllaka guri, qeramik\u00eb, tulla, pllaka dhe n\u00eb p\u00ebrgjith\u00ebsi t\u00eb gjitha sip\u00ebrfaqet e \u00e7imentos s\u00eb im\u00ebt (terrazzo). Llaku i gurit Aqualin \u00ebsht\u00eb nj\u00eb produkt plot\u00ebsisht i sh\u00ebndetsh\u00ebm, i prodhuar mbi parime ekologjike. Ai mund\u00ebson llakimin pa aroma t\u00eb pak\u00ebndshme dhe thahet shpejt, dhe p\u00ebr t\u00eb p\u00ebrshpejtuar m\u00eb tej tharjen e shtres\u00ebs s\u00eb aplikuar n\u00eb ambiente t\u00eb brendshme, \u00ebsht\u00eb e nevojshme t\u00eb sigurohet rrjedhje ajri n\u00eb dhom\u00eb (rrym\u00eb ajri).    <\/p>\n<p>[\/et_pb_text][\/et_pb_column][\/et_pb_row][\/et_pb_section][et_pb_section fb_built=&#8221;1&#8243; next_background_color=&#8221;#ffffff&#8221; _builder_version=&#8221;4.4.7&#8243; background_enable_color=&#8221;off&#8221; background_image=&#8221;http:\/\/irkom.rs\/wp-content\/uploads\/2020\/05\/AQUA-background-1.jpg&#8221; parallax=&#8221;on&#8221; custom_margin=&#8221;-20px||||false|false&#8221; custom_padding=&#8221;58px||22px|||&#8221; top_divider_style=&#8221;asymmetric2&#8243; top_divider_color=&#8221;#efefef&#8221; top_divider_flip=&#8221;horizontal&#8221; top_divider_height_tablet=&#8221;&#8221; top_divider_height_phone=&#8221;64px&#8221; top_divider_height_last_edited=&#8221;on|phone&#8221; bottom_divider_style=&#8221;slant2&#8243; bottom_divider_height=&#8221;108px&#8221;][et_pb_row column_structure=&#8221;1_2,1_2&#8243; _builder_version=&#8221;4.4.7&#8243; custom_margin=&#8221;-6px||69px||false|false&#8221; custom_padding=&#8221;46px|||||&#8221;][et_pb_column type=&#8221;1_2&#8243; _builder_version=&#8221;4.4.5&#8243;][et_pb_text _builder_version=&#8221;4.9.4&#8243; text_text_color=&#8221;#ffffff&#8221; header_font=&#8221;|600||on|||||&#8221; header_text_color=&#8221;#ffffff&#8221; header_2_text_color=&#8221;#ffffff&#8221; min_height=&#8221;150px&#8221; custom_margin=&#8221;12px||||false|false&#8221;]<\/p>\n<h1>Produkt i sh\u00ebndetsh\u00ebm<\/h1>\n<h1>PA AROM\u00cb<\/h1>\n<p>Nuk ka aroma t\u00eb pak\u00ebndshme gjat\u00eb lyerjes, dhe shtresa e aplikuar thahet shpejt. Produkti \u00ebsht\u00eb plot\u00ebsisht i sh\u00ebndetsh\u00ebm, i prodhuar sipas parimeve ekologjike. <\/p>\n<p><strong>\u00cbsht\u00eb rezistent ndaj ndotjes ajrore, i q\u00ebndruesh\u00ebm n\u00eb zonat industriale dhe bregdetare (krip\u00eb n\u00eb aj\u00ebr). Nuk f\u00ebrkohet ose lahet, dep\u00ebrton thell\u00eb n\u00eb sip\u00ebrfaqen e materialit, e mbulon at\u00eb, e mbron dhe e ruan at\u00eb. Nuk zverdhet n\u00ebn ndikimin e rrezeve t\u00eb diellit.  <\/strong><\/p>\n<p>[\/et_pb_text][\/et_pb_column][et_pb_column type=&#8221;1_2&#8243; _builder_version=&#8221;4.4.5&#8243;][et_pb_image src=&#8221;http:\/\/irkom.rs\/wp-content\/uploads\/2021\/06\/Aqualin-boja-za-metal-i-kamen-piktogrami-stranice.png&#8221; title_text=&#8221;Boj\u00eb-Aqualin-p\u00ebr-ikona-faqesh-metalike-dhe-guri&#8221; _builder_version=&#8221;4.9.4&#8243;][\/et_pb_image][\/et_pb_column][\/et_pb_row][\/et_pb_section][et_pb_section fb_built=&#8221;1&#8243; disabled_on=&#8221;off|off|on&#8221; _builder_version=&#8221;4.4.7&#8243; custom_margin=&#8221;-78px||-28px||false|false&#8221; custom_padding=&#8221;0px||0px||false|false&#8221;][et_pb_row disabled_on=&#8221;off|off|on&#8221; _builder_version=&#8221;4.4.7&#8243; custom_margin=&#8221;83px||||false|false&#8221;][et_pb_column type=&#8221;4_4&#8243; _builder_version=&#8221;4.4.7&#8243;][et_pb_text content_tablet=&#8221;<\/p>\n<h1 style=%22text-align: left;%22>METODA E APLIKIMIT<\/h1>\n<p>&#8221; content_phone=&#8221;<\/p>\n<h1 style=%22text-align: left;%22>METODA E APLIKIMIT<\/h1>\n<p>&#8221; content_last_edited=&#8221;on|phone&#8221; _builder_version=&#8221;4.4.7&#8243; text_text_color=&#8221;#ffffff&#8221; header_font=&#8221;|600||on|||||&#8221; header_text_color=&#8221;#0c71c3&#8243; header_2_text_color=&#8221;#ffffff&#8221; custom_margin=&#8221;||7px|||&#8221;][\/et_pb_text][et_pb_divider color=&#8221;#dddddd&#8221; divider_weight=&#8221;2px&#8221; disabled_on=&#8221;off|off|on&#8221; _builder_version=&#8221;4.4.7&#8243;][\/et_pb_divider][et_pb_text content_tablet=&#8221;<\/p>\n<p><strong>Llak p\u00ebr gur\u00eb Aqualin<\/strong> aplikohet n\u00eb nj\u00eb sip\u00ebrfaqe q\u00eb \u00ebsht\u00eb pastruar plot\u00ebsisht nga pluhuri, vaji, yndyra, dylli dhe papast\u00ebrtit\u00eb e tjera. Aplikimi b\u00ebhet me pistolet\u00eb, fur\u00e7\u00eb ose leck\u00eb t\u00eb but\u00eb n\u00eb nj\u00eb ose dy shtresa. Llak \u00ebsht\u00eb gati p\u00ebr p\u00ebrdorim, mund t\u00eb hollohet me uj\u00eb n\u00ebse \u00ebsht\u00eb e nevojshme.  <\/p>\n<p>Pas p\u00ebrfundimit t\u00eb pun\u00ebs, mjeti duhet t\u00eb lahet me uj\u00eb.<\/p>\n<p>&#8221; content_phone=&#8221;<\/p>\n<p><strong>Llak p\u00ebr gur\u00eb Aqualin<\/strong> aplikohet n\u00eb nj\u00eb sip\u00ebrfaqe q\u00eb \u00ebsht\u00eb pastruar plot\u00ebsisht nga pluhuri, vaji, yndyra, dylli dhe papast\u00ebrtit\u00eb e tjera. Aplikimi b\u00ebhet me pistolet\u00eb, fur\u00e7\u00eb ose leck\u00eb t\u00eb but\u00eb n\u00eb nj\u00eb ose dy shtresa. Llak \u00ebsht\u00eb gati p\u00ebr p\u00ebrdorim, mund t\u00eb hollohet me uj\u00eb n\u00ebse \u00ebsht\u00eb e nevojshme.  <\/p>\n<p>Pas p\u00ebrfundimit t\u00eb pun\u00ebs, mjeti duhet t\u00eb lahet me uj\u00eb.<\/p>\n<p>&#8221; content_last_edited=&#8221;on|phone&#8221; _builder_version=&#8221;4.9.4&#8243; text_text_color=&#8221;#050f7f&#8221; text_font_size=&#8221;13px&#8221; text_line_height=&#8221;1.5em&#8221; header_font=&#8221;|600||on|||||&#8221; header_text_color=&#8221;#ffffff&#8221; header_2_text_color=&#8221;#ffffff&#8221;][\/et_pb_text][\/et_pb_column][\/et_pb_row][\/et_pb_section][et_pb_section fb_built=&#8221;1&#8243; _builder_version=&#8221;4.9.4&#8243; background_enable_color=&#8221;off&#8221; background_image=&#8221;http:\/\/irkom.rs\/wp-content\/uploads\/2021\/06\/aqualin-lak-za-kamen-3.png&#8221; custom_margin=&#8221;||||false|false&#8221; custom_margin_tablet=&#8221;-36px||||false|false&#8221; custom_margin_phone=&#8221;-46px|||-92px|false|false&#8221; custom_margin_last_edited=&#8221;on|phone&#8221; custom_padding=&#8221;0px||228px||false|false&#8221; background_last_edited=&#8221;on|phone&#8221; background_position_tablet=&#8221;bottom_left&#8221; background_position_phone=&#8221;bottom_left&#8221;][et_pb_row column_structure=&#8221;2_5,3_5&#8243; disabled_on=&#8221;on|on|off&#8221; _builder_version=&#8221;4.9.4&#8243; custom_margin=&#8221;-15px||||false|false&#8221; custom_padding=&#8221;||||false|false&#8221;][et_pb_column type=&#8221;2_5&#8243; _builder_version=&#8221;4.4.7&#8243;][\/et_pb_column][et_pb_column type=&#8221;3_5&#8243; _builder_version=&#8221;4.4.7&#8243;][et_pb_text content_tablet=&#8221;&#8221; content_phone=&#8221;&#8221; content_last_edited=&#8221;on|phone&#8221; _builder_version=&#8221;4.4.7&#8243; text_text_color=&#8221;#ffffff&#8221; header_font=&#8221;|600||on|||||&#8221; header_text_color=&#8221;#0c71c3&#8243; header_2_text_color=&#8221;#ffffff&#8221; custom_margin=&#8221;74px||7px||false|false&#8221; custom_margin_tablet=&#8221;&#8221; custom_margin_phone=&#8221;&#8221; custom_margin_last_edited=&#8221;on|tablet&#8221;]<\/p>\n<h1>METODA E APLIKIMIT<\/h1>\n<p>[\/et_pb_text][et_pb_divider color=&#8221;#d1d1d1&#8243; divider_weight=&#8221;2px&#8221; disabled_on=&#8221;on|on|off&#8221; _builder_version=&#8221;4.4.7&#8243;][\/et_pb_divider][et_pb_text content_tablet=&#8221;&#8221; content_phone=&#8221;&#8221; content_last_edited=&#8221;on|desktop&#8221; _builder_version=&#8221;4.9.4&#8243; text_text_color=&#8221;#050f7f&#8221; text_font_size=&#8221;13px&#8221; text_line_height=&#8221;1.5em&#8221; header_font=&#8221;|600||on|||||&#8221; header_text_color=&#8221;#ffffff&#8221; header_2_text_color=&#8221;#ffffff&#8221;]<\/p>\n<p><strong>Llak p\u00ebr gur\u00eb Aqualin<\/strong> aplikohet n\u00eb nj\u00eb sip\u00ebrfaqe q\u00eb \u00ebsht\u00eb pastruar plot\u00ebsisht nga pluhuri, vaji, yndyra, dylli dhe papast\u00ebrtit\u00eb e tjera. Aplikimi b\u00ebhet me pistolet\u00eb, fur\u00e7\u00eb ose leck\u00eb t\u00eb but\u00eb n\u00eb nj\u00eb ose dy shtresa. Llak \u00ebsht\u00eb gati p\u00ebr p\u00ebrdorim, mund t\u00eb hollohet me uj\u00eb n\u00ebse \u00ebsht\u00eb e nevojshme.  <\/p>\n<p>Pas p\u00ebrfundimit t\u00eb pun\u00ebs, mjeti duhet t\u00eb lahet me uj\u00eb.<\/p>\n<p>[\/et_pb_text][et_pb_image title_text=&#8221;3 n\u00eb 1-master&#8221; _builder_version=&#8221;4.4.7&#8243;][\/et_pb_image][\/et_pb_column][\/et_pb_row][et_pb_row _builder_version=&#8221;4.4.7&#8243;][et_pb_column type=&#8221;4_4&#8243; _builder_version=&#8221;4.4.7&#8243;][et_pb_image title_text=&#8221;ngjit\u00ebse zuzu&#8221; _builder_version=&#8221;4.4.7&#8243; custom_margin=&#8221;-34px||-122px||false|false&#8221;][\/et_pb_image][\/et_pb_column][\/et_pb_row][\/et_pb_section]<\/p>\n","protected":false},"excerpt":{"rendered":"<p>Llak p\u00ebr gur\u00eb Aqualin Veshje Dekorative Transparente Llaku Aqualin p\u00ebr gur \u00ebsht\u00eb nj\u00eb shtres\u00eb dekorative transparente, e b\u00ebr\u00eb n\u00eb baz\u00eb t\u00eb dispersioneve speciale t\u00eb ujit, rr\u00ebshirave akrilike dhe aditiv\u00eb q\u00eb rrisin shk\u00eblqimin dhe intensifikojn\u00eb ngjyrat, gj\u00eb q\u00eb p\u00ebrmir\u00ebson ndjesh\u00ebm cil\u00ebsin\u00eb estetike t\u00eb materialit t\u00eb trajtuar. Karakterizohet nga elasticitet, fort\u00ebsi dhe rezistenc\u00eb e jasht\u00ebzakonshme ndaj kushteve [&hellip;]<\/p>\n","protected":false},"author":3,"featured_media":0,"parent":0,"menu_order":0,"comment_status":"closed","ping_status":"closed","template":"","meta":{"_et_pb_use_builder":"on","_et_pb_old_content":"","_et_gb_content_width":"","footnotes":""},"class_list":["post-11350","page","type-page","status-publish","hentry"],"yoast_head":"<!-- This site is optimized with the Yoast SEO plugin v27.2 - https:\/\/yoast.com\/product\/yoast-seo-wordpress\/ -->\n<title>Llak guri AQUALIN | Irkom<\/title>\n<meta name=\"robots\" content=\"index, follow, max-snippet:-1, max-image-preview:large, max-video-preview:-1\" \/>\n<link rel=\"canonical\" href=\"https:\/\/irkom.rs\/aqualin-lak-za-kamen\/\" \/>\n<meta property=\"og:locale\" content=\"sq_AL\" \/>\n<meta property=\"og:type\" content=\"article\" \/>\n<meta property=\"og:title\" content=\"Llak guri AQUALIN | Irkom\" \/>\n<meta property=\"og:description\" content=\"Llak p\u00ebr gur\u00eb Aqualin Veshje Dekorative Transparente Llaku Aqualin p\u00ebr gur \u00ebsht\u00eb nj\u00eb shtres\u00eb dekorative transparente, e b\u00ebr\u00eb n\u00eb baz\u00eb t\u00eb dispersioneve speciale t\u00eb ujit, rr\u00ebshirave akrilike dhe aditiv\u00eb q\u00eb rrisin shk\u00eblqimin dhe intensifikojn\u00eb ngjyrat, gj\u00eb q\u00eb p\u00ebrmir\u00ebson ndjesh\u00ebm cil\u00ebsin\u00eb estetike t\u00eb materialit t\u00eb trajtuar. Karakterizohet nga elasticitet, fort\u00ebsi dhe rezistenc\u00eb e jasht\u00ebzakonshme ndaj kushteve [&hellip;]\" \/>\n<meta property=\"og:url\" content=\"https:\/\/irkom.rs\/aqualin-lak-za-kamen\/\" \/>\n<meta property=\"og:site_name\" content=\"Irkom\" \/>\n<meta property=\"article:modified_time\" content=\"2025-07-02T18:06:24+00:00\" \/>\n<meta name=\"twitter:card\" content=\"summary_large_image\" \/>\n<meta name=\"twitter:label1\" content=\"Est. reading time\" \/>\n\t<meta name=\"twitter:data1\" content=\"7 minutes\" \/>\n<script type=\"application\/ld+json\" class=\"yoast-schema-graph\">{\"@context\":\"https:\/\/schema.org\",\"@graph\":[{\"@type\":\"WebPage\",\"@id\":\"https:\/\/irkom.rs\/aqualin-lak-za-kamen\/\",\"url\":\"https:\/\/irkom.rs\/aqualin-lak-za-kamen\/\",\"name\":\"Llak guri AQUALIN | Irkom\",\"isPartOf\":{\"@id\":\"https:\/\/irkom.rs\/#website\"},\"datePublished\":\"2021-06-15T10:45:12+00:00\",\"dateModified\":\"2025-07-02T18:06:24+00:00\",\"breadcrumb\":{\"@id\":\"https:\/\/irkom.rs\/aqualin-lak-za-kamen\/#breadcrumb\"},\"inLanguage\":\"sq-AL\",\"potentialAction\":[{\"@type\":\"ReadAction\",\"target\":[\"https:\/\/irkom.rs\/aqualin-lak-za-kamen\/\"]}]},{\"@type\":\"BreadcrumbList\",\"@id\":\"https:\/\/irkom.rs\/aqualin-lak-za-kamen\/#breadcrumb\",\"itemListElement\":[{\"@type\":\"ListItem\",\"position\":1,\"name\":\"\u041f\u043e\u0447\u0435\u0442\u043d\u0430\",\"item\":\"https:\/\/irkom.rs\/sq\/\"},{\"@type\":\"ListItem\",\"position\":2,\"name\":\"Llak guri AQUALIN\"}]},{\"@type\":\"WebSite\",\"@id\":\"https:\/\/irkom.rs\/#website\",\"url\":\"https:\/\/irkom.rs\/\",\"name\":\"Irkom\",\"description\":\"Boje i lakovi\",\"potentialAction\":[{\"@type\":\"SearchAction\",\"target\":{\"@type\":\"EntryPoint\",\"urlTemplate\":\"https:\/\/irkom.rs\/?s={search_term_string}\"},\"query-input\":{\"@type\":\"PropertyValueSpecification\",\"valueRequired\":true,\"valueName\":\"search_term_string\"}}],\"inLanguage\":\"sq-AL\"}]}<\/script>\n<!-- \/ Yoast SEO plugin. -->","yoast_head_json":{"title":"Llak guri AQUALIN | Irkom","robots":{"index":"index","follow":"follow","max-snippet":"max-snippet:-1","max-image-preview":"max-image-preview:large","max-video-preview":"max-video-preview:-1"},"canonical":"https:\/\/irkom.rs\/aqualin-lak-za-kamen\/","og_locale":"sq_AL","og_type":"article","og_title":"Llak guri AQUALIN | Irkom","og_description":"Llak p\u00ebr gur\u00eb Aqualin Veshje Dekorative Transparente Llaku Aqualin p\u00ebr gur \u00ebsht\u00eb nj\u00eb shtres\u00eb dekorative transparente, e b\u00ebr\u00eb n\u00eb baz\u00eb t\u00eb dispersioneve speciale t\u00eb ujit, rr\u00ebshirave akrilike dhe aditiv\u00eb q\u00eb rrisin shk\u00eblqimin dhe intensifikojn\u00eb ngjyrat, gj\u00eb q\u00eb p\u00ebrmir\u00ebson ndjesh\u00ebm cil\u00ebsin\u00eb estetike t\u00eb materialit t\u00eb trajtuar. Karakterizohet nga elasticitet, fort\u00ebsi dhe rezistenc\u00eb e jasht\u00ebzakonshme ndaj kushteve [&hellip;]","og_url":"https:\/\/irkom.rs\/aqualin-lak-za-kamen\/","og_site_name":"Irkom","article_modified_time":"2025-07-02T18:06:24+00:00","twitter_card":"summary_large_image","twitter_misc":{"Est. reading time":"7 minutes"},"schema":{"@context":"https:\/\/schema.org","@graph":[{"@type":"WebPage","@id":"https:\/\/irkom.rs\/aqualin-lak-za-kamen\/","url":"https:\/\/irkom.rs\/aqualin-lak-za-kamen\/","name":"Llak guri AQUALIN | Irkom","isPartOf":{"@id":"https:\/\/irkom.rs\/#website"},"datePublished":"2021-06-15T10:45:12+00:00","dateModified":"2025-07-02T18:06:24+00:00","breadcrumb":{"@id":"https:\/\/irkom.rs\/aqualin-lak-za-kamen\/#breadcrumb"},"inLanguage":"sq-AL","potentialAction":[{"@type":"ReadAction","target":["https:\/\/irkom.rs\/aqualin-lak-za-kamen\/"]}]},{"@type":"BreadcrumbList","@id":"https:\/\/irkom.rs\/aqualin-lak-za-kamen\/#breadcrumb","itemListElement":[{"@type":"ListItem","position":1,"name":"\u041f\u043e\u0447\u0435\u0442\u043d\u0430","item":"https:\/\/irkom.rs\/sq\/"},{"@type":"ListItem","position":2,"name":"Llak guri AQUALIN"}]},{"@type":"WebSite","@id":"https:\/\/irkom.rs\/#website","url":"https:\/\/irkom.rs\/","name":"Irkom","description":"Boje i lakovi","potentialAction":[{"@type":"SearchAction","target":{"@type":"EntryPoint","urlTemplate":"https:\/\/irkom.rs\/?s={search_term_string}"},"query-input":{"@type":"PropertyValueSpecification","valueRequired":true,"valueName":"search_term_string"}}],"inLanguage":"sq-AL"}]}},"_links":{"self":[{"href":"https:\/\/irkom.rs\/sq\/wp-json\/wp\/v2\/pages\/11350","targetHints":{"allow":["GET"]}}],"collection":[{"href":"https:\/\/irkom.rs\/sq\/wp-json\/wp\/v2\/pages"}],"about":[{"href":"https:\/\/irkom.rs\/sq\/wp-json\/wp\/v2\/types\/page"}],"author":[{"embeddable":true,"href":"https:\/\/irkom.rs\/sq\/wp-json\/wp\/v2\/users\/3"}],"replies":[{"embeddable":true,"href":"https:\/\/irkom.rs\/sq\/wp-json\/wp\/v2\/comments?post=11350"}],"version-history":[{"count":2,"href":"https:\/\/irkom.rs\/sq\/wp-json\/wp\/v2\/pages\/11350\/revisions"}],"predecessor-version":[{"id":11352,"href":"https:\/\/irkom.rs\/sq\/wp-json\/wp\/v2\/pages\/11350\/revisions\/11352"}],"wp:attachment":[{"href":"https:\/\/irkom.rs\/sq\/wp-json\/wp\/v2\/media?parent=11350"}],"curies":[{"name":"wp","href":"https:\/\/api.w.org\/{rel}","templated":true}]}}