{"id":11346,"date":"2023-12-13T21:10:01","date_gmt":"2023-12-13T21:10:01","guid":{"rendered":"https:\/\/irkom.rs\/rreth-nesh\/"},"modified":"2025-07-02T18:06:19","modified_gmt":"2025-07-02T18:06:19","slug":"rreth-nesh","status":"publish","type":"page","link":"https:\/\/irkom.rs\/sq\/rreth-nesh\/","title":{"rendered":"Rreth nesh"},"content":{"rendered":"<p>[et_pb_section fb_built=&#8221;1&#8243; fullwidth=&#8221;on&#8221; disabled_on=&#8221;on|on|off&#8221; _builder_version=&#8221;4.23.1&#8243; _module_preset=&#8221;default&#8221; global_colors_info=&#8221;{}&#8221;][et_pb_fullwidth_slider _builder_version=&#8221;4.23.1&#8243; _module_preset=&#8221;default&#8221; content_width=&#8221;100%&#8221; content_width_tablet=&#8221;100%&#8221; content_width_phone=&#8221;100%&#8221; content_width_last_edited=&#8221;on|phone&#8221; min_height=&#8221;750px&#8221; min_height_tablet=&#8221;750px&#8221; min_height_phone=&#8221;750px&#8221; min_height_last_edited=&#8221;on|phone&#8221; custom_padding=&#8221;||||false|false&#8221; global_colors_info=&#8221;{}&#8221;][et_pb_slide _builder_version=&#8221;4.23.1&#8243; _module_preset=&#8221;default&#8221; background_enable_color=&#8221;off&#8221; background_video_mp4=&#8221;http:\/\/irkom.rs\/wp-content\/uploads\/2023\/12\/x2mate.com-Kako-izgleda-domaca-fabrika-boja-i-lakova.mp4&#8243; background_enable_video_mp4=&#8221;on&#8221; global_colors_info=&#8221;{}&#8221; sticky_transition=&#8221;on&#8221;][\/et_pb_slide][\/et_pb_fullwidth_slider][\/et_pb_section][et_pb_section fb_built=&#8221;1&#8243; disabled_on=&#8221;off|off|on&#8221; _builder_version=&#8221;4.23.1&#8243; _module_preset=&#8221;default&#8221; background_color=&#8221;#000000&#8243; background_enable_image=&#8221;off&#8221; background_enable_video_mp4=&#8221;off&#8221; custom_margin=&#8221;||||false|false&#8221; custom_padding=&#8221;0px||0px||true|false&#8221; global_colors_info=&#8221;{}&#8221;][et_pb_row _builder_version=&#8221;4.23.1&#8243; _module_preset=&#8221;default&#8221; width_tablet=&#8221;&#8221; width_phone=&#8221;100%&#8221; width_last_edited=&#8221;on|phone&#8221; custom_padding=&#8221;0px||0px||false|false&#8221; global_colors_info=&#8221;{}&#8221;][et_pb_column type=&#8221;4_4&#8243; _builder_version=&#8221;4.16&#8243; _module_preset=&#8221;default&#8221; global_colors_info=&#8221;{}&#8221;][et_pb_video src=&#8221;http:\/\/irkom.rs\/wp-content\/uploads\/2023\/12\/x2mate.com-Kako-izgleda-domaca-fabrika-boja-i-lakova.mp4&#8243; image_src=&#8221;http:\/\/irkom.rs\/wp-content\/uploads\/2023\/12\/WDSC03075-1.jpg&#8221; play_icon_color=&#8221;#000000&#8243; thumbnail_overlay_color=&#8221;rgba(0,0,0,0.6)&#8221; _builder_version=&#8221;4.23.1&#8243; _module_preset=&#8221;default&#8221; global_colors_info=&#8221;{}&#8221;][\/et_pb_video][\/et_pb_column][\/et_pb_row][\/et_pb_section][et_pb_section fb_built=&#8221;1&#8243; _builder_version=&#8221;4.23.1&#8243; _module_preset=&#8221;default&#8221; background_color=&#8221;#FFFFFF&#8221; use_background_color_gradient=&#8221;on&#8221; background_color_gradient_stops=&#8221;rgba(255,255,255,0.56) 0%|#f6f6f6 100%&#8221; background_color_gradient_overlays_image=&#8221;on&#8221; background_enable_image=&#8221;off&#8221; custom_padding=&#8221;0px||||false|false&#8221; global_colors_info=&#8221;{}&#8221;][et_pb_row use_custom_gutter=&#8221;on&#8221; gutter_width=&#8221;1&#8243; _builder_version=&#8221;4.23.1&#8243; _module_preset=&#8221;default&#8221; global_colors_info=&#8221;{}&#8221;][et_pb_column type=&#8221;4_4&#8243; _builder_version=&#8221;4.23.1&#8243; _module_preset=&#8221;default&#8221; global_colors_info=&#8221;{}&#8221;][et_pb_text _builder_version=&#8221;4.23.1&#8243; text_font=&#8221;||||||||&#8221; text_font_size=&#8221;16px&#8221; text_line_height=&#8221;1.8em&#8221; link_font=&#8221;Montserrat|700|||||||&#8221; link_text_color=&#8221;#fa546d&#8221; link_font_size=&#8221;22px&#8221; link_line_height=&#8221;1.5em&#8221; ul_font=&#8221;||||||||&#8221; header_font=&#8221;||||||||&#8221; header_2_font=&#8221;Montserrat|700||on|||||&#8221; header_2_font_size=&#8221;31px&#8221; header_2_line_height=&#8221;1.4em&#8221; header_6_font=&#8221;Montserrat|600||on|||||&#8221; header_6_text_color=&#8221;#24d9e2&#8243; header_6_font_size=&#8221;16px&#8221; header_6_letter_spacing=&#8221;2px&#8221; header_6_line_height=&#8221;1.5em&#8221; text_orientation=&#8221;center&#8221; max_width_last_edited=&#8221;off|desktop&#8221; module_alignment=&#8221;center&#8221; custom_margin=&#8221;|||&#8221; custom_padding=&#8221;|||&#8221; header_2_font_size_tablet=&#8221;&#8221; header_2_font_size_phone=&#8221;24px&#8221; header_2_font_size_last_edited=&#8221;on|phone&#8221; global_colors_info=&#8221;{}&#8221;]<\/p>\n<h2>RRETH NESH<\/h2>\n<p style=\"text-align: justify;\">Kompania jon\u00eb u themelua n\u00eb vitin 1991. N\u00eb vitet e trazuara n\u00ebnt\u00ebdhjet\u00eb, filluam me prodhimin e veshjeve p\u00ebr dru dhe metal me q\u00ebllim q\u00eb t\u00eb furnizonim kryesisht industrin\u00eb e mobiljeve. Me r\u00ebnien e prodhuesve t\u00eb m\u00ebdhenj t\u00eb mobiljeve, n\u00eb fillim t\u00eb viteve 2000, b\u00ebm\u00eb nj\u00eb kthes\u00eb dhe kaluam drejt prodhimit par\u00ebsor t\u00eb bojrave dhe llaqeve p\u00ebr konsum masiv.   <\/p>\n<p style=\"text-align: justify;\">Gjat\u00eb viteve t\u00eb zhvillimit, p\u00ebrpjekjet u p\u00ebrqendruan n\u00eb monitorimin e trendeve bot\u00ebrore n\u00eb k\u00ebt\u00eb deg\u00eb t\u00eb industris\u00eb, p\u00ebrmes p\u00ebrmir\u00ebsimit t\u00eb vazhduesh\u00ebm, p\u00ebrshtatjes me teknologjit\u00eb m\u00eb t\u00eb p\u00ebrparuara dhe trendet bot\u00ebrore. Si rezultat i t\u00eb gjitha k\u00ebtyre proceseve, ne ishim inovator\u00ebt kryesor\u00eb n\u00eb zon\u00ebn e Ballkanit n\u00eb fush\u00ebn e prodhimit t\u00eb bojrave dhe llaqeve dhe ishim t\u00eb par\u00ebt q\u00eb prezantuam produkte komplekse n\u00eb k\u00ebt\u00eb treg n\u00eb prodhimin tradicional t\u00eb bojrave, deri at\u00ebher\u00eb. Ne pozicionohemi si kompania e par\u00eb q\u00eb tregtoi boj\u00eb p\u00ebr metal sipas parimit 3 n\u00eb 1, si dhe ngjyrosje Irkolin Gold p\u00ebr dru me dyll, mbrojtje nga rrezet UV dhe rezistenc\u00eb ndaj ujit.<br \/> Sot, ne njihemi n\u00eb treg si nj\u00eb nga prodhuesit kryesor\u00eb t\u00eb bojrave dhe llaqeve n\u00eb Serbi dhe rajon, t\u00eb specializuar ngusht\u00eb n\u00eb t\u00eb gjitha llojet e veshjeve p\u00ebr lyerjen dhe mbrojtjen e drurit dhe metalit.  <\/p>\n<p>[\/et_pb_text][et_pb_gallery gallery_ids=&#8221;10314,10317,10320,10323,10326,10329,10332,10335&#8243; posts_number=&#8221;8&#8243; show_title_and_caption=&#8221;off&#8221; show_pagination=&#8221;off&#8221; zoom_icon_color=&#8221;RGBA(255,255,255,0)&#8221; hover_overlay_color=&#8221;rgba(255,255,255,0.41)&#8221; _builder_version=&#8221;4.23.1&#8243; _module_preset=&#8221;default&#8221; custom_padding=&#8221;20px||20px||true|false&#8221; hover_enabled=&#8221;0&#8243; border_width_all=&#8221;2px&#8221; border_color_all=&#8221;#FFFFFF&#8221; global_colors_info=&#8221;{}&#8221; custom_css_gallery_item_last_edited=&#8221;on|phone&#8221; sticky_enabled=&#8221;0&#8243; custom_css_gallery_item_phone=&#8221;width: 50% !important;||margin: 0px !important;||clear: none !important;||&#8221;][\/et_pb_gallery][et_pb_text _builder_version=&#8221;4.23.1&#8243; text_font=&#8221;||||||||&#8221; text_font_size=&#8221;16px&#8221; text_line_height=&#8221;1.8em&#8221; link_font=&#8221;Montserrat|700|||||||&#8221; link_text_color=&#8221;#fa546d&#8221; link_font_size=&#8221;22px&#8221; link_line_height=&#8221;1.5em&#8221; ul_font=&#8221;||||||||&#8221; header_font=&#8221;||||||||&#8221; header_2_font=&#8221;Montserrat|700||on|||||&#8221; header_2_font_size=&#8221;31px&#8221; header_2_line_height=&#8221;1.4em&#8221; header_6_font=&#8221;Montserrat|600||on|||||&#8221; header_6_text_color=&#8221;#24d9e2&#8243; header_6_font_size=&#8221;16px&#8221; header_6_letter_spacing=&#8221;2px&#8221; header_6_line_height=&#8221;1.5em&#8221; text_orientation=&#8221;center&#8221; max_width_last_edited=&#8221;off|desktop&#8221; module_alignment=&#8221;center&#8221; custom_margin=&#8221;|||&#8221; custom_padding=&#8221;|||&#8221; header_2_font_size_tablet=&#8221;&#8221; header_2_font_size_phone=&#8221;24px&#8221; header_2_font_size_last_edited=&#8221;on|phone&#8221; global_colors_info=&#8221;{}&#8221;]<\/p>\n<p style=\"text-align: justify;\">N\u00eb gam\u00ebn prej mbi 60 produktesh me mbi 300 artikuj, kemi ngjyra me baz\u00eb vaji dhe nitro, ngjyra q\u00eb thahen shpejt, dhe n\u00eb p\u00ebrputhje me zhvillimin e veshjeve ekologjike n\u00eb bot\u00eb, n\u00eb fillim t\u00eb dekad\u00ebs s\u00eb fundit, filluam prodhimin e bojrave dhe llaqeve me baz\u00eb uji.<\/p>\n<p style=\"text-align: justify;\">Edhe pse do t\u00eb mendonit se si deg\u00eb e industris\u00eb kimike ne i p\u00ebrkasim ndot\u00ebsve t\u00eb m\u00ebdhenj t\u00eb mjedisit, si nj\u00eb kompani me p\u00ebrgjegj\u00ebsi shoq\u00ebrore q\u00eb nga dita e par\u00eb ne japim t\u00eb gjitha p\u00ebrpjekjet tona p\u00ebr t\u00eb siguruar q\u00eb prodhimi yn\u00eb t\u00eb funksionoj\u00eb sipas standardeve bot\u00ebrore, duke p\u00ebrmbushur t\u00eb gjitha kriteret e standardit ISO 14001 p\u00ebr mbrojtjen e mjedisit.<\/p>\n<p style=\"text-align: justify;\">Fabrika jon\u00eb ndodhet n\u00eb nj\u00eb qytet t\u00eb vog\u00ebl n\u00eb Serbin\u00eb per\u00ebndimore, Kosjeri\u00e7, n\u00eb bregun e lumit Skrape\u017e. Vet\u00ebm pak metra posht\u00eb fabrik\u00ebs, \u00e7do vit zhvillohet nj\u00eb mbledhje e madhe peshkatar\u00ebsh, dhe ne marrim vler\u00ebsime prej tyre p\u00ebr ruajtjen e mjedisit, ve\u00e7an\u00ebrisht t\u00eb lumit, ku jetojn\u00eb nj\u00eb num\u00ebr i madh llojesh t\u00eb ndryshme peshqish. Motoja jon\u00eb \u00ebsht\u00eb &#8220;Ne kujdesemi p\u00ebr natyr\u00ebn, ne mendojm\u00eb p\u00ebr t\u00eb ardhmen&#8221;.  <\/p>\n<p>[\/et_pb_text][et_pb_image src=&#8221;http:\/\/irkom.rs\/wp-content\/uploads\/2023\/12\/WDSC03103.jpg&#8221; _builder_version=&#8221;4.23.1&#8243; _module_preset=&#8221;default&#8221; custom_padding=&#8221;20px||20px||true|false&#8221; global_colors_info=&#8221;{}&#8221;][\/et_pb_image][et_pb_gallery gallery_ids=&#8221;10341,10344,10347,10350&#8243; posts_number=&#8221;8&#8243; show_title_and_caption=&#8221;off&#8221; show_pagination=&#8221;off&#8221; zoom_icon_color=&#8221;RGBA(255,255,255,0)&#8221; hover_overlay_color=&#8221;rgba(255,255,255,0.41)&#8221; _builder_version=&#8221;4.23.1&#8243; _module_preset=&#8221;default&#8221; custom_padding=&#8221;20px||20px||true|false&#8221; hover_enabled=&#8221;0&#8243; border_width_all=&#8221;2px&#8221; border_color_all=&#8221;#FFFFFF&#8221; global_colors_info=&#8221;{}&#8221; custom_css_main_element_last_edited=&#8221;on|phone&#8221; sticky_enabled=&#8221;0&#8243; custom_css_gallery_item=&#8221;width: 50% !important;||margin: 0px !important;||clear: none !important;||&#8221;][\/et_pb_gallery][et_pb_text _builder_version=&#8221;4.23.1&#8243; text_font=&#8221;||||||||&#8221; text_font_size=&#8221;16px&#8221; text_line_height=&#8221;1.8em&#8221; link_font=&#8221;Montserrat|700|||||||&#8221; link_text_color=&#8221;#fa546d&#8221; link_font_size=&#8221;22px&#8221; link_line_height=&#8221;1.5em&#8221; ul_font=&#8221;||||||||&#8221; header_font=&#8221;||||||||&#8221; header_2_font=&#8221;Montserrat|700||on|||||&#8221; header_2_font_size=&#8221;31px&#8221; header_2_line_height=&#8221;1.4em&#8221; header_6_font=&#8221;Montserrat|600||on|||||&#8221; header_6_text_color=&#8221;#24d9e2&#8243; header_6_font_size=&#8221;16px&#8221; header_6_letter_spacing=&#8221;2px&#8221; header_6_line_height=&#8221;1.5em&#8221; text_orientation=&#8221;center&#8221; max_width_last_edited=&#8221;off|desktop&#8221; module_alignment=&#8221;center&#8221; custom_margin=&#8221;|||&#8221; custom_padding=&#8221;|||&#8221; header_2_font_size_tablet=&#8221;&#8221; header_2_font_size_phone=&#8221;24px&#8221; header_2_font_size_last_edited=&#8221;on|phone&#8221; global_colors_info=&#8221;{}&#8221;]<\/p>\n<p style=\"text-align: justify;\">N\u00eb vitin 2022, ne hym\u00eb n\u00eb procesin e kalimit n\u00eb burime t\u00eb rinovueshme t\u00eb energjis\u00eb, kryesisht p\u00ebrmes instalimit t\u00eb paneleve diellore dhe blerjes s\u00eb makinave elektrike, t\u00eb cilat i planifikojm\u00eb p\u00ebr t\u00eb p\u00ebrmir\u00ebsuar m\u00eb tej kujdesin ndaj mjedisit. <\/p>\n<p style=\"text-align: justify;\">Gjat\u00eb gjith\u00eb k\u00ebtyre viteve, produktet e mark\u00ebs s\u00eb kompanis\u00eb jan\u00eb dalluar si boj\u00eb 3-n\u00eb-1 p\u00ebr metal dhe boj\u00eb Irkolin Gold p\u00ebr dekorimin dhe mbrojtjen e drurit. Linja e veshjeve me baz\u00eb uji e quajtur Aqualin po konsolidon pozicionin e saj n\u00eb treg dhe synon t\u00eb z\u00ebvend\u00ebsoj\u00eb veshjet e bazuara n\u00eb baza t\u00eb tjera n\u00eb t\u00eb ardhmen, duke ndjekur parimet ekologjike. <\/p>\n<p>[\/et_pb_text][\/et_pb_column][\/et_pb_row][et_pb_row column_structure=&#8221;1_2,1_2&#8243; use_custom_gutter=&#8221;on&#8221; gutter_width=&#8221;1&#8243; _builder_version=&#8221;4.23.1&#8243; _module_preset=&#8221;default&#8221; custom_padding=&#8221;0px||||false|false&#8221; global_colors_info=&#8221;{}&#8221;][et_pb_column type=&#8221;1_2&#8243; _builder_version=&#8221;4.23.1&#8243; _module_preset=&#8221;default&#8221; global_colors_info=&#8221;{}&#8221;][et_pb_image src=&#8221;http:\/\/irkom.rs\/wp-content\/uploads\/2023\/12\/WDSC03075-1.jpg&#8221; _builder_version=&#8221;4.23.1&#8243; _module_preset=&#8221;default&#8221; border_width_right=&#8221;2px&#8221; border_color_right=&#8221;#FFFFFF&#8221; global_colors_info=&#8221;{}&#8221;][\/et_pb_image][\/et_pb_column][et_pb_column type=&#8221;1_2&#8243; _builder_version=&#8221;4.23.1&#8243; _module_preset=&#8221;default&#8221; global_colors_info=&#8221;{}&#8221;][et_pb_image src=&#8221;http:\/\/irkom.rs\/wp-content\/uploads\/2023\/12\/WDSC03073.jpg&#8221; _builder_version=&#8221;4.23.1&#8243; _module_preset=&#8221;default&#8221; border_width_left=&#8221;2px&#8221; border_color_left=&#8221;#FFFFFF&#8221; global_colors_info=&#8221;{}&#8221;][\/et_pb_image][\/et_pb_column][\/et_pb_row][\/et_pb_section]<\/p>\n","protected":false},"excerpt":{"rendered":"<p>RRETH NESH Kompania jon\u00eb u themelua n\u00eb vitin 1991. N\u00eb vitet e trazuara n\u00ebnt\u00ebdhjet\u00eb, filluam me prodhimin e veshjeve p\u00ebr dru dhe metal me q\u00ebllim q\u00eb t\u00eb furnizonim kryesisht industrin\u00eb e mobiljeve. Me r\u00ebnien e prodhuesve t\u00eb m\u00ebdhenj t\u00eb mobiljeve, n\u00eb fillim t\u00eb viteve 2000, b\u00ebm\u00eb nj\u00eb kthes\u00eb dhe kaluam drejt prodhimit par\u00ebsor t\u00eb bojrave [&hellip;]<\/p>\n","protected":false},"author":1,"featured_media":0,"parent":0,"menu_order":0,"comment_status":"closed","ping_status":"closed","template":"","meta":{"_et_pb_use_builder":"on","_et_pb_old_content":"","_et_gb_content_width":"","footnotes":""},"class_list":["post-11346","page","type-page","status-publish","hentry"],"yoast_head":"<!-- This site is optimized with the Yoast SEO plugin v27.2 - https:\/\/yoast.com\/product\/yoast-seo-wordpress\/ -->\n<title>Rreth nesh | Irkom<\/title>\n<meta name=\"robots\" content=\"index, follow, max-snippet:-1, max-image-preview:large, max-video-preview:-1\" \/>\n<link rel=\"canonical\" href=\"https:\/\/irkom.rs\/sq\/rreth-nesh\/\" \/>\n<meta property=\"og:locale\" content=\"sq_AL\" \/>\n<meta property=\"og:type\" content=\"article\" \/>\n<meta property=\"og:title\" content=\"Rreth nesh | Irkom\" \/>\n<meta property=\"og:description\" content=\"RRETH NESH Kompania jon\u00eb u themelua n\u00eb vitin 1991. N\u00eb vitet e trazuara n\u00ebnt\u00ebdhjet\u00eb, filluam me prodhimin e veshjeve p\u00ebr dru dhe metal me q\u00ebllim q\u00eb t\u00eb furnizonim kryesisht industrin\u00eb e mobiljeve. Me r\u00ebnien e prodhuesve t\u00eb m\u00ebdhenj t\u00eb mobiljeve, n\u00eb fillim t\u00eb viteve 2000, b\u00ebm\u00eb nj\u00eb kthes\u00eb dhe kaluam drejt prodhimit par\u00ebsor t\u00eb bojrave [&hellip;]\" \/>\n<meta property=\"og:url\" content=\"https:\/\/irkom.rs\/sq\/rreth-nesh\/\" \/>\n<meta property=\"og:site_name\" content=\"Irkom\" \/>\n<meta property=\"article:modified_time\" content=\"2025-07-02T18:06:19+00:00\" \/>\n<meta name=\"twitter:card\" content=\"summary_large_image\" \/>\n<meta name=\"twitter:label1\" content=\"Est. reading time\" \/>\n\t<meta name=\"twitter:data1\" content=\"7 minutes\" \/>\n<script type=\"application\/ld+json\" class=\"yoast-schema-graph\">{\"@context\":\"https:\/\/schema.org\",\"@graph\":[{\"@type\":\"WebPage\",\"@id\":\"https:\/\/irkom.rs\/sq\/rreth-nesh\/\",\"url\":\"https:\/\/irkom.rs\/sq\/rreth-nesh\/\",\"name\":\"Rreth nesh | Irkom\",\"isPartOf\":{\"@id\":\"https:\/\/irkom.rs\/#website\"},\"datePublished\":\"2023-12-13T21:10:01+00:00\",\"dateModified\":\"2025-07-02T18:06:19+00:00\",\"breadcrumb\":{\"@id\":\"https:\/\/irkom.rs\/sq\/rreth-nesh\/#breadcrumb\"},\"inLanguage\":\"sq-AL\",\"potentialAction\":[{\"@type\":\"ReadAction\",\"target\":[\"https:\/\/irkom.rs\/sq\/rreth-nesh\/\"]}]},{\"@type\":\"BreadcrumbList\",\"@id\":\"https:\/\/irkom.rs\/sq\/rreth-nesh\/#breadcrumb\",\"itemListElement\":[{\"@type\":\"ListItem\",\"position\":1,\"name\":\"\u041f\u043e\u0447\u0435\u0442\u043d\u0430\",\"item\":\"https:\/\/irkom.rs\/sq\/\"},{\"@type\":\"ListItem\",\"position\":2,\"name\":\"Rreth nesh\"}]},{\"@type\":\"WebSite\",\"@id\":\"https:\/\/irkom.rs\/#website\",\"url\":\"https:\/\/irkom.rs\/\",\"name\":\"Irkom\",\"description\":\"Boje i lakovi\",\"potentialAction\":[{\"@type\":\"SearchAction\",\"target\":{\"@type\":\"EntryPoint\",\"urlTemplate\":\"https:\/\/irkom.rs\/?s={search_term_string}\"},\"query-input\":{\"@type\":\"PropertyValueSpecification\",\"valueRequired\":true,\"valueName\":\"search_term_string\"}}],\"inLanguage\":\"sq-AL\"}]}<\/script>\n<!-- \/ Yoast SEO plugin. -->","yoast_head_json":{"title":"Rreth nesh | Irkom","robots":{"index":"index","follow":"follow","max-snippet":"max-snippet:-1","max-image-preview":"max-image-preview:large","max-video-preview":"max-video-preview:-1"},"canonical":"https:\/\/irkom.rs\/sq\/rreth-nesh\/","og_locale":"sq_AL","og_type":"article","og_title":"Rreth nesh | Irkom","og_description":"RRETH NESH Kompania jon\u00eb u themelua n\u00eb vitin 1991. N\u00eb vitet e trazuara n\u00ebnt\u00ebdhjet\u00eb, filluam me prodhimin e veshjeve p\u00ebr dru dhe metal me q\u00ebllim q\u00eb t\u00eb furnizonim kryesisht industrin\u00eb e mobiljeve. Me r\u00ebnien e prodhuesve t\u00eb m\u00ebdhenj t\u00eb mobiljeve, n\u00eb fillim t\u00eb viteve 2000, b\u00ebm\u00eb nj\u00eb kthes\u00eb dhe kaluam drejt prodhimit par\u00ebsor t\u00eb bojrave [&hellip;]","og_url":"https:\/\/irkom.rs\/sq\/rreth-nesh\/","og_site_name":"Irkom","article_modified_time":"2025-07-02T18:06:19+00:00","twitter_card":"summary_large_image","twitter_misc":{"Est. reading time":"7 minutes"},"schema":{"@context":"https:\/\/schema.org","@graph":[{"@type":"WebPage","@id":"https:\/\/irkom.rs\/sq\/rreth-nesh\/","url":"https:\/\/irkom.rs\/sq\/rreth-nesh\/","name":"Rreth nesh | Irkom","isPartOf":{"@id":"https:\/\/irkom.rs\/#website"},"datePublished":"2023-12-13T21:10:01+00:00","dateModified":"2025-07-02T18:06:19+00:00","breadcrumb":{"@id":"https:\/\/irkom.rs\/sq\/rreth-nesh\/#breadcrumb"},"inLanguage":"sq-AL","potentialAction":[{"@type":"ReadAction","target":["https:\/\/irkom.rs\/sq\/rreth-nesh\/"]}]},{"@type":"BreadcrumbList","@id":"https:\/\/irkom.rs\/sq\/rreth-nesh\/#breadcrumb","itemListElement":[{"@type":"ListItem","position":1,"name":"\u041f\u043e\u0447\u0435\u0442\u043d\u0430","item":"https:\/\/irkom.rs\/sq\/"},{"@type":"ListItem","position":2,"name":"Rreth nesh"}]},{"@type":"WebSite","@id":"https:\/\/irkom.rs\/#website","url":"https:\/\/irkom.rs\/","name":"Irkom","description":"Boje i lakovi","potentialAction":[{"@type":"SearchAction","target":{"@type":"EntryPoint","urlTemplate":"https:\/\/irkom.rs\/?s={search_term_string}"},"query-input":{"@type":"PropertyValueSpecification","valueRequired":true,"valueName":"search_term_string"}}],"inLanguage":"sq-AL"}]}},"_links":{"self":[{"href":"https:\/\/irkom.rs\/sq\/wp-json\/wp\/v2\/pages\/11346","targetHints":{"allow":["GET"]}}],"collection":[{"href":"https:\/\/irkom.rs\/sq\/wp-json\/wp\/v2\/pages"}],"about":[{"href":"https:\/\/irkom.rs\/sq\/wp-json\/wp\/v2\/types\/page"}],"author":[{"embeddable":true,"href":"https:\/\/irkom.rs\/sq\/wp-json\/wp\/v2\/users\/1"}],"replies":[{"embeddable":true,"href":"https:\/\/irkom.rs\/sq\/wp-json\/wp\/v2\/comments?post=11346"}],"version-history":[{"count":2,"href":"https:\/\/irkom.rs\/sq\/wp-json\/wp\/v2\/pages\/11346\/revisions"}],"predecessor-version":[{"id":11348,"href":"https:\/\/irkom.rs\/sq\/wp-json\/wp\/v2\/pages\/11346\/revisions\/11348"}],"wp:attachment":[{"href":"https:\/\/irkom.rs\/sq\/wp-json\/wp\/v2\/media?parent=11346"}],"curies":[{"name":"wp","href":"https:\/\/api.w.org\/{rel}","templated":true}]}}