{"id":7456,"date":"2020-08-12T08:34:28","date_gmt":"2020-08-12T08:34:28","guid":{"rendered":"https:\/\/irkom.rs\/product\/rapid-thinner\/"},"modified":"2023-12-14T13:24:47","modified_gmt":"2023-12-14T13:24:47","slug":"rapid-thinner","status":"publish","type":"product","link":"https:\/\/irkom.rs\/en\/product\/rapid-thinner\/","title":{"rendered":"RAPID THINNER"},"content":{"rendered":"<p>[et_pb_section fb_built=&#8221;1&#8243; _builder_version=&#8221;4.16&#8243; use_background_color_gradient=&#8221;on&#8221; background_color_gradient_stops=&#8221;rgba(0,2,0,0.08) 35%|rgba(2,2,2,0.57) 100%&#8221; background_color_gradient_overlays_image=&#8221;on&#8221; background_color_gradient_start=&#8221;rgba(0,2,0,0.08)&#8221; background_color_gradient_start_position=&#8221;35%&#8221; background_color_gradient_end=&#8221;rgba(2,2,2,0.57)&#8221; background_image=&#8221;http:\/\/irkom.rs\/wp-content\/uploads\/2020\/08\/header-razredjivacii.png&#8221; background_position=&#8221;bottom_right&#8221; vertical_offset=&#8221;-45px&#8221; max_height_last_edited=&#8221;off|desktop&#8221; custom_padding=&#8221;||||false|false&#8221; global_colors_info=&#8221;{}&#8221;][et_pb_row column_structure=&#8221;1_3,2_3&#8243; _builder_version=&#8221;4.16&#8243; custom_margin=&#8221;||||false|false&#8221; global_colors_info=&#8221;{}&#8221;][et_pb_column type=&#8221;1_3&#8243; _builder_version=&#8221;4.16&#8243; global_colors_info=&#8221;{}&#8221;][et_pb_image src=&#8221;http:\/\/irkom.rs\/wp-content\/uploads\/2020\/08\/Wrapidx2.png&#8221; alt=&#8221;Irkom Rapid razre\u0111iva\u010d za brzosu\u0161ive boje&#8221; title_text=&#8221;rapid&#8221; align=&#8221;center&#8221; _builder_version=&#8221;4.22.2&#8243; width_tablet=&#8221;&#8221; width_phone=&#8221;75%&#8221; width_last_edited=&#8221;on|phone&#8221; max_width=&#8221;80%&#8221; max_width_tablet=&#8221;&#8221; max_width_phone=&#8221;75%&#8221; max_width_last_edited=&#8221;on|phone&#8221; custom_margin=&#8221;||-50%||false|false&#8221; custom_margin_tablet=&#8221;||-50%||false|false&#8221; custom_margin_phone=&#8221;||-200px||false|false&#8221; custom_margin_last_edited=&#8221;on|phone&#8221; custom_padding=&#8221;||||false|false&#8221; global_colors_info=&#8221;{}&#8221;][\/et_pb_image][\/et_pb_column][et_pb_column type=&#8221;2_3&#8243; _builder_version=&#8221;4.16&#8243; global_colors_info=&#8221;{}&#8221;][et_pb_text content_tablet=&#8221;<\/p>\n<h2><strong>IRKOLIN <\/strong><strong>CLASSIC<\/strong><\/h2>\n<h3><strong>LAZURA ZA ZA\u0160TITU DRVETA<\/strong><\/h3>\n<p>&#8221; content_phone=&#8221;<\/p>\n<h2><strong>IRKOLIN <\/strong><strong>CLASSIC<\/strong><\/h2>\n<h3><strong>LAZURA ZA ZA\u0160TITU DRVETA<\/strong><\/h3>\n<p>&#8221; content_last_edited=&#8221;off|desktop&#8221; disabled_on=&#8221;on|on|off&#8221; _builder_version=&#8221;4.22.2&#8243; text_font_size=&#8221;18px&#8221; header_text_color=&#8221;#ffffff&#8221; header_font_size=&#8221;65px&#8221; header_2_text_color=&#8221;#000000&#8243; header_2_font_size=&#8221;50px&#8221; header_3_text_color=&#8221;#ffffff&#8221; custom_margin=&#8221;||-50%||false|false&#8221; custom_margin_tablet=&#8221;&#8221; custom_margin_phone=&#8221;||||false|false&#8221; custom_margin_last_edited=&#8221;on|phone&#8221; custom_padding=&#8221;80px||||false|false&#8221; custom_padding_tablet=&#8221;&#8221; custom_padding_phone=&#8221;&#8221; custom_padding_last_edited=&#8221;on|tablet&#8221; header_text_align_tablet=&#8221;center&#8221; header_text_align_phone=&#8221;center&#8221; header_text_align_last_edited=&#8221;on|phone&#8221; header_2_text_align_tablet=&#8221;center&#8221; header_2_text_align_phone=&#8221;&#8221; header_2_text_align_last_edited=&#8221;on|tablet&#8221; header_3_text_align_tablet=&#8221;center&#8221; header_3_text_align_phone=&#8221;&#8221; header_3_text_align_last_edited=&#8221;on|phone&#8221; header_text_shadow_style=&#8221;preset1&#8243; header_3_text_shadow_style=&#8221;preset1&#8243; global_colors_info=&#8221;{}&#8221;]<\/p>\n<h1><strong>RAPID THINNER<\/strong><\/h1>\n<h3><strong>FOR QUICK DRYING PAINTS<br \/><\/strong><\/h3>\n<p>[\/et_pb_text][\/et_pb_column][\/et_pb_row][\/et_pb_section][et_pb_section fb_built=&#8221;1&#8243; specialty=&#8221;on&#8221; _builder_version=&#8221;4.16&#8243; custom_padding=&#8221;0px|||||&#8221; global_colors_info=&#8221;{}&#8221;][et_pb_column type=&#8221;1_3&#8243; _builder_version=&#8221;4.16&#8243; custom_padding=&#8221;|||&#8221; global_colors_info=&#8221;{}&#8221; custom_padding__hover=&#8221;|||&#8221;][et_pb_text content_tablet=&#8221;<\/p>\n<h2><strong>IRKOLIN <\/strong><strong>CLASSIC<\/strong><\/h2>\n<h3><strong>LAZURA ZA ZA\u0160TITU DRVETA<\/strong><\/h3>\n<p>&#8221; content_phone=&#8221;<\/p>\n<h2><strong>IRKOLIN <\/strong><strong>CLASSIC<\/strong><\/h2>\n<h3><strong>LAZURA ZA ZA\u0160TITU DRVETA<\/strong><\/h3>\n<p>&#8221; content_last_edited=&#8221;off|desktop&#8221; disabled_on=&#8221;off|off|on&#8221; _builder_version=&#8221;4.22.2&#8243; text_font_size=&#8221;18px&#8221; header_text_align=&#8221;center&#8221; header_text_color=&#8221;#000000&#8243; header_font_size=&#8221;70px&#8221; header_2_text_align=&#8221;center&#8221; header_2_text_color=&#8221;#000000&#8243; header_2_font_size=&#8221;50px&#8221; header_3_text_color=&#8221;#000000&#8243; custom_margin=&#8221;||||false|false&#8221; custom_margin_tablet=&#8221;&#8221; custom_margin_phone=&#8221;||||false|false&#8221; custom_margin_last_edited=&#8221;on|phone&#8221; custom_padding=&#8221;||||false|false&#8221; custom_padding_tablet=&#8221;40%||||false|false&#8221; custom_padding_phone=&#8221;75px||||false|false&#8221; custom_padding_last_edited=&#8221;on|phone&#8221; header_font_last_edited=&#8221;off|phone&#8221; header_text_align_tablet=&#8221;center&#8221; header_text_align_phone=&#8221;center&#8221; header_text_align_last_edited=&#8221;off|phone&#8221; header_text_color_last_edited=&#8221;off|phone&#8221; header_2_text_align_tablet=&#8221;center&#8221; header_2_text_align_last_edited=&#8221;off|desktop&#8221; header_3_text_align_tablet=&#8221;center&#8221; header_3_text_align_phone=&#8221;&#8221; header_3_text_align_last_edited=&#8221;on|phone&#8221; global_colors_info=&#8221;{}&#8221;]<\/p>\n<h3 style=\"text-align: center;\"><strong>RAPID THINNER<br \/>FOR QUICK DRYING PAINTS<br \/><\/strong><\/h3>\n<p>[\/et_pb_text][\/et_pb_column][et_pb_column type=&#8221;2_3&#8243; specialty_columns=&#8221;2&#8243; _builder_version=&#8221;4.16&#8243; custom_padding=&#8221;|||&#8221; global_colors_info=&#8221;{}&#8221; custom_padding__hover=&#8221;|||&#8221;][et_pb_row_inner _builder_version=&#8221;4.16&#8243; global_colors_info=&#8221;{}&#8221;][et_pb_column_inner saved_specialty_column_type=&#8221;2_3&#8243; _builder_version=&#8221;4.16&#8243; global_colors_info=&#8221;{}&#8221;][et_pb_tabs _builder_version=&#8221;4.23.1&#8243; custom_margin=&#8221;||1px|||&#8221; custom_padding_tablet=&#8221;&#8221; custom_padding_phone=&#8221;|0px||0px|false|false&#8221; custom_padding_last_edited=&#8221;on|phone&#8221; hover_enabled=&#8221;0&#8243; body_text_align_tablet=&#8221;&#8221; body_text_align_phone=&#8221;left&#8221; body_text_align_last_edited=&#8221;on|phone&#8221; border_width_all=&#8221;0px&#8221; global_colors_info=&#8221;{}&#8221; sticky_enabled=&#8221;0&#8243;][et_pb_tab title=&#8221;DESCRIPTION&#8221; _builder_version=&#8221;4.17.6&#8243; global_colors_info=&#8221;{}&#8221;]<\/p>\n<p><strong>Rapid thinner<\/strong> can be used for thinning of quick dryingenamel. It is based on high quality organic solvents.<\/p>\n<p>[\/et_pb_tab][et_pb_tab title=&#8221;APPLIANCE&#8221; _builder_version=&#8221;4.17.6&#8243; global_colors_info=&#8221;{}&#8221;]RAPID thinner is used for thinning of RAPID quick dry paint (5 \u201310%)[\/et_pb_tab][et_pb_tab title=&#8221;INFORMATIONS&#8221; _builder_version=&#8221;4.23.1&#8243; hover_enabled=&#8221;0&#8243; global_colors_info=&#8221;{}&#8221; sticky_enabled=&#8221;0&#8243;]<\/p>\n<p><strong>Shelf life: <\/strong>Unlimited in original packaging<strong><br \/><\/strong><\/p>\n<p><strong>Package:<\/strong> 0,4l; 0,75l; 4,8l<\/p>\n<p>&nbsp;<\/p>\n<p>[\/et_pb_tab][\/et_pb_tabs][\/et_pb_column_inner][\/et_pb_row_inner][et_pb_row_inner column_structure=&#8221;1_2,1_2&#8243; use_custom_gutter=&#8221;on&#8221; gutter_width=&#8221;2&#8243; _builder_version=&#8221;4.16&#8243; global_colors_info=&#8221;{}&#8221;][et_pb_column_inner type=&#8221;1_2&#8243; saved_specialty_column_type=&#8221;2_3&#8243; _builder_version=&#8221;4.16&#8243; global_colors_info=&#8221;{}&#8221;][et_pb_blurb title=&#8221;TECHNICAL DATA SHEET&#8221; use_icon=&#8221;on&#8221; font_icon=&#8221;&#x69;||divi||400&#8243; icon_color=&#8221;#969696&#8243; image_icon_width=&#8221;40px&#8221; icon_placement_tablet=&#8221;&#8221; icon_placement_phone=&#8221;&#8221; icon_placement_last_edited=&#8221;on|phone&#8221; image_icon_width_tablet=&#8221;40px&#8221; image_icon_width_phone=&#8221;40px&#8221; image_icon_width_last_edited=&#8221;on|phone&#8221; content_max_width_tablet=&#8221;&#8221; content_max_width_phone=&#8221;&#8221; content_max_width_last_edited=&#8221;on|phone&#8221; admin_label=&#8221;Teh list&#8221; _builder_version=&#8221;4.17.4&#8243; header_font=&#8221;|||on|||||&#8221; header_font_size=&#8221;20px&#8221; background_color=&#8221;#020000&#8243; use_background_color_gradient=&#8221;on&#8221; background_color_gradient_type=&#8221;circular&#8221; background_color_gradient_direction_radial=&#8221;left&#8221; background_color_gradient_stops=&#8221;#b7b7b7 0%|#eaeaea 100%&#8221; background_color_gradient_start=&#8221;#b7b7b7&#8243; background_color_gradient_end=&#8221;#eaeaea&#8221; image_icon_custom_padding_tablet=&#8221;&#8221; image_icon_custom_padding_phone=&#8221;&#8221; image_icon_custom_padding_last_edited=&#8221;on|phone&#8221; transform_scale_tablet=&#8221;&#8221; transform_scale_phone=&#8221;&#8221; transform_scale_last_edited=&#8221;on|phone&#8221; transform_translate_tablet=&#8221;&#8221; transform_translate_phone=&#8221;&#8221; transform_translate_last_edited=&#8221;on|desktop&#8221; transform_rotate_tablet=&#8221;&#8221; transform_rotate_phone=&#8221;&#8221; transform_rotate_last_edited=&#8221;on|desktop&#8221; transform_skew_tablet=&#8221;&#8221; transform_skew_phone=&#8221;&#8221; transform_skew_last_edited=&#8221;on|desktop&#8221; transform_origin_tablet=&#8221;&#8221; transform_origin_phone=&#8221;&#8221; transform_origin_last_edited=&#8221;on|desktop&#8221; transform_styles_last_edited=&#8221;on|phone&#8221; text_orientation=&#8221;center&#8221; width=&#8221;100%&#8221; max_width=&#8221;100%&#8221; custom_margin=&#8221;2px||||false|false&#8221; custom_padding=&#8221;13px|||0px|false|false&#8221; custom_padding_tablet=&#8221;&#8221; custom_padding_phone=&#8221;&#8221; custom_padding_last_edited=&#8221;on|phone&#8221; link_option_url=&#8221;http:\/\/irkom.rs\/wp-content\/uploads\/2022\/07\/Tehnicki-list-rapid-razredjivac.pdf&#8221; scroll_vertical_motion_enable=&#8221;off&#8221; scroll_vertical_motion=&#8221;0|20|20|100|4|0|-4&#8243; header_text_color_tablet=&#8221;&#8221; header_text_color_phone=&#8221;&#8221; header_text_color_last_edited=&#8221;on|phone&#8221; transform_styles_tablet=&#8221;&#8221; transform_styles_phone=&#8221;&#8221; text_orientation_tablet=&#8221;&#8221; text_orientation_phone=&#8221;center&#8221; text_orientation_last_edited=&#8221;on|phone&#8221; border_radii=&#8221;on|8px|8px|8px|8px&#8221; border_width_all=&#8221;0px&#8221; border_width_all_image_tablet=&#8221;&#8221; border_width_all_image_phone=&#8221;&#8221; border_width_all_image_last_edited=&#8221;on|phone&#8221; icon_font_size=&#8221;40px&#8221; image_max_width_tablet=&#8221;&#8221; image_max_width_phone=&#8221;100%&#8221; image_max_width_last_edited=&#8221;on|phone&#8221; locked=&#8221;off&#8221; global_colors_info=&#8221;{}&#8221;][\/et_pb_blurb][\/et_pb_column_inner][et_pb_column_inner type=&#8221;1_2&#8243; saved_specialty_column_type=&#8221;2_3&#8243; _builder_version=&#8221;4.16&#8243; global_colors_info=&#8221;{}&#8221;][et_pb_blurb title=&#8221;Warnings&#8221; use_icon=&#8221;on&#8221; font_icon=&#8221;&#x70;||divi||400&#8243; icon_color=&#8221;#969696&#8243; image_icon_width=&#8221;40px&#8221; icon_placement_tablet=&#8221;&#8221; icon_placement_phone=&#8221;&#8221; icon_placement_last_edited=&#8221;on|phone&#8221; image_icon_width_tablet=&#8221;40px&#8221; image_icon_width_phone=&#8221;40px&#8221; image_icon_width_last_edited=&#8221;on|phone&#8221; content_max_width_tablet=&#8221;&#8221; content_max_width_phone=&#8221;&#8221; content_max_width_last_edited=&#8221;on|phone&#8221; admin_label=&#8221;Teh list&#8221; _builder_version=&#8221;4.16&#8243; header_font=&#8221;|||on|||||&#8221; header_font_size=&#8221;20px&#8221; background_color=&#8221;#020000&#8243; use_background_color_gradient=&#8221;on&#8221; background_color_gradient_type=&#8221;circular&#8221; background_color_gradient_direction_radial=&#8221;left&#8221; background_color_gradient_stops=&#8221;#b7b7b7 0%|#eaeaea 100%&#8221; background_color_gradient_start=&#8221;#b7b7b7&#8243; background_color_gradient_end=&#8221;#eaeaea&#8221; image_icon_custom_padding_tablet=&#8221;&#8221; image_icon_custom_padding_phone=&#8221;&#8221; image_icon_custom_padding_last_edited=&#8221;on|phone&#8221; transform_scale_tablet=&#8221;&#8221; transform_scale_phone=&#8221;&#8221; transform_scale_last_edited=&#8221;on|phone&#8221; transform_translate_tablet=&#8221;&#8221; transform_translate_phone=&#8221;&#8221; transform_translate_last_edited=&#8221;on|desktop&#8221; transform_rotate_tablet=&#8221;&#8221; transform_rotate_phone=&#8221;&#8221; transform_rotate_last_edited=&#8221;on|desktop&#8221; transform_skew_tablet=&#8221;&#8221; transform_skew_phone=&#8221;&#8221; transform_skew_last_edited=&#8221;on|desktop&#8221; transform_origin_tablet=&#8221;&#8221; transform_origin_phone=&#8221;&#8221; transform_origin_last_edited=&#8221;on|desktop&#8221; text_orientation=&#8221;center&#8221; width=&#8221;100%&#8221; max_width=&#8221;100%&#8221; custom_margin=&#8221;2px||||false|false&#8221; custom_padding=&#8221;13px|||0px|false|false&#8221; custom_padding_tablet=&#8221;&#8221; custom_padding_phone=&#8221;&#8221; custom_padding_last_edited=&#8221;on|phone&#8221; scroll_vertical_motion_enable=&#8221;off&#8221; scroll_vertical_motion=&#8221;0|20|20|100|4|0|-4&#8243; text_orientation_tablet=&#8221;&#8221; text_orientation_phone=&#8221;center&#8221; text_orientation_last_edited=&#8221;on|phone&#8221; border_radii=&#8221;on|8px|8px|8px|8px&#8221; border_width_all=&#8221;0px&#8221; border_width_all_image_tablet=&#8221;&#8221; border_width_all_image_phone=&#8221;&#8221; border_width_all_image_last_edited=&#8221;on|phone&#8221; icon_font_size=&#8221;40px&#8221; image_max_width_tablet=&#8221;&#8221; image_max_width_phone=&#8221;100%&#8221; image_max_width_last_edited=&#8221;on|phone&#8221; locked=&#8221;off&#8221; global_colors_info=&#8221;{}&#8221;][\/et_pb_blurb][\/et_pb_column_inner][\/et_pb_row_inner][\/et_pb_column][\/et_pb_section][et_pb_section fb_built=&#8221;1&#8243; _builder_version=&#8221;4.16&#8243; global_colors_info=&#8221;{}&#8221;][et_pb_row _builder_version=&#8221;4.16&#8243; global_colors_info=&#8221;{}&#8221;][et_pb_column type=&#8221;4_4&#8243; _builder_version=&#8221;4.16&#8243; global_colors_info=&#8221;{}&#8221;][et_pb_text _builder_version=&#8221;4.17.6&#8243; global_colors_info=&#8221;{}&#8221;]<\/p>\n<h2 style=\"text-align: center;\">Related products<\/h2>\n<p>[\/et_pb_text][et_pb_wc_related_products icon_hover_color=&#8221;rgba(0,0,0,0)&#8221; hover_overlay_color=&#8221;rgba(0,0,0,0.2)&#8221; _builder_version=&#8221;4.16&#8243; title_text_color=&#8221;rgba(0,0,0,0)&#8221; product_title_text_align=&#8221;center&#8221; product_title_font_size=&#8221;20px&#8221; price_text_color=&#8221;#000000&#8243; min_height=&#8221;343px&#8221; global_colors_info=&#8221;{}&#8221;][\/et_pb_wc_related_products][\/et_pb_column][\/et_pb_row][\/et_pb_section]<\/p>\n","protected":false},"excerpt":{"rendered":"<p>RAPID THINNER FOR QUICK DRYING PAINTSRAPID THINNERFOR QUICK DRYING PAINTSRapid thinner can be used for thinning of quick dryingenamel. It is based on high quality organic solvents.RAPID thinner is used for thinning of RAPID quick dry paint (5 \u201310%)Shelf life: Unlimited in original packaging Package: 0,4l; 0,75l; 4,8l &nbsp;Related products<\/p>\n","protected":false},"featured_media":10118,"comment_status":"open","ping_status":"closed","template":"","meta":{"_et_pb_use_builder":"on","_et_pb_old_content":"","_et_gb_content_width":""},"product_brand":[],"product_cat":[67],"product_tag":[],"class_list":{"0":"post-7456","1":"product","2":"type-product","3":"status-publish","4":"has-post-thumbnail","6":"product_cat-thinners","8":"first","9":"instock","10":"shipping-taxable","11":"product-type-simple"},"yoast_head":"<!-- This site is optimized with the Yoast SEO plugin v27.2 - https:\/\/yoast.com\/product\/yoast-seo-wordpress\/ -->\n<title>RAPID THINNER | Irkom<\/title>\n<meta name=\"robots\" content=\"index, follow, max-snippet:-1, max-image-preview:large, max-video-preview:-1\" \/>\n<link rel=\"canonical\" href=\"https:\/\/irkom.rs\/proizvod\/rapid-razredivac\/\" \/>\n<meta property=\"og:locale\" content=\"en_US\" \/>\n<meta property=\"og:type\" content=\"article\" \/>\n<meta property=\"og:title\" content=\"RAPID THINNER | Irkom\" \/>\n<meta property=\"og:description\" content=\"RAPID THINNER FOR QUICK DRYING PAINTSRAPID THINNERFOR QUICK DRYING PAINTSRapid thinner can be used for thinning of quick dryingenamel. It is based on high quality organic solvents.RAPID thinner is used for thinning of RAPID quick dry paint (5 \u201310%)Shelf life: Unlimited in original packaging Package: 0,4l; 0,75l; 4,8l &nbsp;Related products\" \/>\n<meta property=\"og:url\" content=\"https:\/\/irkom.rs\/proizvod\/rapid-razredivac\/\" \/>\n<meta property=\"og:site_name\" content=\"Irkom\" \/>\n<meta property=\"article:modified_time\" content=\"2023-12-14T13:24:47+00:00\" \/>\n<meta property=\"og:image\" content=\"https:\/\/irkom.rs\/wp-content\/uploads\/2020\/08\/FTR-rapid-2.jpg\" \/>\n\t<meta property=\"og:image:width\" content=\"372\" \/>\n\t<meta property=\"og:image:height\" content=\"372\" \/>\n\t<meta property=\"og:image:type\" content=\"image\/jpeg\" \/>\n<meta name=\"twitter:card\" content=\"summary_large_image\" \/>\n<meta name=\"twitter:label1\" content=\"Est. reading time\" \/>\n\t<meta name=\"twitter:data1\" content=\"8 minutes\" \/>\n<script type=\"application\/ld+json\" class=\"yoast-schema-graph\">{\"@context\":\"https:\/\/schema.org\",\"@graph\":[{\"@type\":\"WebPage\",\"@id\":\"https:\/\/irkom.rs\/proizvod\/rapid-razredivac\/\",\"url\":\"https:\/\/irkom.rs\/proizvod\/rapid-razredivac\/\",\"name\":\"RAPID THINNER | Irkom\",\"isPartOf\":{\"@id\":\"https:\/\/irkom.rs\/#website\"},\"primaryImageOfPage\":{\"@id\":\"https:\/\/irkom.rs\/proizvod\/rapid-razredivac\/#primaryimage\"},\"image\":{\"@id\":\"https:\/\/irkom.rs\/proizvod\/rapid-razredivac\/#primaryimage\"},\"thumbnailUrl\":\"https:\/\/irkom.rs\/wp-content\/uploads\/2020\/08\/FTR-rapid-2.jpg\",\"datePublished\":\"2020-08-12T08:34:28+00:00\",\"dateModified\":\"2023-12-14T13:24:47+00:00\",\"breadcrumb\":{\"@id\":\"https:\/\/irkom.rs\/proizvod\/rapid-razredivac\/#breadcrumb\"},\"inLanguage\":\"en-US\",\"potentialAction\":[{\"@type\":\"ReadAction\",\"target\":[\"https:\/\/irkom.rs\/proizvod\/rapid-razredivac\/\"]}]},{\"@type\":\"ImageObject\",\"inLanguage\":\"en-US\",\"@id\":\"https:\/\/irkom.rs\/proizvod\/rapid-razredivac\/#primaryimage\",\"url\":\"https:\/\/irkom.rs\/wp-content\/uploads\/2020\/08\/FTR-rapid-2.jpg\",\"contentUrl\":\"https:\/\/irkom.rs\/wp-content\/uploads\/2020\/08\/FTR-rapid-2.jpg\",\"width\":372,\"height\":372},{\"@type\":\"BreadcrumbList\",\"@id\":\"https:\/\/irkom.rs\/proizvod\/rapid-razredivac\/#breadcrumb\",\"itemListElement\":[{\"@type\":\"ListItem\",\"position\":1,\"name\":\"\u041f\u043e\u0447\u0435\u0442\u043d\u0430\",\"item\":\"https:\/\/irkom.rs\/en\/\"},{\"@type\":\"ListItem\",\"position\":2,\"name\":\"\u041f\u0440\u043e\u0434\u0430\u0432\u043d\u0438\u0446\u0430\",\"item\":\"https:\/\/irkom.rs\/prodavnica\/\"},{\"@type\":\"ListItem\",\"position\":3,\"name\":\"RAPID THINNER\"}]},{\"@type\":\"WebSite\",\"@id\":\"https:\/\/irkom.rs\/#website\",\"url\":\"https:\/\/irkom.rs\/\",\"name\":\"Irkom\",\"description\":\"Boje i lakovi\",\"potentialAction\":[{\"@type\":\"SearchAction\",\"target\":{\"@type\":\"EntryPoint\",\"urlTemplate\":\"https:\/\/irkom.rs\/?s={search_term_string}\"},\"query-input\":{\"@type\":\"PropertyValueSpecification\",\"valueRequired\":true,\"valueName\":\"search_term_string\"}}],\"inLanguage\":\"en-US\"}]}<\/script>\n<!-- \/ Yoast SEO plugin. -->","yoast_head_json":{"title":"RAPID THINNER | Irkom","robots":{"index":"index","follow":"follow","max-snippet":"max-snippet:-1","max-image-preview":"max-image-preview:large","max-video-preview":"max-video-preview:-1"},"canonical":"https:\/\/irkom.rs\/proizvod\/rapid-razredivac\/","og_locale":"en_US","og_type":"article","og_title":"RAPID THINNER | Irkom","og_description":"RAPID THINNER FOR QUICK DRYING PAINTSRAPID THINNERFOR QUICK DRYING PAINTSRapid thinner can be used for thinning of quick dryingenamel. It is based on high quality organic solvents.RAPID thinner is used for thinning of RAPID quick dry paint (5 \u201310%)Shelf life: Unlimited in original packaging Package: 0,4l; 0,75l; 4,8l &nbsp;Related products","og_url":"https:\/\/irkom.rs\/proizvod\/rapid-razredivac\/","og_site_name":"Irkom","article_modified_time":"2023-12-14T13:24:47+00:00","og_image":[{"width":372,"height":372,"url":"https:\/\/irkom.rs\/wp-content\/uploads\/2020\/08\/FTR-rapid-2.jpg","type":"image\/jpeg"}],"twitter_card":"summary_large_image","twitter_misc":{"Est. reading time":"8 minutes"},"schema":{"@context":"https:\/\/schema.org","@graph":[{"@type":"WebPage","@id":"https:\/\/irkom.rs\/proizvod\/rapid-razredivac\/","url":"https:\/\/irkom.rs\/proizvod\/rapid-razredivac\/","name":"RAPID THINNER | Irkom","isPartOf":{"@id":"https:\/\/irkom.rs\/#website"},"primaryImageOfPage":{"@id":"https:\/\/irkom.rs\/proizvod\/rapid-razredivac\/#primaryimage"},"image":{"@id":"https:\/\/irkom.rs\/proizvod\/rapid-razredivac\/#primaryimage"},"thumbnailUrl":"https:\/\/irkom.rs\/wp-content\/uploads\/2020\/08\/FTR-rapid-2.jpg","datePublished":"2020-08-12T08:34:28+00:00","dateModified":"2023-12-14T13:24:47+00:00","breadcrumb":{"@id":"https:\/\/irkom.rs\/proizvod\/rapid-razredivac\/#breadcrumb"},"inLanguage":"en-US","potentialAction":[{"@type":"ReadAction","target":["https:\/\/irkom.rs\/proizvod\/rapid-razredivac\/"]}]},{"@type":"ImageObject","inLanguage":"en-US","@id":"https:\/\/irkom.rs\/proizvod\/rapid-razredivac\/#primaryimage","url":"https:\/\/irkom.rs\/wp-content\/uploads\/2020\/08\/FTR-rapid-2.jpg","contentUrl":"https:\/\/irkom.rs\/wp-content\/uploads\/2020\/08\/FTR-rapid-2.jpg","width":372,"height":372},{"@type":"BreadcrumbList","@id":"https:\/\/irkom.rs\/proizvod\/rapid-razredivac\/#breadcrumb","itemListElement":[{"@type":"ListItem","position":1,"name":"\u041f\u043e\u0447\u0435\u0442\u043d\u0430","item":"https:\/\/irkom.rs\/en\/"},{"@type":"ListItem","position":2,"name":"\u041f\u0440\u043e\u0434\u0430\u0432\u043d\u0438\u0446\u0430","item":"https:\/\/irkom.rs\/prodavnica\/"},{"@type":"ListItem","position":3,"name":"RAPID THINNER"}]},{"@type":"WebSite","@id":"https:\/\/irkom.rs\/#website","url":"https:\/\/irkom.rs\/","name":"Irkom","description":"Boje i lakovi","potentialAction":[{"@type":"SearchAction","target":{"@type":"EntryPoint","urlTemplate":"https:\/\/irkom.rs\/?s={search_term_string}"},"query-input":{"@type":"PropertyValueSpecification","valueRequired":true,"valueName":"search_term_string"}}],"inLanguage":"en-US"}]}},"_links":{"self":[{"href":"https:\/\/irkom.rs\/en\/wp-json\/wp\/v2\/product\/7456","targetHints":{"allow":["GET"]}}],"collection":[{"href":"https:\/\/irkom.rs\/en\/wp-json\/wp\/v2\/product"}],"about":[{"href":"https:\/\/irkom.rs\/en\/wp-json\/wp\/v2\/types\/product"}],"replies":[{"embeddable":true,"href":"https:\/\/irkom.rs\/en\/wp-json\/wp\/v2\/comments?post=7456"}],"wp:featuredmedia":[{"embeddable":true,"href":"https:\/\/irkom.rs\/en\/wp-json\/wp\/v2\/media\/10118"}],"wp:attachment":[{"href":"https:\/\/irkom.rs\/en\/wp-json\/wp\/v2\/media?parent=7456"}],"wp:term":[{"taxonomy":"product_brand","embeddable":true,"href":"https:\/\/irkom.rs\/en\/wp-json\/wp\/v2\/product_brand?post=7456"},{"taxonomy":"product_cat","embeddable":true,"href":"https:\/\/irkom.rs\/en\/wp-json\/wp\/v2\/product_cat?post=7456"},{"taxonomy":"product_tag","embeddable":true,"href":"https:\/\/irkom.rs\/en\/wp-json\/wp\/v2\/product_tag?post=7456"}],"curies":[{"name":"wp","href":"https:\/\/api.w.org\/{rel}","templated":true}]}}