{"id":7219,"date":"2020-11-17T12:21:29","date_gmt":"2020-11-17T12:21:29","guid":{"rendered":"https:\/\/irkom.rs\/?page_id=7219"},"modified":"2022-07-18T11:37:19","modified_gmt":"2022-07-18T11:37:19","slug":"aqualin-lak-za-radijatore","status":"publish","type":"page","link":"https:\/\/irkom.rs\/en\/aqualin-lak-za-radijatore\/","title":{"rendered":"AQUALIN PAINT FOR RADIATORS"},"content":{"rendered":"<p>[et_pb_section fb_built=&#8221;1&#8243; next_background_color=&#8221;#efefef&#8221; _builder_version=&#8221;4.16&#8243; background_image=&#8221;http:\/\/irkom.rs\/wp-content\/uploads\/2020\/11\/aqua-lak-za-radijatore-header&#8211;scaled.jpg&#8221; background_position=&#8221;bottom_left&#8221; custom_margin_tablet=&#8221;||-34px||false|false&#8221; custom_margin_phone=&#8221;&#8221; custom_margin_last_edited=&#8221;on|phone&#8221; custom_padding=&#8221;144px||0px||false|false&#8221; bottom_divider_style=&#8221;asymmetric2&#8243; bottom_divider_flip=&#8221;horizontal&#8221; background_last_edited=&#8221;off|desktop&#8221; background_position_tablet=&#8221;bottom_left&#8221; background_position_phone=&#8221;bottom_left&#8221; global_colors_info=&#8221;{}&#8221;][et_pb_row column_structure=&#8221;1_3,1_3,1_3&#8243; _builder_version=&#8221;4.16&#8243; custom_margin=&#8221;5px||||false|false&#8221; custom_padding=&#8221;0px||146px|||&#8221; global_colors_info=&#8221;{}&#8221;][et_pb_column type=&#8221;1_3&#8243; _builder_version=&#8221;4.16&#8243; global_colors_info=&#8221;{}&#8221;][\/et_pb_column][et_pb_column type=&#8221;1_3&#8243; _builder_version=&#8221;4.16&#8243; global_colors_info=&#8221;{}&#8221;][et_pb_image title_text=&#8221;cetka-2&#8243; _builder_version=&#8221;4.16&#8243; custom_margin=&#8221;-60%|||72px|false|false&#8221; custom_margin_tablet=&#8221;|||212px|false|false&#8221; custom_margin_phone=&#8221;|||117px|false|false&#8221; custom_margin_last_edited=&#8221;on|desktop&#8221; scroll_vertical_motion=&#8221;0|51|51|100|4|0|-4&#8243; scroll_scaling_enable=&#8221;on&#8221; motion_trigger_start=&#8221;bottom&#8221; global_colors_info=&#8221;{}&#8221;][\/et_pb_image][\/et_pb_column][et_pb_column type=&#8221;1_3&#8243; _builder_version=&#8221;4.16&#8243; global_colors_info=&#8221;{}&#8221;][\/et_pb_column][\/et_pb_row][\/et_pb_section][et_pb_section fb_built=&#8221;1&#8243; _builder_version=&#8221;4.16&#8243; background_color=&#8221;#efefef&#8221; min_height=&#8221;298px&#8221; custom_padding=&#8221;||16px||false|false&#8221; global_colors_info=&#8221;{}&#8221;][et_pb_row column_structure=&#8221;2_5,3_5&#8243; _builder_version=&#8221;4.16&#8243; custom_padding=&#8221;||12px|||&#8221; global_colors_info=&#8221;{}&#8221;][et_pb_column type=&#8221;2_5&#8243; _builder_version=&#8221;4.16&#8243; global_colors_info=&#8221;{}&#8221;][et_pb_image src=&#8221;http:\/\/irkom.rs\/wp-content\/uploads\/2020\/11\/Aqualak-za-radijatore-ambalaza.png&#8221; alt=&#8221;Irkom AQUAlin lak &#8211; vodena boja za radijatore&#8221; title_text=&#8221;Aqualak-za-radijatore-ambalaza&#8221; url=&#8221;http:\/\/irkom.rs\/product\/aqua-lak-za-radijatore\/&#8221; _builder_version=&#8221;4.16&#8243; custom_margin=&#8221;-181px|||||&#8221; global_colors_info=&#8221;{}&#8221;][\/et_pb_image][\/et_pb_column][et_pb_column type=&#8221;3_5&#8243; _builder_version=&#8221;4.16&#8243; global_colors_info=&#8221;{}&#8221;][et_pb_text _builder_version=&#8221;4.17.4&#8243; text_text_color=&#8221;#000000&#8243; header_font=&#8221;|600||on|||||&#8221; header_text_color=&#8221;#000000&#8243; header_2_text_color=&#8221;#000000&#8243; global_colors_info=&#8221;{}&#8221;]<\/p>\n<h1>PAINT FOR RADIATORS<br \/>\n<\/h1>\n<h2>AQUALIN VARNISH FOR RADIATORS<\/h2>\n<p><strong>Aqualin radiators paint <\/strong> is decorative coating based on special water dispersion of acrylic resins, pigments and additives. It has excellent coverage, flexibility, hardness and heat resistance. This product doesn\u2019t turn yellow as time goes by.[\/et_pb_text][\/et_pb_column][\/et_pb_row][\/et_pb_section][et_pb_section fb_built=&#8221;1&#8243; next_background_color=&#8221;#ffffff&#8221; _builder_version=&#8221;4.16&#8243; background_enable_color=&#8221;off&#8221; background_image=&#8221;http:\/\/irkom.rs\/wp-content\/uploads\/2020\/05\/AQUA-background-1.jpg&#8221; parallax=&#8221;on&#8221; custom_margin=&#8221;-20px||||false|false&#8221; custom_padding=&#8221;58px||22px|||&#8221; top_divider_style=&#8221;asymmetric2&#8243; top_divider_color=&#8221;#efefef&#8221; top_divider_flip=&#8221;horizontal&#8221; top_divider_height_tablet=&#8221;&#8221; top_divider_height_phone=&#8221;64px&#8221; top_divider_height_last_edited=&#8221;on|phone&#8221; bottom_divider_style=&#8221;slant2&#8243; bottom_divider_height=&#8221;108px&#8221; global_colors_info=&#8221;{}&#8221;][et_pb_row column_structure=&#8221;1_2,1_2&#8243; _builder_version=&#8221;4.16&#8243; custom_margin=&#8221;-6px||69px||false|false&#8221; custom_padding=&#8221;46px|||||&#8221; global_colors_info=&#8221;{}&#8221;][et_pb_column type=&#8221;1_2&#8243; _builder_version=&#8221;4.16&#8243; global_colors_info=&#8221;{}&#8221;][et_pb_text _builder_version=&#8221;4.17.4&#8243; text_text_color=&#8221;#ffffff&#8221; header_font=&#8221;|600||on|||||&#8221; header_text_color=&#8221;#ffffff&#8221; header_2_text_color=&#8221;#ffffff&#8221; min_height=&#8221;150px&#8221; custom_margin=&#8221;12px||||false|false&#8221; global_colors_info=&#8221;{}&#8221;]<\/p>\n<h1>ODORLESS, NON \u2013 TOXIC PRODUCTS<br \/>\n<\/h1>\n<p>This product is odorless,  non-toxic and in accordance with ecological regulations. It dries quickly.[\/et_pb_text][\/et_pb_column][et_pb_column type=&#8221;1_2&#8243; _builder_version=&#8221;4.16&#8243; global_colors_info=&#8221;{}&#8221;][et_pb_image src=&#8221;http:\/\/irkom.rs\/wp-content\/uploads\/2022\/07\/Aqualin-lak-za-radijatore.png&#8221; title_text=&#8221;Aqua-lak za radijatore&#8221; _builder_version=&#8221;4.17.4&#8243; hover_enabled=&#8221;0&#8243; global_colors_info=&#8221;{}&#8221; sticky_enabled=&#8221;0&#8243;][\/et_pb_image][\/et_pb_column][\/et_pb_row][\/et_pb_section][et_pb_section fb_built=&#8221;1&#8243; disabled_on=&#8221;off|off|on&#8221; _builder_version=&#8221;4.16&#8243; custom_margin=&#8221;-78px||-28px||false|false&#8221; custom_padding=&#8221;0px||0px||false|false&#8221; global_colors_info=&#8221;{}&#8221;][et_pb_row disabled_on=&#8221;off|off|on&#8221; _builder_version=&#8221;4.16&#8243; custom_margin=&#8221;83px||||false|false&#8221; global_colors_info=&#8221;{}&#8221;][et_pb_column type=&#8221;4_4&#8243; _builder_version=&#8221;4.16&#8243; global_colors_info=&#8221;{}&#8221;][et_pb_text content_tablet=&#8221;<\/p>\n<h1>NA\u010cIN PRIMENE<\/h1>\n<p>&#8221; content_phone=&#8221;<\/p>\n<h1>NA\u010cIN PRIMENE<\/h1>\n<p>&#8221; content_last_edited=&#8221;on|phone&#8221; _builder_version=&#8221;4.16&#8243; text_text_color=&#8221;#ffffff&#8221; header_font=&#8221;|600||on|||||&#8221; header_text_color=&#8221;#0c71c3&#8243; header_2_text_color=&#8221;#ffffff&#8221; custom_margin=&#8221;||7px|||&#8221; global_colors_info=&#8221;{}&#8221;][\/et_pb_text][et_pb_divider color=&#8221;#0c71c3&#8243; disabled_on=&#8221;off|off|on&#8221; _builder_version=&#8221;4.16&#8243; custom_margin=&#8221;||-5px||false|false&#8221; global_colors_info=&#8221;{}&#8221;][\/et_pb_divider][et_pb_text content_tablet=&#8221;<\/p>\n<p>Namenjen je za farbanje radijatora. Mo\u017ee se nanositi \u0161pricem, valjkom ili \u010detkom. Boja se razre\u0111uje vodom max 15%. Nanosi se u dva sloja sa 2h razmaka izme\u0111u nano\u0161enja. Nanosi se preko starih premaza koji moraju biti blago izbru\u0161eni, odma\u0161\u0107eni i o\u010di\u0161\u0107eni. Nakon 40 minuta premaz je suv na dodir, a nakon 24h potpuno suv.<br \/>\nPotro\u0161nja: 100-130g\/m2<\/p>\n<p>&#8221; content_phone=&#8221;<\/p>\n<p>Namenjen je za farbanje radijatora. Mo\u017ee se nanositi \u0161pricem, valjkom ili \u010detkom. Boja se razre\u0111uje vodom max 15%. Nanosi se u dva sloja sa 2h razmaka izme\u0111u nano\u0161enja. Nanosi se preko starih premaza koji moraju biti blago izbru\u0161eni, odma\u0161\u0107eni i o\u010di\u0161\u0107eni. Nakon 40 minuta premaz je suv na dodir, a nakon 24h potpuno suv.<br \/>\nPotro\u0161nja: 100-130g\/m2<\/p>\n<p>&#8221; content_last_edited=&#8221;on|phone&#8221; _builder_version=&#8221;4.16&#8243; text_text_color=&#8221;#050f7f&#8221; text_font_size=&#8221;13px&#8221; text_line_height=&#8221;1.5em&#8221; header_font=&#8221;|600||on|||||&#8221; header_text_color=&#8221;#ffffff&#8221; header_2_text_color=&#8221;#ffffff&#8221; global_colors_info=&#8221;{}&#8221;][\/et_pb_text][\/et_pb_column][\/et_pb_row][\/et_pb_section][et_pb_section fb_built=&#8221;1&#8243; _builder_version=&#8221;4.16&#8243; background_enable_color=&#8221;off&#8221; background_image=&#8221;http:\/\/irkom.rs\/wp-content\/uploads\/2020\/11\/Aqua-lak-za-radijatore0.png&#8221; background_position=&#8221;top_center&#8221; custom_margin=&#8221;5px||||false|false&#8221; custom_margin_tablet=&#8221;-36px||||false|false&#8221; custom_margin_phone=&#8221;-81px|||-264px|false|false&#8221; custom_margin_last_edited=&#8221;on|phone&#8221; custom_padding=&#8221;0px||169px||false|false&#8221; background_last_edited=&#8221;on|phone&#8221; background_position_tablet=&#8221;bottom_left&#8221; background_position_phone=&#8221;bottom_left&#8221; global_colors_info=&#8221;{}&#8221;][et_pb_row column_structure=&#8221;2_5,3_5&#8243; _builder_version=&#8221;4.16&#8243; custom_margin=&#8221;-15px||||false|false&#8221; custom_padding=&#8221;||||false|false&#8221; global_colors_info=&#8221;{}&#8221;][et_pb_column type=&#8221;2_5&#8243; _builder_version=&#8221;4.16&#8243; global_colors_info=&#8221;{}&#8221;][\/et_pb_column][et_pb_column type=&#8221;3_5&#8243; _builder_version=&#8221;4.16&#8243; global_colors_info=&#8221;{}&#8221;][et_pb_text content_tablet=&#8221;&#8221; content_phone=&#8221;&#8221; content_last_edited=&#8221;on|phone&#8221; _builder_version=&#8221;4.17.4&#8243; text_text_color=&#8221;#ffffff&#8221; header_font=&#8221;|600||on|||||&#8221; header_text_color=&#8221;#0c71c3&#8243; header_2_text_color=&#8221;#ffffff&#8221; custom_margin=&#8221;74px||7px||false|false&#8221; custom_margin_tablet=&#8221;&#8221; custom_margin_phone=&#8221;&#8221; custom_margin_last_edited=&#8221;on|tablet&#8221; global_colors_info=&#8221;{}&#8221;]<\/p>\n<h1>APPLIANCE<\/h1>\n<p>[\/et_pb_text][et_pb_divider color=&#8221;#0c71c3&#8243; disabled_on=&#8221;on|on|off&#8221; _builder_version=&#8221;4.16&#8243; custom_margin=&#8221;||-5px||false|false&#8221; global_colors_info=&#8221;{}&#8221;][\/et_pb_divider][et_pb_text content_tablet=&#8221;&#8221; content_phone=&#8221;&#8221; content_last_edited=&#8221;on|tablet&#8221; _builder_version=&#8221;4.17.4&#8243; text_text_color=&#8221;#050f7f&#8221; text_font_size=&#8221;13px&#8221; text_line_height=&#8221;1.5em&#8221; header_font=&#8221;|600||on|||||&#8221; header_text_color=&#8221;#ffffff&#8221; header_2_text_color=&#8221;#ffffff&#8221; global_colors_info=&#8221;{}&#8221;]It is designed for painting of radiators. Apply with spray, roller or brush. Dilute with max 15% of water. Apply two layers \u2013 the second layer is to be applied 2 hours after the first one. Previous coatings have to be softly sanded, substrate degreased and cleaned. Paint is dry to touch after 40 minutes and complitely dry after 24 hours.[\/et_pb_text][et_pb_image title_text=&#8221;3u1-majstor&#8221; _builder_version=&#8221;4.16&#8243; global_colors_info=&#8221;{}&#8221;][\/et_pb_image][\/et_pb_column][\/et_pb_row][et_pb_row _builder_version=&#8221;4.16&#8243; global_colors_info=&#8221;{}&#8221;][et_pb_column type=&#8221;4_4&#8243; _builder_version=&#8221;4.16&#8243; global_colors_info=&#8221;{}&#8221;][et_pb_image title_text=&#8221;zuzu nalepnica&#8221; _builder_version=&#8221;4.16&#8243; custom_margin=&#8221;-34px||-122px||false|false&#8221; global_colors_info=&#8221;{}&#8221;][\/et_pb_image][\/et_pb_column][\/et_pb_row][\/et_pb_section]<\/p>\n","protected":false},"excerpt":{"rendered":"<p>PAINT FOR RADIATORS AQUALIN VARNISH FOR RADIATORS Aqualin radiators paint is decorative coating based on special water dispersion of acrylic resins, pigments and additives. It has excellent coverage, flexibility, hardness and heat resistance. This product doesn\u2019t turn yellow as time goes by.ODORLESS, NON \u2013 TOXIC PRODUCTS This product is odorless, non-toxic and in accordance with [&hellip;]<\/p>\n","protected":false},"author":1,"featured_media":0,"parent":0,"menu_order":0,"comment_status":"closed","ping_status":"closed","template":"","meta":{"_et_pb_use_builder":"on","_et_pb_old_content":"<p>[et_pb_section fb_built=\"1\" next_background_color=\"#efefef\" _builder_version=\"4.7.1\" background_image=\"http:\/\/irkom.rs\/wp-content\/uploads\/2020\/11\/aqua-lak-za-radijatore-header--scaled.jpg\" background_position=\"bottom_left\" custom_margin_tablet=\"||-34px||false|false\" custom_margin_phone=\"\" custom_margin_last_edited=\"on|phone\" custom_padding=\"144px||0px||false|false\" bottom_divider_style=\"asymmetric2\" bottom_divider_flip=\"horizontal\" background_last_edited=\"off|desktop\" background_position_tablet=\"bottom_left\" background_position_phone=\"bottom_left\"][et_pb_row column_structure=\"1_3,1_3,1_3\" _builder_version=\"4.4.5\" custom_margin=\"5px||||false|false\" custom_padding=\"0px||146px|||\"][et_pb_column type=\"1_3\" _builder_version=\"4.4.5\"][\/et_pb_column][et_pb_column type=\"1_3\" _builder_version=\"4.4.5\"][et_pb_image title_text=\"cetka-2\" _builder_version=\"4.4.7\" custom_margin=\"-60%|||72px|false|false\" custom_margin_tablet=\"|||212px|false|false\" custom_margin_phone=\"|||117px|false|false\" custom_margin_last_edited=\"on|desktop\" scroll_vertical_motion=\"0|51|51|100|4|0|-4\" scroll_scaling_enable=\"on\" motion_trigger_start=\"bottom\"][\/et_pb_image][\/et_pb_column][et_pb_column type=\"1_3\" _builder_version=\"4.4.5\"][\/et_pb_column][\/et_pb_row][\/et_pb_section][et_pb_section fb_built=\"1\" _builder_version=\"4.4.7\" background_color=\"#efefef\" min_height=\"298px\" custom_padding=\"||16px||false|false\"][et_pb_row column_structure=\"2_5,3_5\" _builder_version=\"4.4.5\" custom_padding=\"||12px|||\"][et_pb_column type=\"2_5\" _builder_version=\"4.4.5\"][et_pb_image src=\"http:\/\/irkom.rs\/wp-content\/uploads\/2020\/11\/Aqualak-za-radijatore-ambalaza.png\" alt=\"Irkom AQUAlin lak - vodena boja za radijatore\" title_text=\"Aqualak-za-radijatore-ambalaza\" url=\"http:\/\/irkom.rs\/product\/aqua-lak-za-radijatore\/\" _builder_version=\"4.9.4\" custom_margin=\"-181px|||||\"][\/et_pb_image][\/et_pb_column][et_pb_column type=\"3_5\" _builder_version=\"4.4.5\"][et_pb_text _builder_version=\"4.9.4\" text_text_color=\"#000000\" header_font=\"|600||on|||||\" header_text_color=\"#000000\" header_2_text_color=\"#000000\"]<\/p><h1>Aqualin lak<\/h1><h2>ZA RADIJATORE<\/h2><p><strong>Aqualin lak za radijatore<\/strong> je dekorativni premaz izra\u0111en na bazi specijalnih vodenih disperzija, akrilnih smola, pigmenata i aditiva. Odlikuje se izuzetnom pokrivnom mo\u0107i, elasti\u010dno\u0161\u0107u, tvrdo\u0107om i otporno\u0161\u0107u na toplotu. Tokom vremena ovaj premaz ne \u017euti.\u00a0<\/p><p>[\/et_pb_text][\/et_pb_column][\/et_pb_row][\/et_pb_section][et_pb_section fb_built=\"1\" next_background_color=\"#ffffff\" _builder_version=\"4.4.7\" background_enable_color=\"off\" background_image=\"http:\/\/irkom.rs\/wp-content\/uploads\/2020\/05\/AQUA-background-1.jpg\" parallax=\"on\" custom_margin=\"-20px||||false|false\" custom_padding=\"58px||22px|||\" top_divider_style=\"asymmetric2\" top_divider_color=\"#efefef\" top_divider_flip=\"horizontal\" top_divider_height_tablet=\"\" top_divider_height_phone=\"64px\" top_divider_height_last_edited=\"on|phone\" bottom_divider_style=\"slant2\" bottom_divider_height=\"108px\"][et_pb_row column_structure=\"1_2,1_2\" _builder_version=\"4.4.7\" custom_margin=\"-6px||69px||false|false\" custom_padding=\"46px|||||\"][et_pb_column type=\"1_2\" _builder_version=\"4.4.5\"][et_pb_text _builder_version=\"4.4.7\" text_text_color=\"#ffffff\" header_font=\"|600||on|||||\" header_text_color=\"#ffffff\" header_2_text_color=\"#ffffff\" min_height=\"150px\" custom_margin=\"12px||||false|false\"]<\/p><h1>Zdravstveno ispravan proizvod<\/h1><h1>BEZ MIRISA<\/h1><p>Proizvod je potpuno zdravstveno ispravan, proizveden na ekolo\u0161kim principima, bez neprijatnih mirisa prilikom farbanja i brzo se su\u0161i.<\/p><p>[\/et_pb_text][\/et_pb_column][et_pb_column type=\"1_2\" _builder_version=\"4.4.5\"][et_pb_image src=\"http:\/\/irkom.rs\/wp-content\/uploads\/2020\/12\/Aqua-lak-za-radijatore.png\" title_text=\"Aqua-lak za radijatore\" _builder_version=\"4.7.1\"][\/et_pb_image][\/et_pb_column][\/et_pb_row][\/et_pb_section][et_pb_section fb_built=\"1\" disabled_on=\"off|off|on\" _builder_version=\"4.4.7\" custom_margin=\"-78px||-28px||false|false\" custom_padding=\"0px||0px||false|false\"][et_pb_row disabled_on=\"off|off|on\" _builder_version=\"4.4.7\" custom_margin=\"83px||||false|false\"][et_pb_column type=\"4_4\" _builder_version=\"4.4.7\"][et_pb_text content_tablet=\"<\/p><h1>NA\u010cIN PRIMENE<\/h1><p>\" content_phone=\"<\/p><h1>NA\u010cIN PRIMENE<\/h1><p>\" content_last_edited=\"on|phone\" _builder_version=\"4.4.7\" text_text_color=\"#ffffff\" header_font=\"|600||on|||||\" header_text_color=\"#0c71c3\" header_2_text_color=\"#ffffff\" custom_margin=\"||7px|||\"][\/et_pb_text][et_pb_divider color=\"#0c71c3\" disabled_on=\"off|off|on\" _builder_version=\"4.4.7\" custom_margin=\"||-5px||false|false\"][\/et_pb_divider][et_pb_text content_tablet=\"<\/p><p>Namenjen je za farbanje radijatora. Mo\u017ee se nanositi \u0161pricem, valjkom ili \u010detkom. Boja se razre\u0111uje vodom max 15%. Nanosi se u dva sloja sa 2h razmaka izme\u0111u nano\u0161enja. Nanosi se preko starih premaza koji moraju biti blago izbru\u0161eni, odma\u0161\u0107eni i o\u010di\u0161\u0107eni. Nakon 40 minuta premaz je suv na dodir, a nakon 24h potpuno suv.<br \/>Potro\u0161nja: 100-130g\/m2<\/p><p>\" content_phone=\"<\/p><p>Namenjen je za farbanje radijatora. Mo\u017ee se nanositi \u0161pricem, valjkom ili \u010detkom. Boja se razre\u0111uje vodom max 15%. Nanosi se u dva sloja sa 2h razmaka izme\u0111u nano\u0161enja. Nanosi se preko starih premaza koji moraju biti blago izbru\u0161eni, odma\u0161\u0107eni i o\u010di\u0161\u0107eni. Nakon 40 minuta premaz je suv na dodir, a nakon 24h potpuno suv.<br \/>Potro\u0161nja: 100-130g\/m2<\/p><p>\" content_last_edited=\"on|phone\" _builder_version=\"4.7.1\" text_text_color=\"#050f7f\" text_font_size=\"13px\" text_line_height=\"1.5em\" header_font=\"|600||on|||||\" header_text_color=\"#ffffff\" header_2_text_color=\"#ffffff\"][\/et_pb_text][\/et_pb_column][\/et_pb_row][\/et_pb_section][et_pb_section fb_built=\"1\" _builder_version=\"4.7.1\" background_enable_color=\"off\" background_image=\"http:\/\/irkom.rs\/wp-content\/uploads\/2020\/11\/Aqua-lak-za-radijatore0.png\" background_position=\"top_center\" custom_margin=\"5px||||false|false\" custom_margin_tablet=\"-36px||||false|false\" custom_margin_phone=\"-81px|||-264px|false|false\" custom_margin_last_edited=\"on|phone\" custom_padding=\"0px||169px||false|false\" background_last_edited=\"on|phone\" background_position_tablet=\"bottom_left\" background_position_phone=\"bottom_left\"][et_pb_row column_structure=\"2_5,3_5\" _builder_version=\"4.4.7\" custom_margin=\"-15px||||false|false\" custom_padding=\"||||false|false\"][et_pb_column type=\"2_5\" _builder_version=\"4.4.7\"][\/et_pb_column][et_pb_column type=\"3_5\" _builder_version=\"4.4.7\"][et_pb_text content_tablet=\"\" content_phone=\"\" content_last_edited=\"on|phone\" _builder_version=\"4.4.7\" text_text_color=\"#ffffff\" header_font=\"|600||on|||||\" header_text_color=\"#0c71c3\" header_2_text_color=\"#ffffff\" custom_margin=\"74px||7px||false|false\" custom_margin_tablet=\"\" custom_margin_phone=\"\" custom_margin_last_edited=\"on|tablet\"]<\/p><h1>NA\u010cIN PRIMENE<\/h1><p>[\/et_pb_text][et_pb_divider color=\"#0c71c3\" disabled_on=\"on|on|off\" _builder_version=\"4.4.7\" custom_margin=\"||-5px||false|false\"][\/et_pb_divider][et_pb_text content_tablet=\"\" content_phone=\"\" content_last_edited=\"on|tablet\" _builder_version=\"4.7.1\" text_text_color=\"#050f7f\" text_font_size=\"13px\" text_line_height=\"1.5em\" header_font=\"|600||on|||||\" header_text_color=\"#ffffff\" header_2_text_color=\"#ffffff\"]<\/p><p>Namenjen je za farbanje radijatora. Mo\u017ee se nanositi \u0161pricem, valjkom ili \u010detkom. Boja se razre\u0111uje vodom max 15%. Nanosi se u dva sloja sa 2h razmaka izme\u0111u nano\u0161enja. Nanosi se preko starih premaza koji moraju biti blago izbru\u0161eni, odma\u0161\u0107eni i o\u010di\u0161\u0107eni. Nakon 40 minuta premaz je suv na dodir, a nakon 24h potpuno suv.<\/p><p>[\/et_pb_text][et_pb_image title_text=\"3u1-majstor\" _builder_version=\"4.4.7\"][\/et_pb_image][\/et_pb_column][\/et_pb_row][et_pb_row _builder_version=\"4.4.7\"][et_pb_column type=\"4_4\" _builder_version=\"4.4.7\"][et_pb_image title_text=\"zuzu nalepnica\" _builder_version=\"4.4.7\" custom_margin=\"-34px||-122px||false|false\"][\/et_pb_image][\/et_pb_column][\/et_pb_row][\/et_pb_section]<\/p>","_et_gb_content_width":"","footnotes":""},"class_list":["post-7219","page","type-page","status-publish","hentry"],"yoast_head":"<!-- This site is optimized with the Yoast SEO plugin v27.2 - https:\/\/yoast.com\/product\/yoast-seo-wordpress\/ -->\n<title>AQUALIN PAINT FOR RADIATORS | Irkom<\/title>\n<meta name=\"robots\" content=\"index, follow, max-snippet:-1, max-image-preview:large, max-video-preview:-1\" \/>\n<link rel=\"canonical\" href=\"https:\/\/irkom.rs\/aqua-lak-za-radijatore\/\" \/>\n<meta property=\"og:locale\" content=\"en_US\" \/>\n<meta property=\"og:type\" content=\"article\" \/>\n<meta property=\"og:title\" content=\"AQUALIN PAINT FOR RADIATORS | Irkom\" \/>\n<meta property=\"og:description\" content=\"PAINT FOR RADIATORS AQUALIN VARNISH FOR RADIATORS Aqualin radiators paint is decorative coating based on special water dispersion of acrylic resins, pigments and additives. It has excellent coverage, flexibility, hardness and heat resistance. This product doesn\u2019t turn yellow as time goes by.ODORLESS, NON \u2013 TOXIC PRODUCTS This product is odorless, non-toxic and in accordance with [&hellip;]\" \/>\n<meta property=\"og:url\" content=\"https:\/\/irkom.rs\/aqua-lak-za-radijatore\/\" \/>\n<meta property=\"og:site_name\" content=\"Irkom\" \/>\n<meta property=\"article:modified_time\" content=\"2022-07-18T11:37:19+00:00\" \/>\n<meta name=\"twitter:card\" content=\"summary_large_image\" \/>\n<meta name=\"twitter:label1\" content=\"Est. reading time\" \/>\n\t<meta name=\"twitter:data1\" content=\"6 minutes\" \/>\n<script type=\"application\/ld+json\" class=\"yoast-schema-graph\">{\"@context\":\"https:\/\/schema.org\",\"@graph\":[{\"@type\":\"WebPage\",\"@id\":\"https:\/\/irkom.rs\/aqua-lak-za-radijatore\/\",\"url\":\"https:\/\/irkom.rs\/aqua-lak-za-radijatore\/\",\"name\":\"AQUALIN PAINT FOR RADIATORS | Irkom\",\"isPartOf\":{\"@id\":\"https:\/\/irkom.rs\/#website\"},\"datePublished\":\"2020-11-17T12:21:29+00:00\",\"dateModified\":\"2022-07-18T11:37:19+00:00\",\"breadcrumb\":{\"@id\":\"https:\/\/irkom.rs\/aqua-lak-za-radijatore\/#breadcrumb\"},\"inLanguage\":\"en-US\",\"potentialAction\":[{\"@type\":\"ReadAction\",\"target\":[\"https:\/\/irkom.rs\/aqua-lak-za-radijatore\/\"]}]},{\"@type\":\"BreadcrumbList\",\"@id\":\"https:\/\/irkom.rs\/aqua-lak-za-radijatore\/#breadcrumb\",\"itemListElement\":[{\"@type\":\"ListItem\",\"position\":1,\"name\":\"\u041f\u043e\u0447\u0435\u0442\u043d\u0430\",\"item\":\"https:\/\/irkom.rs\/en\/\"},{\"@type\":\"ListItem\",\"position\":2,\"name\":\"AQUALIN PAINT FOR RADIATORS\"}]},{\"@type\":\"WebSite\",\"@id\":\"https:\/\/irkom.rs\/#website\",\"url\":\"https:\/\/irkom.rs\/\",\"name\":\"Irkom\",\"description\":\"Boje i lakovi\",\"potentialAction\":[{\"@type\":\"SearchAction\",\"target\":{\"@type\":\"EntryPoint\",\"urlTemplate\":\"https:\/\/irkom.rs\/?s={search_term_string}\"},\"query-input\":{\"@type\":\"PropertyValueSpecification\",\"valueRequired\":true,\"valueName\":\"search_term_string\"}}],\"inLanguage\":\"en-US\"}]}<\/script>\n<!-- \/ Yoast SEO plugin. -->","yoast_head_json":{"title":"AQUALIN PAINT FOR RADIATORS | Irkom","robots":{"index":"index","follow":"follow","max-snippet":"max-snippet:-1","max-image-preview":"max-image-preview:large","max-video-preview":"max-video-preview:-1"},"canonical":"https:\/\/irkom.rs\/aqua-lak-za-radijatore\/","og_locale":"en_US","og_type":"article","og_title":"AQUALIN PAINT FOR RADIATORS | Irkom","og_description":"PAINT FOR RADIATORS AQUALIN VARNISH FOR RADIATORS Aqualin radiators paint is decorative coating based on special water dispersion of acrylic resins, pigments and additives. It has excellent coverage, flexibility, hardness and heat resistance. This product doesn\u2019t turn yellow as time goes by.ODORLESS, NON \u2013 TOXIC PRODUCTS This product is odorless, non-toxic and in accordance with [&hellip;]","og_url":"https:\/\/irkom.rs\/aqua-lak-za-radijatore\/","og_site_name":"Irkom","article_modified_time":"2022-07-18T11:37:19+00:00","twitter_card":"summary_large_image","twitter_misc":{"Est. reading time":"6 minutes"},"schema":{"@context":"https:\/\/schema.org","@graph":[{"@type":"WebPage","@id":"https:\/\/irkom.rs\/aqua-lak-za-radijatore\/","url":"https:\/\/irkom.rs\/aqua-lak-za-radijatore\/","name":"AQUALIN PAINT FOR RADIATORS | Irkom","isPartOf":{"@id":"https:\/\/irkom.rs\/#website"},"datePublished":"2020-11-17T12:21:29+00:00","dateModified":"2022-07-18T11:37:19+00:00","breadcrumb":{"@id":"https:\/\/irkom.rs\/aqua-lak-za-radijatore\/#breadcrumb"},"inLanguage":"en-US","potentialAction":[{"@type":"ReadAction","target":["https:\/\/irkom.rs\/aqua-lak-za-radijatore\/"]}]},{"@type":"BreadcrumbList","@id":"https:\/\/irkom.rs\/aqua-lak-za-radijatore\/#breadcrumb","itemListElement":[{"@type":"ListItem","position":1,"name":"\u041f\u043e\u0447\u0435\u0442\u043d\u0430","item":"https:\/\/irkom.rs\/en\/"},{"@type":"ListItem","position":2,"name":"AQUALIN PAINT FOR RADIATORS"}]},{"@type":"WebSite","@id":"https:\/\/irkom.rs\/#website","url":"https:\/\/irkom.rs\/","name":"Irkom","description":"Boje i lakovi","potentialAction":[{"@type":"SearchAction","target":{"@type":"EntryPoint","urlTemplate":"https:\/\/irkom.rs\/?s={search_term_string}"},"query-input":{"@type":"PropertyValueSpecification","valueRequired":true,"valueName":"search_term_string"}}],"inLanguage":"en-US"}]}},"_links":{"self":[{"href":"https:\/\/irkom.rs\/en\/wp-json\/wp\/v2\/pages\/7219","targetHints":{"allow":["GET"]}}],"collection":[{"href":"https:\/\/irkom.rs\/en\/wp-json\/wp\/v2\/pages"}],"about":[{"href":"https:\/\/irkom.rs\/en\/wp-json\/wp\/v2\/types\/page"}],"author":[{"embeddable":true,"href":"https:\/\/irkom.rs\/en\/wp-json\/wp\/v2\/users\/1"}],"replies":[{"embeddable":true,"href":"https:\/\/irkom.rs\/en\/wp-json\/wp\/v2\/comments?post=7219"}],"version-history":[{"count":5,"href":"https:\/\/irkom.rs\/en\/wp-json\/wp\/v2\/pages\/7219\/revisions"}],"predecessor-version":[{"id":7316,"href":"https:\/\/irkom.rs\/en\/wp-json\/wp\/v2\/pages\/7219\/revisions\/7316"}],"wp:attachment":[{"href":"https:\/\/irkom.rs\/en\/wp-json\/wp\/v2\/media?parent=7219"}],"curies":[{"name":"wp","href":"https:\/\/api.w.org\/{rel}","templated":true}]}}