{"id":7195,"date":"2020-06-08T05:20:49","date_gmt":"2020-06-08T05:20:49","guid":{"rendered":"https:\/\/irkom.rs\/?page_id=7195"},"modified":"2022-07-18T11:36:26","modified_gmt":"2022-07-18T11:36:26","slug":"aqualin-lak-osnovni","status":"publish","type":"page","link":"https:\/\/irkom.rs\/en\/aqualin-lak-osnovni\/","title":{"rendered":"AQUALIN WATERBASED VARNISH PRIMER"},"content":{"rendered":"<p>[et_pb_section fb_built=&#8221;1&#8243; next_background_color=&#8221;#efefef&#8221; _builder_version=&#8221;4.16&#8243; background_image=&#8221;http:\/\/irkom.rs\/wp-content\/uploads\/2020\/08\/header-aqua-lak-osnovni.jpg&#8221; background_position=&#8221;bottom_left&#8221; custom_margin_tablet=&#8221;||-34px||false|false&#8221; custom_margin_phone=&#8221;&#8221; custom_margin_last_edited=&#8221;on|phone&#8221; custom_padding=&#8221;144px||0px||false|false&#8221; bottom_divider_style=&#8221;asymmetric2&#8243; bottom_divider_flip=&#8221;horizontal&#8221; background_last_edited=&#8221;on|phone&#8221; background_position_tablet=&#8221;bottom_left&#8221; background_position_phone=&#8221;bottom_left&#8221; global_colors_info=&#8221;{}&#8221;][et_pb_row column_structure=&#8221;1_3,1_3,1_3&#8243; _builder_version=&#8221;4.16&#8243; custom_margin=&#8221;5px||||false|false&#8221; custom_padding=&#8221;0px||146px|||&#8221; global_colors_info=&#8221;{}&#8221;][et_pb_column type=&#8221;1_3&#8243; _builder_version=&#8221;4.16&#8243; global_colors_info=&#8221;{}&#8221;][\/et_pb_column][et_pb_column type=&#8221;1_3&#8243; _builder_version=&#8221;4.16&#8243; global_colors_info=&#8221;{}&#8221;][et_pb_image title_text=&#8221;cetka-2&#8243; _builder_version=&#8221;4.16&#8243; custom_margin=&#8221;-60%|||72px|false|false&#8221; custom_margin_tablet=&#8221;|||212px|false|false&#8221; custom_margin_phone=&#8221;|||117px|false|false&#8221; custom_margin_last_edited=&#8221;on|desktop&#8221; scroll_vertical_motion=&#8221;0|51|51|100|4|0|-4&#8243; scroll_scaling_enable=&#8221;on&#8221; motion_trigger_start=&#8221;bottom&#8221; global_colors_info=&#8221;{}&#8221;][\/et_pb_image][\/et_pb_column][et_pb_column type=&#8221;1_3&#8243; _builder_version=&#8221;4.16&#8243; global_colors_info=&#8221;{}&#8221;][\/et_pb_column][\/et_pb_row][\/et_pb_section][et_pb_section fb_built=&#8221;1&#8243; _builder_version=&#8221;4.16&#8243; background_color=&#8221;#efefef&#8221; min_height=&#8221;298px&#8221; custom_padding=&#8221;||16px||false|false&#8221; global_colors_info=&#8221;{}&#8221;][et_pb_row column_structure=&#8221;2_5,3_5&#8243; _builder_version=&#8221;4.16&#8243; custom_padding=&#8221;||12px|||&#8221; global_colors_info=&#8221;{}&#8221;][et_pb_column type=&#8221;2_5&#8243; _builder_version=&#8221;4.16&#8243; global_colors_info=&#8221;{}&#8221;][et_pb_image src=&#8221;http:\/\/irkom.rs\/wp-content\/uploads\/2020\/05\/Aqua-vodeni-lak-osnovni-2.png&#8221; alt=&#8221;Irkom AQUAlin vodeni lak osnovni&#8221; title_text=&#8221;Aqua-vodeni-lak-osnovni&#8221; _builder_version=&#8221;4.16&#8243; custom_margin=&#8221;-181px|||||&#8221; global_colors_info=&#8221;{}&#8221;][\/et_pb_image][\/et_pb_column][et_pb_column type=&#8221;3_5&#8243; _builder_version=&#8221;4.16&#8243; global_colors_info=&#8221;{}&#8221;][et_pb_text _builder_version=&#8221;4.17.4&#8243; text_text_color=&#8221;#000000&#8243; header_font=&#8221;|600||on|||||&#8221; header_text_color=&#8221;#000000&#8243; header_2_text_color=&#8221;#000000&#8243; global_colors_info=&#8221;{}&#8221;]<\/p>\n<h1>WATERBASED VARNISH PRIMER<br \/>\n<\/h1>\n<p><strong>Waterbased varnish primer <\/strong> is transparent coating based on acrylate resins water dispersion. It also contains binder additives and additives for sanding. It is perfect primer  for Aqualin Watrebased Varnish Top Coat.[\/et_pb_text][\/et_pb_column][\/et_pb_row][\/et_pb_section][et_pb_section fb_built=&#8221;1&#8243; next_background_color=&#8221;#ffffff&#8221; _builder_version=&#8221;4.16&#8243; background_enable_color=&#8221;off&#8221; background_image=&#8221;http:\/\/irkom.rs\/wp-content\/uploads\/2020\/05\/AQUA-background-1.jpg&#8221; parallax=&#8221;on&#8221; custom_margin=&#8221;-20px||||false|false&#8221; custom_padding=&#8221;58px||22px|||&#8221; top_divider_style=&#8221;asymmetric2&#8243; top_divider_color=&#8221;#efefef&#8221; top_divider_flip=&#8221;horizontal&#8221; top_divider_height_tablet=&#8221;&#8221; top_divider_height_phone=&#8221;64px&#8221; top_divider_height_last_edited=&#8221;on|phone&#8221; bottom_divider_style=&#8221;slant2&#8243; bottom_divider_height=&#8221;108px&#8221; global_colors_info=&#8221;{}&#8221;][et_pb_row column_structure=&#8221;1_2,1_2&#8243; _builder_version=&#8221;4.16&#8243; custom_margin=&#8221;-6px||69px||false|false&#8221; custom_padding=&#8221;46px|||||&#8221; global_colors_info=&#8221;{}&#8221;][et_pb_column type=&#8221;1_2&#8243; _builder_version=&#8221;4.16&#8243; global_colors_info=&#8221;{}&#8221;][et_pb_text _builder_version=&#8221;4.17.4&#8243; text_text_color=&#8221;#ffffff&#8221; header_font=&#8221;|600||on|||||&#8221; header_text_color=&#8221;#ffffff&#8221; header_2_text_color=&#8221;#ffffff&#8221; min_height=&#8221;150px&#8221; custom_margin=&#8221;12px||||false|false&#8221; global_colors_info=&#8221;{}&#8221;]<\/p>\n<h1>ODORLESS, NON \u2013 TOXIC PRODUCTS<br \/>\n<\/h1>\n<p>This product is odorless, complitely non \u2013 toxic and eco friendly. It dries quickly.[\/et_pb_text][\/et_pb_column][et_pb_column type=&#8221;1_2&#8243; _builder_version=&#8221;4.16&#8243; global_colors_info=&#8221;{}&#8221;][et_pb_image src=&#8221;http:\/\/irkom.rs\/wp-content\/uploads\/2022\/07\/Aqualin-lak-osnovni-eng.png&#8221; title_text=&#8221;Aqua-lak-osnovni-piktogrami-9&#8243; _builder_version=&#8221;4.17.4&#8243; hover_enabled=&#8221;0&#8243; global_colors_info=&#8221;{}&#8221; sticky_enabled=&#8221;0&#8243;][\/et_pb_image][\/et_pb_column][\/et_pb_row][\/et_pb_section][et_pb_section fb_built=&#8221;1&#8243; disabled_on=&#8221;off|off|on&#8221; _builder_version=&#8221;4.16&#8243; custom_margin=&#8221;-78px||-28px||false|false&#8221; custom_padding=&#8221;0px||0px||false|false&#8221; global_colors_info=&#8221;{}&#8221;][et_pb_row disabled_on=&#8221;off|off|on&#8221; _builder_version=&#8221;4.16&#8243; custom_margin=&#8221;83px||||false|false&#8221; global_colors_info=&#8221;{}&#8221;][et_pb_column type=&#8221;4_4&#8243; _builder_version=&#8221;4.16&#8243; global_colors_info=&#8221;{}&#8221;][et_pb_text content_tablet=&#8221;<\/p>\n<h1>NA\u010cIN PRIMENE<\/h1>\n<p>&#8221; content_phone=&#8221;<\/p>\n<h1>NA\u010cIN PRIMENE<\/h1>\n<p>&#8221; content_last_edited=&#8221;on|phone&#8221; _builder_version=&#8221;4.16&#8243; text_text_color=&#8221;#ffffff&#8221; header_font=&#8221;|600||on|||||&#8221; header_text_color=&#8221;#0c71c3&#8243; header_2_text_color=&#8221;#ffffff&#8221; custom_margin=&#8221;||7px|||&#8221; global_colors_info=&#8221;{}&#8221;][\/et_pb_text][et_pb_divider color=&#8221;#0c71c3&#8243; disabled_on=&#8221;off|off|on&#8221; _builder_version=&#8221;4.16&#8243; custom_margin=&#8221;||-5px||false|false&#8221; global_colors_info=&#8221;{}&#8221;][\/et_pb_divider][et_pb_text content_tablet=&#8221;<\/p>\n<p>Lak je spreman za upotrebu, treba ga dobro prome\u0161ati (ne mu\u0107kati da bi se izbeglo stvaranje mehuri\u0107a). Mo\u017ee se nanositi \u010detkom ili \u0161pricanjem. Nanosi se razre\u0111en po potrebi od 5-15% u jednom ili dva sloja sa me\u0111ufaznim bru\u0161enjem. Brusi se nakon 2-3h brusnim papirom 200-220. Alat odmah nakon kori\u0161\u0107enja oprati vodom. Skladi\u0161tenje na temperaturi od +5 do 30 stepeni Celzijusa (ne sme da smrzne).<br \/>\nPokrivnost: 40-70g\/m2<\/p>\n<p>&#8221; content_phone=&#8221;<\/p>\n<p>Lak je spreman za upotrebu, treba ga dobro prome\u0161ati (ne mu\u0107kati da bi se izbeglo stvaranje mehuri\u0107a). Mo\u017ee se nanositi \u010detkom ili \u0161pricanjem. Nanosi se razre\u0111en po potrebi od 5-15% u jednom ili dva sloja sa me\u0111ufaznim bru\u0161enjem. Brusi se nakon 2-3h brusnim papirom 200-220. Alat odmah nakon kori\u0161\u0107enja oprati vodom.<br \/>\nSkladi\u0161tenje na temperaturi od +5 do 30 stepeni Celzijusa (ne sme da smrzne).<br \/>\nPokrivnost: 40-70g\/m2<\/p>\n<p>&#8221; content_last_edited=&#8221;on|phone&#8221; _builder_version=&#8221;4.16&#8243; text_text_color=&#8221;#050f7f&#8221; text_font_size=&#8221;13px&#8221; text_line_height=&#8221;1.5em&#8221; header_font=&#8221;|600||on|||||&#8221; header_text_color=&#8221;#ffffff&#8221; header_2_text_color=&#8221;#ffffff&#8221; global_colors_info=&#8221;{}&#8221;][\/et_pb_text][\/et_pb_column][\/et_pb_row][\/et_pb_section][et_pb_section fb_built=&#8221;1&#8243; _builder_version=&#8221;4.16&#8243; background_enable_color=&#8221;off&#8221; background_image=&#8221;http:\/\/irkom.rs\/wp-content\/uploads\/2020\/06\/Aqua-lak-osnovni-photography3.png&#8221; background_position=&#8221;top_center&#8221; custom_margin=&#8221;5px||||false|false&#8221; custom_margin_tablet=&#8221;-36px||||false|false&#8221; custom_margin_phone=&#8221;-81px|||-161px|false|false&#8221; custom_margin_last_edited=&#8221;on|phone&#8221; custom_padding=&#8221;0px||169px||false|false&#8221; background_last_edited=&#8221;on|desktop&#8221; background_position_tablet=&#8221;bottom_left&#8221; background_position_phone=&#8221;bottom_left&#8221; global_colors_info=&#8221;{}&#8221;][et_pb_row column_structure=&#8221;2_5,3_5&#8243; _builder_version=&#8221;4.16&#8243; custom_margin=&#8221;-15px||||false|false&#8221; custom_padding=&#8221;||||false|false&#8221; global_colors_info=&#8221;{}&#8221;][et_pb_column type=&#8221;2_5&#8243; _builder_version=&#8221;4.16&#8243; global_colors_info=&#8221;{}&#8221;][\/et_pb_column][et_pb_column type=&#8221;3_5&#8243; _builder_version=&#8221;4.16&#8243; global_colors_info=&#8221;{}&#8221;][et_pb_text content_tablet=&#8221;&#8221; content_phone=&#8221;&#8221; content_last_edited=&#8221;on|phone&#8221; _builder_version=&#8221;4.17.4&#8243; text_text_color=&#8221;#ffffff&#8221; header_font=&#8221;|600||on|||||&#8221; header_text_color=&#8221;#0c71c3&#8243; header_2_text_color=&#8221;#ffffff&#8221; custom_margin=&#8221;74px||7px||false|false&#8221; custom_margin_tablet=&#8221;&#8221; custom_margin_phone=&#8221;&#8221; custom_margin_last_edited=&#8221;on|tablet&#8221; global_colors_info=&#8221;{}&#8221;]<\/p>\n<h1>APPLIANCE<\/h1>\n<p>[\/et_pb_text][et_pb_divider color=&#8221;#0c71c3&#8243; disabled_on=&#8221;on|on|off&#8221; _builder_version=&#8221;4.16&#8243; custom_margin=&#8221;||-5px||false|false&#8221; global_colors_info=&#8221;{}&#8221;][\/et_pb_divider][et_pb_text content_tablet=&#8221;&#8221; content_phone=&#8221;&#8221; content_last_edited=&#8221;on|tablet&#8221; _builder_version=&#8221;4.17.4&#8243; text_text_color=&#8221;#050f7f&#8221; text_font_size=&#8221;13px&#8221; text_line_height=&#8221;1.5em&#8221; header_font=&#8221;|600||on|||||&#8221; header_text_color=&#8221;#ffffff&#8221; header_2_text_color=&#8221;#ffffff&#8221; global_colors_info=&#8221;{}&#8221;]It is ready-for-use product. Stir before use (don\u2019t shake because shaking will make bubbles). It can be applied with bruch or with spray. Dilute with 5 \u2013 15% of water. Apply one or two layers. Sand the surface  2 \u2013 3 hurs after the first layer, with sand paper 200 \u2013 220. Wash tools with water immediately after use. Storage at temperature +5 to 30OC (keep away from frost). Coverage 40 \u2013 70 g\/m2[\/et_pb_text][et_pb_image title_text=&#8221;3u1-majstor&#8221; _builder_version=&#8221;4.16&#8243; global_colors_info=&#8221;{}&#8221;][\/et_pb_image][\/et_pb_column][\/et_pb_row][et_pb_row _builder_version=&#8221;4.16&#8243; global_colors_info=&#8221;{}&#8221;][et_pb_column type=&#8221;4_4&#8243; _builder_version=&#8221;4.16&#8243; global_colors_info=&#8221;{}&#8221;][et_pb_image title_text=&#8221;zuzu nalepnica&#8221; _builder_version=&#8221;4.16&#8243; custom_margin=&#8221;-34px||-122px||false|false&#8221; global_colors_info=&#8221;{}&#8221;][\/et_pb_image][\/et_pb_column][\/et_pb_row][\/et_pb_section]<\/p>\n","protected":false},"excerpt":{"rendered":"<p>WATERBASED VARNISH PRIMER Waterbased varnish primer is transparent coating based on acrylate resins water dispersion. It also contains binder additives and additives for sanding. It is perfect primer for Aqualin Watrebased Varnish Top Coat.ODORLESS, NON \u2013 TOXIC PRODUCTS This product is odorless, complitely non \u2013 toxic and eco friendly. It dries quickly.APPLIANCEIt is ready-for-use product. [&hellip;]<\/p>\n","protected":false},"author":1,"featured_media":0,"parent":0,"menu_order":0,"comment_status":"closed","ping_status":"closed","template":"","meta":{"_et_pb_use_builder":"on","_et_pb_old_content":"<p>[et_pb_section fb_built=\"1\" next_background_color=\"#efefef\" _builder_version=\"4.5.7\" background_image=\"http:\/\/irkom.rs\/wp-content\/uploads\/2020\/08\/header-aqua-lak-osnovni.jpg\" background_position=\"bottom_left\" custom_margin_tablet=\"||-34px||false|false\" custom_margin_phone=\"\" custom_margin_last_edited=\"on|phone\" custom_padding=\"144px||0px||false|false\" bottom_divider_style=\"asymmetric2\" bottom_divider_flip=\"horizontal\" background_last_edited=\"on|phone\" background_position_tablet=\"bottom_left\" background_position_phone=\"bottom_left\"][et_pb_row column_structure=\"1_3,1_3,1_3\" _builder_version=\"4.4.5\" custom_margin=\"5px||||false|false\" custom_padding=\"0px||146px|||\"][et_pb_column type=\"1_3\" _builder_version=\"4.4.5\"][\/et_pb_column][et_pb_column type=\"1_3\" _builder_version=\"4.4.5\"][et_pb_image title_text=\"cetka-2\" _builder_version=\"4.4.7\" custom_margin=\"-60%|||72px|false|false\" custom_margin_tablet=\"|||212px|false|false\" custom_margin_phone=\"|||117px|false|false\" custom_margin_last_edited=\"on|desktop\" scroll_vertical_motion=\"0|51|51|100|4|0|-4\" scroll_scaling_enable=\"on\" motion_trigger_start=\"bottom\"][\/et_pb_image][\/et_pb_column][et_pb_column type=\"1_3\" _builder_version=\"4.4.5\"][\/et_pb_column][\/et_pb_row][\/et_pb_section][et_pb_section fb_built=\"1\" _builder_version=\"4.4.7\" background_color=\"#efefef\" min_height=\"298px\" custom_padding=\"||16px||false|false\"][et_pb_row column_structure=\"2_5,3_5\" _builder_version=\"4.4.5\" custom_padding=\"||12px|||\"][et_pb_column type=\"2_5\" _builder_version=\"4.4.5\"][et_pb_image src=\"http:\/\/irkom.rs\/wp-content\/uploads\/2020\/05\/Aqua-vodeni-lak-osnovni-2.png\" alt=\"Irkom AQUAlin vodeni lak osnovni\" title_text=\"Aqua-vodeni-lak-osnovni\" _builder_version=\"4.9.4\" custom_margin=\"-181px|||||\"][\/et_pb_image][\/et_pb_column][et_pb_column type=\"3_5\" _builder_version=\"4.4.5\"][et_pb_text _builder_version=\"4.9.4\" text_text_color=\"#000000\" header_font=\"|600||on|||||\" header_text_color=\"#000000\" header_2_text_color=\"#000000\"]<\/p><h1>Aqualin lak osnovni<\/h1><h2>OSNOVNI TRANSPARENTNI PREMAZ<\/h2><p><strong>Aqualin lak osnovni<\/strong> je transparentni osnovni premaz izra\u0111en na bazi specijalnih vodenih disperzija akrilnih smola i aditiva za popunjavanje i bru\u0161enje. Stvara izuzetnu podlogu za nano\u0161enje Aqualin (vodenog) laka zavr\u0161nog.<\/p><p>[\/et_pb_text][\/et_pb_column][\/et_pb_row][\/et_pb_section][et_pb_section fb_built=\"1\" next_background_color=\"#ffffff\" _builder_version=\"4.4.7\" background_enable_color=\"off\" background_image=\"http:\/\/irkom.rs\/wp-content\/uploads\/2020\/05\/AQUA-background-1.jpg\" parallax=\"on\" custom_margin=\"-20px||||false|false\" custom_padding=\"58px||22px|||\" top_divider_style=\"asymmetric2\" top_divider_color=\"#efefef\" top_divider_flip=\"horizontal\" top_divider_height_tablet=\"\" top_divider_height_phone=\"64px\" top_divider_height_last_edited=\"on|phone\" bottom_divider_style=\"slant2\" bottom_divider_height=\"108px\"][et_pb_row column_structure=\"1_2,1_2\" _builder_version=\"4.4.7\" custom_margin=\"-6px||69px||false|false\" custom_padding=\"46px|||||\"][et_pb_column type=\"1_2\" _builder_version=\"4.4.5\"][et_pb_text _builder_version=\"4.4.7\" text_text_color=\"#ffffff\" header_font=\"|600||on|||||\" header_text_color=\"#ffffff\" header_2_text_color=\"#ffffff\" min_height=\"150px\" custom_margin=\"12px||||false|false\"]<\/p><h1>Zdravstveno ispravan proizvod<\/h1><h1>BEZ MIRISA<\/h1><p>Proizvod je potpuno zdravstveno ispravan, proizveden na ekolo\u0161kim principima, bez neprijatnih mirisa prilikom farbanja i brzo se su\u0161i.<\/p><p>[\/et_pb_text][\/et_pb_column][et_pb_column type=\"1_2\" _builder_version=\"4.4.5\"][et_pb_image src=\"http:\/\/irkom.rs\/wp-content\/uploads\/2020\/11\/Aqua-lak-osnovni-piktogrami-9.png\" title_text=\"Aqua-lak-osnovni-piktogrami-9\" _builder_version=\"4.7.1\"][\/et_pb_image][\/et_pb_column][\/et_pb_row][\/et_pb_section][et_pb_section fb_built=\"1\" disabled_on=\"off|off|on\" _builder_version=\"4.4.7\" custom_margin=\"-78px||-28px||false|false\" custom_padding=\"0px||0px||false|false\"][et_pb_row disabled_on=\"off|off|on\" _builder_version=\"4.4.7\" custom_margin=\"83px||||false|false\"][et_pb_column type=\"4_4\" _builder_version=\"4.4.7\"][et_pb_text content_tablet=\"<\/p><h1>NA\u010cIN PRIMENE<\/h1><p>\" content_phone=\"<\/p><h1>NA\u010cIN PRIMENE<\/h1><p>\" content_last_edited=\"on|phone\" _builder_version=\"4.4.7\" text_text_color=\"#ffffff\" header_font=\"|600||on|||||\" header_text_color=\"#0c71c3\" header_2_text_color=\"#ffffff\" custom_margin=\"||7px|||\"][\/et_pb_text][et_pb_divider color=\"#0c71c3\" disabled_on=\"off|off|on\" _builder_version=\"4.4.7\" custom_margin=\"||-5px||false|false\"][\/et_pb_divider][et_pb_text content_tablet=\"<\/p><p>Lak je spreman za upotrebu, treba ga dobro prome\u0161ati (ne mu\u0107kati da bi se izbeglo stvaranje mehuri\u0107a). Mo\u017ee se nanositi \u010detkom ili \u0161pricanjem. Nanosi se razre\u0111en po potrebi od 5-15% u jednom ili dva sloja sa me\u0111ufaznim bru\u0161enjem. Brusi se nakon 2-3h brusnim papirom 200-220. Alat odmah nakon kori\u0161\u0107enja oprati vodom. Skladi\u0161tenje na temperaturi od +5 do 30 stepeni Celzijusa (ne sme da smrzne).<br \/>Pokrivnost: 40-70g\/m2<\/p><p>\" content_phone=\"<\/p><p>Lak je spreman za upotrebu, treba ga dobro prome\u0161ati (ne mu\u0107kati da bi se izbeglo stvaranje mehuri\u0107a). Mo\u017ee se nanositi \u010detkom ili \u0161pricanjem. Nanosi se razre\u0111en po potrebi od 5-15% u jednom ili dva sloja sa me\u0111ufaznim bru\u0161enjem. Brusi se nakon 2-3h brusnim papirom 200-220. Alat odmah nakon kori\u0161\u0107enja oprati vodom.<br \/>Skladi\u0161tenje na temperaturi od +5 do 30 stepeni Celzijusa (ne sme da smrzne).<br \/>Pokrivnost: 40-70g\/m2<\/p><p>\" content_last_edited=\"on|phone\" _builder_version=\"4.4.7\" text_text_color=\"#050f7f\" text_font_size=\"13px\" text_line_height=\"1.5em\" header_font=\"|600||on|||||\" header_text_color=\"#ffffff\" header_2_text_color=\"#ffffff\"][\/et_pb_text][\/et_pb_column][\/et_pb_row][\/et_pb_section][et_pb_section fb_built=\"1\" _builder_version=\"4.4.7\" background_enable_color=\"off\" background_image=\"http:\/\/irkom.rs\/wp-content\/uploads\/2020\/06\/Aqua-lak-osnovni-photography3.png\" background_position=\"top_center\" custom_margin=\"5px||||false|false\" custom_margin_tablet=\"-36px||||false|false\" custom_margin_phone=\"-81px|||-161px|false|false\" custom_margin_last_edited=\"on|phone\" custom_padding=\"0px||169px||false|false\" background_last_edited=\"on|desktop\" background_position_tablet=\"bottom_left\" background_position_phone=\"bottom_left\"][et_pb_row column_structure=\"2_5,3_5\" _builder_version=\"4.4.7\" custom_margin=\"-15px||||false|false\" custom_padding=\"||||false|false\"][et_pb_column type=\"2_5\" _builder_version=\"4.4.7\"][\/et_pb_column][et_pb_column type=\"3_5\" _builder_version=\"4.4.7\"][et_pb_text content_tablet=\"\" content_phone=\"\" content_last_edited=\"on|phone\" _builder_version=\"4.4.7\" text_text_color=\"#ffffff\" header_font=\"|600||on|||||\" header_text_color=\"#0c71c3\" header_2_text_color=\"#ffffff\" custom_margin=\"74px||7px||false|false\" custom_margin_tablet=\"\" custom_margin_phone=\"\" custom_margin_last_edited=\"on|tablet\"]<\/p><h1>NA\u010cIN PRIMENE<\/h1><p>[\/et_pb_text][et_pb_divider color=\"#0c71c3\" disabled_on=\"on|on|off\" _builder_version=\"4.4.7\" custom_margin=\"||-5px||false|false\"][\/et_pb_divider][et_pb_text content_tablet=\"\" content_phone=\"\" content_last_edited=\"on|tablet\" _builder_version=\"4.9.4\" text_text_color=\"#050f7f\" text_font_size=\"13px\" text_line_height=\"1.5em\" header_font=\"|600||on|||||\" header_text_color=\"#ffffff\" header_2_text_color=\"#ffffff\"]<\/p><p>Lak je spreman za upotrebu, treba ga dobro prome\u0161ati (ne mu\u0107kati da bi se izbeglo stvaranje mehuri\u0107a). Mo\u017ee se nanositi \u010detkom ili \u0161pricanjem. Nanosi se razre\u0111en po potrebi od 5-15% u jednom ili dva sloja sa me\u0111ufaznim bru\u0161enjem. Brusi se nakon 2-3h brusnim papirom 200-220. Alat odmah nakon kori\u0161\u0107enja oprati vodom.<br \/>Skladi\u0161tenje na temperaturi od +5 do 30 stepeni Celzijusa (ne sme da smrzne).<br \/>Pokrivnost: 40-70g\/m2<\/p><p>[\/et_pb_text][et_pb_image title_text=\"3u1-majstor\" _builder_version=\"4.4.7\"][\/et_pb_image][\/et_pb_column][\/et_pb_row][et_pb_row _builder_version=\"4.4.7\"][et_pb_column type=\"4_4\" _builder_version=\"4.4.7\"][et_pb_image title_text=\"zuzu nalepnica\" _builder_version=\"4.4.7\" custom_margin=\"-34px||-122px||false|false\"][\/et_pb_image][\/et_pb_column][\/et_pb_row][\/et_pb_section]<\/p>","_et_gb_content_width":"","footnotes":""},"class_list":["post-7195","page","type-page","status-publish","hentry"],"yoast_head":"<!-- This site is optimized with the Yoast SEO plugin v27.2 - https:\/\/yoast.com\/product\/yoast-seo-wordpress\/ -->\n<title>AQUALIN WATERBASED VARNISH PRIMER | Irkom<\/title>\n<meta name=\"robots\" content=\"index, follow, max-snippet:-1, max-image-preview:large, max-video-preview:-1\" \/>\n<link rel=\"canonical\" href=\"https:\/\/irkom.rs\/en\/aqualin-lak-osnovni\/\" \/>\n<meta property=\"og:locale\" content=\"en_US\" \/>\n<meta property=\"og:type\" content=\"article\" \/>\n<meta property=\"og:title\" content=\"AQUALIN WATERBASED VARNISH PRIMER | Irkom\" \/>\n<meta property=\"og:description\" content=\"WATERBASED VARNISH PRIMER Waterbased varnish primer is transparent coating based on acrylate resins water dispersion. It also contains binder additives and additives for sanding. It is perfect primer for Aqualin Watrebased Varnish Top Coat.ODORLESS, NON \u2013 TOXIC PRODUCTS This product is odorless, complitely non \u2013 toxic and eco friendly. It dries quickly.APPLIANCEIt is ready-for-use product. [&hellip;]\" \/>\n<meta property=\"og:url\" content=\"https:\/\/irkom.rs\/en\/aqualin-lak-osnovni\/\" \/>\n<meta property=\"og:site_name\" content=\"Irkom\" \/>\n<meta property=\"article:modified_time\" content=\"2022-07-18T11:36:26+00:00\" \/>\n<meta name=\"twitter:card\" content=\"summary_large_image\" \/>\n<meta name=\"twitter:label1\" content=\"Est. reading time\" \/>\n\t<meta name=\"twitter:data1\" content=\"6 minutes\" \/>\n<script type=\"application\/ld+json\" class=\"yoast-schema-graph\">{\"@context\":\"https:\/\/schema.org\",\"@graph\":[{\"@type\":\"WebPage\",\"@id\":\"https:\/\/irkom.rs\/en\/aqualin-lak-osnovni\/\",\"url\":\"https:\/\/irkom.rs\/en\/aqualin-lak-osnovni\/\",\"name\":\"AQUALIN WATERBASED VARNISH PRIMER | Irkom\",\"isPartOf\":{\"@id\":\"https:\/\/irkom.rs\/#website\"},\"datePublished\":\"2020-06-08T05:20:49+00:00\",\"dateModified\":\"2022-07-18T11:36:26+00:00\",\"breadcrumb\":{\"@id\":\"https:\/\/irkom.rs\/en\/aqualin-lak-osnovni\/#breadcrumb\"},\"inLanguage\":\"en-US\",\"potentialAction\":[{\"@type\":\"ReadAction\",\"target\":[\"https:\/\/irkom.rs\/en\/aqualin-lak-osnovni\/\"]}]},{\"@type\":\"BreadcrumbList\",\"@id\":\"https:\/\/irkom.rs\/en\/aqualin-lak-osnovni\/#breadcrumb\",\"itemListElement\":[{\"@type\":\"ListItem\",\"position\":1,\"name\":\"\u041f\u043e\u0447\u0435\u0442\u043d\u0430\",\"item\":\"https:\/\/irkom.rs\/en\/\"},{\"@type\":\"ListItem\",\"position\":2,\"name\":\"AQUALIN WATERBASED VARNISH PRIMER\"}]},{\"@type\":\"WebSite\",\"@id\":\"https:\/\/irkom.rs\/#website\",\"url\":\"https:\/\/irkom.rs\/\",\"name\":\"Irkom\",\"description\":\"Boje i lakovi\",\"potentialAction\":[{\"@type\":\"SearchAction\",\"target\":{\"@type\":\"EntryPoint\",\"urlTemplate\":\"https:\/\/irkom.rs\/?s={search_term_string}\"},\"query-input\":{\"@type\":\"PropertyValueSpecification\",\"valueRequired\":true,\"valueName\":\"search_term_string\"}}],\"inLanguage\":\"en-US\"}]}<\/script>\n<!-- \/ Yoast SEO plugin. -->","yoast_head_json":{"title":"AQUALIN WATERBASED VARNISH PRIMER | Irkom","robots":{"index":"index","follow":"follow","max-snippet":"max-snippet:-1","max-image-preview":"max-image-preview:large","max-video-preview":"max-video-preview:-1"},"canonical":"https:\/\/irkom.rs\/en\/aqualin-lak-osnovni\/","og_locale":"en_US","og_type":"article","og_title":"AQUALIN WATERBASED VARNISH PRIMER | Irkom","og_description":"WATERBASED VARNISH PRIMER Waterbased varnish primer is transparent coating based on acrylate resins water dispersion. It also contains binder additives and additives for sanding. It is perfect primer for Aqualin Watrebased Varnish Top Coat.ODORLESS, NON \u2013 TOXIC PRODUCTS This product is odorless, complitely non \u2013 toxic and eco friendly. It dries quickly.APPLIANCEIt is ready-for-use product. [&hellip;]","og_url":"https:\/\/irkom.rs\/en\/aqualin-lak-osnovni\/","og_site_name":"Irkom","article_modified_time":"2022-07-18T11:36:26+00:00","twitter_card":"summary_large_image","twitter_misc":{"Est. reading time":"6 minutes"},"schema":{"@context":"https:\/\/schema.org","@graph":[{"@type":"WebPage","@id":"https:\/\/irkom.rs\/en\/aqualin-lak-osnovni\/","url":"https:\/\/irkom.rs\/en\/aqualin-lak-osnovni\/","name":"AQUALIN WATERBASED VARNISH PRIMER | Irkom","isPartOf":{"@id":"https:\/\/irkom.rs\/#website"},"datePublished":"2020-06-08T05:20:49+00:00","dateModified":"2022-07-18T11:36:26+00:00","breadcrumb":{"@id":"https:\/\/irkom.rs\/en\/aqualin-lak-osnovni\/#breadcrumb"},"inLanguage":"en-US","potentialAction":[{"@type":"ReadAction","target":["https:\/\/irkom.rs\/en\/aqualin-lak-osnovni\/"]}]},{"@type":"BreadcrumbList","@id":"https:\/\/irkom.rs\/en\/aqualin-lak-osnovni\/#breadcrumb","itemListElement":[{"@type":"ListItem","position":1,"name":"\u041f\u043e\u0447\u0435\u0442\u043d\u0430","item":"https:\/\/irkom.rs\/en\/"},{"@type":"ListItem","position":2,"name":"AQUALIN WATERBASED VARNISH PRIMER"}]},{"@type":"WebSite","@id":"https:\/\/irkom.rs\/#website","url":"https:\/\/irkom.rs\/","name":"Irkom","description":"Boje i lakovi","potentialAction":[{"@type":"SearchAction","target":{"@type":"EntryPoint","urlTemplate":"https:\/\/irkom.rs\/?s={search_term_string}"},"query-input":{"@type":"PropertyValueSpecification","valueRequired":true,"valueName":"search_term_string"}}],"inLanguage":"en-US"}]}},"_links":{"self":[{"href":"https:\/\/irkom.rs\/en\/wp-json\/wp\/v2\/pages\/7195","targetHints":{"allow":["GET"]}}],"collection":[{"href":"https:\/\/irkom.rs\/en\/wp-json\/wp\/v2\/pages"}],"about":[{"href":"https:\/\/irkom.rs\/en\/wp-json\/wp\/v2\/types\/page"}],"author":[{"embeddable":true,"href":"https:\/\/irkom.rs\/en\/wp-json\/wp\/v2\/users\/1"}],"replies":[{"embeddable":true,"href":"https:\/\/irkom.rs\/en\/wp-json\/wp\/v2\/comments?post=7195"}],"version-history":[{"count":5,"href":"https:\/\/irkom.rs\/en\/wp-json\/wp\/v2\/pages\/7195\/revisions"}],"predecessor-version":[{"id":7312,"href":"https:\/\/irkom.rs\/en\/wp-json\/wp\/v2\/pages\/7195\/revisions\/7312"}],"wp:attachment":[{"href":"https:\/\/irkom.rs\/en\/wp-json\/wp\/v2\/media?parent=7195"}],"curies":[{"name":"wp","href":"https:\/\/api.w.org\/{rel}","templated":true}]}}